{"id":37673,"date":"2026-02-27T00:40:22","date_gmt":"2026-02-27T00:40:22","guid":{"rendered":"https:\/\/nordicmart.andreevmaster.com\/product\/feandrea-koiran-hakki-2-ovea-107-x-70-x-749-cm\/"},"modified":"2026-02-27T09:56:44","modified_gmt":"2026-02-27T09:56:44","slug":"feandrea-koiran-hakki-2-ovea-107-x-70-x-749-cm","status":"publish","type":"product","link":"https:\/\/nordicmart.andreevmaster.com\/fi\/tuote\/feandrea-koiran-hakki-2-ovea-107-x-70-x-749-cm\/","title":{"rendered":"Feandrea-koiran h\u00e4kki, 2 ovea, 107 x 70 x 74,9 cm"},"content":{"rendered":"<p>T\u00e4m\u00e4n FEANDREA-koiran h\u00e4kin t\u00e4rkeimm\u00e4t ominaisuudet yhdell\u00e4 silm\u00e4yksell\u00e4: &#8211; Kest\u00e4v\u00e4: Valmistettu vahvistetusta metallilangasta, kest\u00e4v\u00e4 ja ruostumaton. &#8211; Irrotettavat osat: Ovi ja yl\u00e4ritil\u00e4 ovat irrotettavat, mik\u00e4 helpottaa omistajan vuorovaikutusta lemmikkins\u00e4 kanssa. &#8211; Turvallinen: Kaksinkertainen ovi, jossa on 5 L-muotoista salpaa. &#8211; Helppo asentaa: Kirist\u00e4 8 mukana toimitettua ruuvia metallih\u00e4kin kokoamiseksi. &#8211; Puhdas: Koiran h\u00e4kiss\u00e4 on muovinen pohja, joka on helppo irrottaa ja puhdistaa. &#8211; Ilmava: Ritil\u00e4n rakenteen ansiosta t\u00e4m\u00e4 h\u00e4kki tarjoaa koirallesi ilmavan tilan, ja voit pit\u00e4\u00e4 koirasi aina silm\u00e4ll\u00e4. Tuotetiedot: &#8211; V\u00e4ri: musta &#8211; Materiaali: ter\u00e4s &#8211; Tuotteen koko: 107 x 70 x 74,9 cm (P x L x K) &#8211; Suuren oven koko: 47 x 67 cm (P x L) &#8211; Pienen oven koko: 43,3 x 28,4 cm (P x L) &#8211; Yl\u00e4ritil\u00e4n koko: 104 x 67 cm (P x L) &#8211; Paino: 18,8 kg Toimitussis\u00e4lt\u00f6: &#8211; 1 x koiranh\u00e4kki &#8211; 1 x muovialusta FEANDREA Huomautukset: &#8211; Vinkki oikean koiranh\u00e4kin valintaan: Anna koirasi seist\u00e4 pystyss\u00e4 ja mittaa sen pituus h\u00e4nn\u00e4n tyvest\u00e4 nen\u00e4\u00e4n; anna koiran istua pystyss\u00e4 ja mittaa sen korkeus p\u00e4\u00e4laelta lattiaan. Lis\u00e4\u00e4 sitten 10 cm mitattuun pituuteen ja korkeuteen, jotta voit valita koirallesi sopivat mitat. &#8211; Koirankuljetush\u00e4kin mitat voivat vaihdella 1\u20132 cm eri mittausmenetelmien vuoksi. &#8211; \u00c4l\u00e4 anna koiran menn\u00e4 h\u00e4kkiin kaulapannalla tai hihnalla.<\/p>\n","protected":false},"excerpt":{"rendered":"<p>Feandrea koiran h\u00e4kki, eritt\u00e4in kest\u00e4v\u00e4, ritil\u00e4laatikko, lemmikkiel\u00e4inten h\u00e4kki, 107 x 70 x 74,9 cm, suurille ja keskikokoisille koirille, turvallinen, 2 irrotettavaa ovea, helppo puhdistaa, pentujen ulkoilutusalue, XL, musta<\/p>\n","protected":false},"featured_media":45538,"comment_status":"open","ping_status":"closed","template":"","meta":[],"product_brand":[],"product_cat":[32],"product_tag":[],"class_list":{"0":"post-37673","1":"product","2":"type-product","3":"status-publish","4":"has-post-thumbnail","6":"product_cat-uncategorized-fi","8":"first","9":"instock","10":"shipping-taxable","11":"purchasable","12":"product-type-simple"},"_links":{"self":[{"href":"https:\/\/nordicmart.andreevmaster.com\/fi\/wp-json\/wp\/v2\/product\/37673","targetHints":{"allow":["GET"]}}],"collection":[{"href":"https:\/\/nordicmart.andreevmaster.com\/fi\/wp-json\/wp\/v2\/product"}],"about":[{"href":"https:\/\/nordicmart.andreevmaster.com\/fi\/wp-json\/wp\/v2\/types\/product"}],"replies":[{"embeddable":true,"href":"https:\/\/nordicmart.andreevmaster.com\/fi\/wp-json\/wp\/v2\/comments?post=37673"}],"wp:featuredmedia":[{"embeddable":true,"href":"https:\/\/nordicmart.andreevmaster.com\/fi\/wp-json\/wp\/v2\/media\/45538"}],"wp:attachment":[{"href":"https:\/\/nordicmart.andreevmaster.com\/fi\/wp-json\/wp\/v2\/media?parent=37673"}],"wp:term":[{"taxonomy":"product_brand","embeddable":true,"href":"https:\/\/nordicmart.andreevmaster.com\/fi\/wp-json\/wp\/v2\/product_brand?post=37673"},{"taxonomy":"product_cat","embeddable":true,"href":"https:\/\/nordicmart.andreevmaster.com\/fi\/wp-json\/wp\/v2\/product_cat?post=37673"},{"taxonomy":"product_tag","embeddable":true,"href":"https:\/\/nordicmart.andreevmaster.com\/fi\/wp-json\/wp\/v2\/product_tag?post=37673"}],"curies":[{"name":"wp","href":"https:\/\/api.w.org\/{rel}","templated":true}]}}