{"id":37671,"date":"2026-02-27T00:40:21","date_gmt":"2026-02-27T00:40:21","guid":{"rendered":"https:\/\/nordicmart.andreevmaster.com\/product\/feandrea-vedenpitava-koiranpeite-lemmikkielainten-peite-konepestava\/"},"modified":"2026-02-27T09:56:44","modified_gmt":"2026-02-27T09:56:44","slug":"feandrea-vedenpitava-koiranpeite-lemmikkielainten-peite-konepestava","status":"publish","type":"product","link":"https:\/\/nordicmart.andreevmaster.com\/fi\/tuote\/feandrea-vedenpitava-koiranpeite-lemmikkielainten-peite-konepestava\/","title":{"rendered":"Feandrea Vedenpit\u00e4v\u00e4 koiranpeite, lemmikkiel\u00e4inten peite, konepest\u00e4v\u00e4"},"content":{"rendered":"<p>Vedenpit\u00e4v\u00e4 koiranpeite, lemmikkiel\u00e4inten peite, konepest\u00e4v\u00e4, sohvan suojapeite, kaksipuolinen, harmaa<br \/>\n&#8211; V\u00e4ri: harmaa<br \/>\n&#8211; Materiaali: sherpa, TPU-kalvo, flanelli<br \/>\n&#8211; Koko: 127 x 101 cm (P x L)<br \/>\n&#8211; Paino: 0,6 kg<\/p>\n","protected":false},"excerpt":{"rendered":"<p>Vedenpit\u00e4v\u00e4 koiranpeite, lemmikkiel\u00e4inten peite, konepest\u00e4v\u00e4, sohvan suojapeite, kaksipuolinen, harmaa<\/p>\n","protected":false},"featured_media":45536,"comment_status":"open","ping_status":"closed","template":"","meta":[],"product_brand":[],"product_cat":[32],"product_tag":[],"class_list":{"0":"post-37671","1":"product","2":"type-product","3":"status-publish","4":"has-post-thumbnail","6":"product_cat-uncategorized-fi","8":"first","9":"instock","10":"shipping-taxable","11":"purchasable","12":"product-type-simple"},"_links":{"self":[{"href":"https:\/\/nordicmart.andreevmaster.com\/fi\/wp-json\/wp\/v2\/product\/37671","targetHints":{"allow":["GET"]}}],"collection":[{"href":"https:\/\/nordicmart.andreevmaster.com\/fi\/wp-json\/wp\/v2\/product"}],"about":[{"href":"https:\/\/nordicmart.andreevmaster.com\/fi\/wp-json\/wp\/v2\/types\/product"}],"replies":[{"embeddable":true,"href":"https:\/\/nordicmart.andreevmaster.com\/fi\/wp-json\/wp\/v2\/comments?post=37671"}],"wp:featuredmedia":[{"embeddable":true,"href":"https:\/\/nordicmart.andreevmaster.com\/fi\/wp-json\/wp\/v2\/media\/45536"}],"wp:attachment":[{"href":"https:\/\/nordicmart.andreevmaster.com\/fi\/wp-json\/wp\/v2\/media?parent=37671"}],"wp:term":[{"taxonomy":"product_brand","embeddable":true,"href":"https:\/\/nordicmart.andreevmaster.com\/fi\/wp-json\/wp\/v2\/product_brand?post=37671"},{"taxonomy":"product_cat","embeddable":true,"href":"https:\/\/nordicmart.andreevmaster.com\/fi\/wp-json\/wp\/v2\/product_cat?post=37671"},{"taxonomy":"product_tag","embeddable":true,"href":"https:\/\/nordicmart.andreevmaster.com\/fi\/wp-json\/wp\/v2\/product_tag?post=37671"}],"curies":[{"name":"wp","href":"https:\/\/api.w.org\/{rel}","templated":true}]}}