{"id":37668,"date":"2026-02-27T00:40:20","date_gmt":"2026-02-27T00:40:20","guid":{"rendered":"https:\/\/nordicmart.andreevmaster.com\/product\/feandrea-koiranpeite-suurille-ja-erittain-suurille-koirille\/"},"modified":"2026-02-27T09:56:43","modified_gmt":"2026-02-27T09:56:43","slug":"feandrea-koiranpeite-suurille-ja-erittain-suurille-koirille","status":"publish","type":"product","link":"https:\/\/nordicmart.andreevmaster.com\/fi\/tuote\/feandrea-koiranpeite-suurille-ja-erittain-suurille-koirille\/","title":{"rendered":"Feandrea koiranpeite suurille ja eritt\u00e4in suurille koirille"},"content":{"rendered":"<p>Feandrea vedenpit\u00e4v\u00e4 koiranpeite, Sherpa-fleece-peite pienille koirille ja kissoille, 73 x 63 cm, S, konepest\u00e4v\u00e4, kaksipuolinen sohvanpeite, harmaa PPB029G01<br \/>\nV\u00e4ri: beige<br \/>\nMateriaali: sherpa, TPU-kalvo, flanelli<br \/>\nKoko: 203 x 152 cm (P x L)<br \/>\nPaino: 1,5 kg<\/p>\n","protected":false},"excerpt":{"rendered":"<p>Feandrea vedenpit\u00e4v\u00e4 koiranpeite, Sherpa-fleece-peite pienille koirille ja kissoille, 73 x 63 cm, S, konepest\u00e4v\u00e4, kaksipuolinen sohvanpeite, harmaa PPB029G01<\/p>\n","protected":false},"featured_media":45533,"comment_status":"open","ping_status":"closed","template":"","meta":[],"product_brand":[],"product_cat":[32],"product_tag":[],"class_list":{"0":"post-37668","1":"product","2":"type-product","3":"status-publish","4":"has-post-thumbnail","6":"product_cat-uncategorized-fi","8":"first","9":"instock","10":"shipping-taxable","11":"purchasable","12":"product-type-simple"},"_links":{"self":[{"href":"https:\/\/nordicmart.andreevmaster.com\/fi\/wp-json\/wp\/v2\/product\/37668","targetHints":{"allow":["GET"]}}],"collection":[{"href":"https:\/\/nordicmart.andreevmaster.com\/fi\/wp-json\/wp\/v2\/product"}],"about":[{"href":"https:\/\/nordicmart.andreevmaster.com\/fi\/wp-json\/wp\/v2\/types\/product"}],"replies":[{"embeddable":true,"href":"https:\/\/nordicmart.andreevmaster.com\/fi\/wp-json\/wp\/v2\/comments?post=37668"}],"wp:featuredmedia":[{"embeddable":true,"href":"https:\/\/nordicmart.andreevmaster.com\/fi\/wp-json\/wp\/v2\/media\/45533"}],"wp:attachment":[{"href":"https:\/\/nordicmart.andreevmaster.com\/fi\/wp-json\/wp\/v2\/media?parent=37668"}],"wp:term":[{"taxonomy":"product_brand","embeddable":true,"href":"https:\/\/nordicmart.andreevmaster.com\/fi\/wp-json\/wp\/v2\/product_brand?post=37668"},{"taxonomy":"product_cat","embeddable":true,"href":"https:\/\/nordicmart.andreevmaster.com\/fi\/wp-json\/wp\/v2\/product_cat?post=37668"},{"taxonomy":"product_tag","embeddable":true,"href":"https:\/\/nordicmart.andreevmaster.com\/fi\/wp-json\/wp\/v2\/product_tag?post=37668"}],"curies":[{"name":"wp","href":"https:\/\/api.w.org\/{rel}","templated":true}]}}