{"id":37665,"date":"2026-02-27T00:40:19","date_gmt":"2026-02-27T00:40:19","guid":{"rendered":"https:\/\/nordicmart.andreevmaster.com\/product\/feandrea-koiranpeite-vedenpitava-152-x-127-cm\/"},"modified":"2026-02-27T09:56:42","modified_gmt":"2026-02-27T09:56:42","slug":"feandrea-koiranpeite-vedenpitava-152-x-127-cm","status":"publish","type":"product","link":"https:\/\/nordicmart.andreevmaster.com\/fi\/tuote\/feandrea-koiranpeite-vedenpitava-152-x-127-cm\/","title":{"rendered":"Feandrea koiranpeite, vedenpit\u00e4v\u00e4, 152 x 127 cm"},"content":{"rendered":"<p>Feandrea vedenpit\u00e4v\u00e4 koiranpeite, Sherpa-fleece-peite pienille koirille ja kissoille, 73 x 63 cm, S, konepest\u00e4v\u00e4, kaksipuolinen sohvanpeite, harmaa PPB029G01<br \/>\nV\u00e4ri: harmaa<br \/>\nMateriaali: Sherpa, TPU-kalvo, flanelli<br \/>\nKoko: 152 x 127 cm (P x L)<br \/>\nPaino: 0,9 kg<\/p>\n","protected":false},"excerpt":{"rendered":"<p>Feandrea vedenpit\u00e4v\u00e4 koiranpeite, Sherpa-fleece-peite pienille koirille ja kissoille, 73 x 63 cm, S, konepest\u00e4v\u00e4, kaksipuolinen sohvanpeite, harmaa PPB029G01<\/p>\n","protected":false},"featured_media":45530,"comment_status":"open","ping_status":"closed","template":"","meta":[],"product_brand":[],"product_cat":[32],"product_tag":[],"class_list":{"0":"post-37665","1":"product","2":"type-product","3":"status-publish","4":"has-post-thumbnail","6":"product_cat-uncategorized-fi","8":"first","9":"instock","10":"shipping-taxable","11":"purchasable","12":"product-type-simple"},"_links":{"self":[{"href":"https:\/\/nordicmart.andreevmaster.com\/fi\/wp-json\/wp\/v2\/product\/37665","targetHints":{"allow":["GET"]}}],"collection":[{"href":"https:\/\/nordicmart.andreevmaster.com\/fi\/wp-json\/wp\/v2\/product"}],"about":[{"href":"https:\/\/nordicmart.andreevmaster.com\/fi\/wp-json\/wp\/v2\/types\/product"}],"replies":[{"embeddable":true,"href":"https:\/\/nordicmart.andreevmaster.com\/fi\/wp-json\/wp\/v2\/comments?post=37665"}],"wp:featuredmedia":[{"embeddable":true,"href":"https:\/\/nordicmart.andreevmaster.com\/fi\/wp-json\/wp\/v2\/media\/45530"}],"wp:attachment":[{"href":"https:\/\/nordicmart.andreevmaster.com\/fi\/wp-json\/wp\/v2\/media?parent=37665"}],"wp:term":[{"taxonomy":"product_brand","embeddable":true,"href":"https:\/\/nordicmart.andreevmaster.com\/fi\/wp-json\/wp\/v2\/product_brand?post=37665"},{"taxonomy":"product_cat","embeddable":true,"href":"https:\/\/nordicmart.andreevmaster.com\/fi\/wp-json\/wp\/v2\/product_cat?post=37665"},{"taxonomy":"product_tag","embeddable":true,"href":"https:\/\/nordicmart.andreevmaster.com\/fi\/wp-json\/wp\/v2\/product_tag?post=37665"}],"curies":[{"name":"wp","href":"https:\/\/api.w.org\/{rel}","templated":true}]}}