{"id":37661,"date":"2026-02-27T00:40:18","date_gmt":"2026-02-27T00:40:18","guid":{"rendered":"https:\/\/nordicmart.andreevmaster.com\/product\/feandrea-koiranpeite-vedenpitava-101-x-73-cm\/"},"modified":"2026-02-27T09:56:41","modified_gmt":"2026-02-27T09:56:41","slug":"feandrea-koiranpeite-vedenpitava-101-x-73-cm","status":"publish","type":"product","link":"https:\/\/nordicmart.andreevmaster.com\/fi\/tuote\/feandrea-koiranpeite-vedenpitava-101-x-73-cm\/","title":{"rendered":"Feandrea koiranpeite, vedenpit\u00e4v\u00e4 101 x 73 cm"},"content":{"rendered":"<p>Feandrea vedenpit\u00e4v\u00e4 koiranpeite, Sherpa-fleece-peite pienille koirille ja kissoille, 73 x 63 cm, S, konepest\u00e4v\u00e4, kaksipuolinen sohvanpeite, harmaa PPB029G01<br \/>\n&#8211; V\u00e4ri: harmaa<br \/>\n&#8211; Materiaali: sherpa, TPU-kalvo, flanelli<br \/>\n&#8211; Koko: 101 x 73 cm (P x L)<br \/>\n&#8211; Paino: 0,4 kg<\/p>\n","protected":false},"excerpt":{"rendered":"<p>Feandrea vedenpit\u00e4v\u00e4 koiranpeite, Sherpa-fleece-peite pienille koirille ja kissoille, 73 x 63 cm, S, konepest\u00e4v\u00e4, kaksipuolinen sohvanpeite, harmaa PPB029G01<\/p>\n","protected":false},"featured_media":45526,"comment_status":"open","ping_status":"closed","template":"","meta":[],"product_brand":[],"product_cat":[32],"product_tag":[],"class_list":{"0":"post-37661","1":"product","2":"type-product","3":"status-publish","4":"has-post-thumbnail","6":"product_cat-uncategorized-fi","8":"first","9":"instock","10":"shipping-taxable","11":"purchasable","12":"product-type-simple"},"_links":{"self":[{"href":"https:\/\/nordicmart.andreevmaster.com\/fi\/wp-json\/wp\/v2\/product\/37661","targetHints":{"allow":["GET"]}}],"collection":[{"href":"https:\/\/nordicmart.andreevmaster.com\/fi\/wp-json\/wp\/v2\/product"}],"about":[{"href":"https:\/\/nordicmart.andreevmaster.com\/fi\/wp-json\/wp\/v2\/types\/product"}],"replies":[{"embeddable":true,"href":"https:\/\/nordicmart.andreevmaster.com\/fi\/wp-json\/wp\/v2\/comments?post=37661"}],"wp:featuredmedia":[{"embeddable":true,"href":"https:\/\/nordicmart.andreevmaster.com\/fi\/wp-json\/wp\/v2\/media\/45526"}],"wp:attachment":[{"href":"https:\/\/nordicmart.andreevmaster.com\/fi\/wp-json\/wp\/v2\/media?parent=37661"}],"wp:term":[{"taxonomy":"product_brand","embeddable":true,"href":"https:\/\/nordicmart.andreevmaster.com\/fi\/wp-json\/wp\/v2\/product_brand?post=37661"},{"taxonomy":"product_cat","embeddable":true,"href":"https:\/\/nordicmart.andreevmaster.com\/fi\/wp-json\/wp\/v2\/product_cat?post=37661"},{"taxonomy":"product_tag","embeddable":true,"href":"https:\/\/nordicmart.andreevmaster.com\/fi\/wp-json\/wp\/v2\/product_tag?post=37661"}],"curies":[{"name":"wp","href":"https:\/\/api.w.org\/{rel}","templated":true}]}}