{"id":37654,"date":"2026-02-27T00:40:16","date_gmt":"2026-02-27T00:40:16","guid":{"rendered":"https:\/\/nordicmart.andreevmaster.com\/product\/feandrea-koiranpeitto-m-75-x-50-cm-konepestava-vaaleanharmaa\/"},"modified":"2026-02-27T09:56:40","modified_gmt":"2026-02-27T09:56:40","slug":"feandrea-koiranpeitto-m-75-x-50-cm-konepestava-vaaleanharmaa","status":"publish","type":"product","link":"https:\/\/nordicmart.andreevmaster.com\/fi\/tuote\/feandrea-koiranpeitto-m-75-x-50-cm-konepestava-vaaleanharmaa\/","title":{"rendered":"Feandrea koiranpeitto M 75 x 50 cm konepest\u00e4v\u00e4 vaaleanharmaa"},"content":{"rendered":"<p>Feandrea koiranpeite, lemmikkiel\u00e4inten peite, koirille, kissoille, 60 x 45 cm, S, konepest\u00e4v\u00e4, kuivausrummussa kuivattava, luistamaton, kyyhkynharmaa PPB001G01<br \/>\nV\u00e4ri: vaaleanharmaa<br \/>\nMateriaali: sherpa-kangas, alumiinifolio, luistamaton kangas<br \/>\nKoko: 75 x 50 cm (P x L)<br \/>\nPaino: 0,4 kg<\/p>\n","protected":false},"excerpt":{"rendered":"<p>Feandrea koiranpeite, lemmikkiel\u00e4inten peite, koirille, kissoille, 60 x 45 cm, S, konepest\u00e4v\u00e4, kuivausrummussa kuivattava, luistamaton, kyyhkynharmaa PPB001G01<\/p>\n","protected":false},"featured_media":45519,"comment_status":"open","ping_status":"closed","template":"","meta":[],"product_brand":[],"product_cat":[32],"product_tag":[],"class_list":{"0":"post-37654","1":"product","2":"type-product","3":"status-publish","4":"has-post-thumbnail","6":"product_cat-uncategorized-fi","8":"first","9":"instock","10":"shipping-taxable","11":"purchasable","12":"product-type-simple"},"_links":{"self":[{"href":"https:\/\/nordicmart.andreevmaster.com\/fi\/wp-json\/wp\/v2\/product\/37654","targetHints":{"allow":["GET"]}}],"collection":[{"href":"https:\/\/nordicmart.andreevmaster.com\/fi\/wp-json\/wp\/v2\/product"}],"about":[{"href":"https:\/\/nordicmart.andreevmaster.com\/fi\/wp-json\/wp\/v2\/types\/product"}],"replies":[{"embeddable":true,"href":"https:\/\/nordicmart.andreevmaster.com\/fi\/wp-json\/wp\/v2\/comments?post=37654"}],"wp:featuredmedia":[{"embeddable":true,"href":"https:\/\/nordicmart.andreevmaster.com\/fi\/wp-json\/wp\/v2\/media\/45519"}],"wp:attachment":[{"href":"https:\/\/nordicmart.andreevmaster.com\/fi\/wp-json\/wp\/v2\/media?parent=37654"}],"wp:term":[{"taxonomy":"product_brand","embeddable":true,"href":"https:\/\/nordicmart.andreevmaster.com\/fi\/wp-json\/wp\/v2\/product_brand?post=37654"},{"taxonomy":"product_cat","embeddable":true,"href":"https:\/\/nordicmart.andreevmaster.com\/fi\/wp-json\/wp\/v2\/product_cat?post=37654"},{"taxonomy":"product_tag","embeddable":true,"href":"https:\/\/nordicmart.andreevmaster.com\/fi\/wp-json\/wp\/v2\/product_tag?post=37654"}],"curies":[{"name":"wp","href":"https:\/\/api.w.org\/{rel}","templated":true}]}}