{"id":37651,"date":"2026-02-27T00:40:16","date_gmt":"2026-02-27T00:40:16","guid":{"rendered":"https:\/\/nordicmart.andreevmaster.com\/product\/feandrea-koiranpeitto-3-kpl-l-pestava-liuskekivi\/"},"modified":"2026-02-27T09:56:39","modified_gmt":"2026-02-27T09:56:39","slug":"feandrea-koiranpeitto-3-kpl-l-pestava-liuskekivi","status":"publish","type":"product","link":"https:\/\/nordicmart.andreevmaster.com\/fi\/tuote\/feandrea-koiranpeitto-3-kpl-l-pestava-liuskekivi\/","title":{"rendered":"Feandrea koiranpeitto 3 kpl L, pest\u00e4v\u00e4, liuskekivi"},"content":{"rendered":"<p>Feandrea kissanpeitto, 3 kpl:n sarja, pest\u00e4v\u00e4 lemmikkiel\u00e4inten peitto, XS, 60 x 40 cm, kissanpennuille ja kissanpoikasille, flanelli, suojapeitto sohvalle, liuskekivi harmaa PPB011G01<br \/>\nV\u00e4ri: liuskekivi<br \/>\nMateriaali: flanelli<br \/>\nKoko: 127 x 102 cm (P x L)<br \/>\nPaino: 1,2 kg<\/p>\n","protected":false},"excerpt":{"rendered":"<p>Feandrea kissanpeitto, 3 kpl:n sarja, pest\u00e4v\u00e4 lemmikkiel\u00e4inten peitto, XS, 60 x 40 cm, kissanpennuille ja kissanpoikasille, flanelli, suojapeitto sohvalle, liuskekivi harmaa PPB011G01<\/p>\n","protected":false},"featured_media":45516,"comment_status":"open","ping_status":"closed","template":"","meta":[],"product_brand":[],"product_cat":[32],"product_tag":[],"class_list":{"0":"post-37651","1":"product","2":"type-product","3":"status-publish","4":"has-post-thumbnail","6":"product_cat-uncategorized-fi","8":"first","9":"instock","10":"shipping-taxable","11":"purchasable","12":"product-type-simple"},"_links":{"self":[{"href":"https:\/\/nordicmart.andreevmaster.com\/fi\/wp-json\/wp\/v2\/product\/37651","targetHints":{"allow":["GET"]}}],"collection":[{"href":"https:\/\/nordicmart.andreevmaster.com\/fi\/wp-json\/wp\/v2\/product"}],"about":[{"href":"https:\/\/nordicmart.andreevmaster.com\/fi\/wp-json\/wp\/v2\/types\/product"}],"replies":[{"embeddable":true,"href":"https:\/\/nordicmart.andreevmaster.com\/fi\/wp-json\/wp\/v2\/comments?post=37651"}],"wp:featuredmedia":[{"embeddable":true,"href":"https:\/\/nordicmart.andreevmaster.com\/fi\/wp-json\/wp\/v2\/media\/45516"}],"wp:attachment":[{"href":"https:\/\/nordicmart.andreevmaster.com\/fi\/wp-json\/wp\/v2\/media?parent=37651"}],"wp:term":[{"taxonomy":"product_brand","embeddable":true,"href":"https:\/\/nordicmart.andreevmaster.com\/fi\/wp-json\/wp\/v2\/product_brand?post=37651"},{"taxonomy":"product_cat","embeddable":true,"href":"https:\/\/nordicmart.andreevmaster.com\/fi\/wp-json\/wp\/v2\/product_cat?post=37651"},{"taxonomy":"product_tag","embeddable":true,"href":"https:\/\/nordicmart.andreevmaster.com\/fi\/wp-json\/wp\/v2\/product_tag?post=37651"}],"curies":[{"name":"wp","href":"https:\/\/api.w.org\/{rel}","templated":true}]}}