{"id":37645,"date":"2026-02-27T00:40:14","date_gmt":"2026-02-27T00:40:14","guid":{"rendered":"https:\/\/nordicmart.andreevmaster.com\/product\/feandrea-koiranpeitto-127-x-102-cm-kaksipuolinen-sherpa-kangasta\/"},"modified":"2026-02-27T09:56:38","modified_gmt":"2026-02-27T09:56:38","slug":"feandrea-koiranpeitto-127-x-102-cm-kaksipuolinen-sherpa-kangasta","status":"publish","type":"product","link":"https:\/\/nordicmart.andreevmaster.com\/fi\/tuote\/feandrea-koiranpeitto-127-x-102-cm-kaksipuolinen-sherpa-kangasta\/","title":{"rendered":"Feandrea koiranpeitto 127 x 102 cm, kaksipuolinen, sherpa-kangasta"},"content":{"rendered":"<p>Feandrea koiranpeite, vedenpit\u00e4v\u00e4 peite, pitk\u00e4 muhkea, pienikokoisille koirille, kissoille, sherpa-kangas, kaksipuolinen, koiran sohvan suojapeite<br \/>\nV\u00e4ri: ombr\u00e9-harmaa<br \/>\nMateriaali: PV-plush, sherpa-kangas, TPU-kalvo<br \/>\nKoko: 127 x 102 cm (P x L)<br \/>\nPaino: 0,7 kg<\/p>\n","protected":false},"excerpt":{"rendered":"<p>Feandrea koiranpeite, vedenpit\u00e4v\u00e4 peite, pitk\u00e4 muhkea, pienikokoisille koirille, kissoille, sherpa-kangas, kaksipuolinen, koiran sohvan suojapeite<\/p>\n","protected":false},"featured_media":45510,"comment_status":"open","ping_status":"closed","template":"","meta":[],"product_brand":[],"product_cat":[32],"product_tag":[],"class_list":{"0":"post-37645","1":"product","2":"type-product","3":"status-publish","4":"has-post-thumbnail","6":"product_cat-uncategorized-fi","8":"first","9":"instock","10":"shipping-taxable","11":"purchasable","12":"product-type-simple"},"_links":{"self":[{"href":"https:\/\/nordicmart.andreevmaster.com\/fi\/wp-json\/wp\/v2\/product\/37645","targetHints":{"allow":["GET"]}}],"collection":[{"href":"https:\/\/nordicmart.andreevmaster.com\/fi\/wp-json\/wp\/v2\/product"}],"about":[{"href":"https:\/\/nordicmart.andreevmaster.com\/fi\/wp-json\/wp\/v2\/types\/product"}],"replies":[{"embeddable":true,"href":"https:\/\/nordicmart.andreevmaster.com\/fi\/wp-json\/wp\/v2\/comments?post=37645"}],"wp:featuredmedia":[{"embeddable":true,"href":"https:\/\/nordicmart.andreevmaster.com\/fi\/wp-json\/wp\/v2\/media\/45510"}],"wp:attachment":[{"href":"https:\/\/nordicmart.andreevmaster.com\/fi\/wp-json\/wp\/v2\/media?parent=37645"}],"wp:term":[{"taxonomy":"product_brand","embeddable":true,"href":"https:\/\/nordicmart.andreevmaster.com\/fi\/wp-json\/wp\/v2\/product_brand?post=37645"},{"taxonomy":"product_cat","embeddable":true,"href":"https:\/\/nordicmart.andreevmaster.com\/fi\/wp-json\/wp\/v2\/product_cat?post=37645"},{"taxonomy":"product_tag","embeddable":true,"href":"https:\/\/nordicmart.andreevmaster.com\/fi\/wp-json\/wp\/v2\/product_tag?post=37645"}],"curies":[{"name":"wp","href":"https:\/\/api.w.org\/{rel}","templated":true}]}}