{"id":37642,"date":"2026-02-27T00:40:13","date_gmt":"2026-02-27T00:40:13","guid":{"rendered":"https:\/\/nordicmart.andreevmaster.com\/product\/feandrea-koiranpeite-90-x-65-cm-konepestava-koko-m\/"},"modified":"2026-02-27T09:56:37","modified_gmt":"2026-02-27T09:56:37","slug":"feandrea-koiranpeite-90-x-65-cm-konepestava-koko-m","status":"publish","type":"product","link":"https:\/\/nordicmart.andreevmaster.com\/fi\/tuote\/feandrea-koiranpeite-90-x-65-cm-konepestava-koko-m\/","title":{"rendered":"Feandrea koiranpeite 90 x 65 cm konepest\u00e4v\u00e4 koko M"},"content":{"rendered":"<p>Feandrea koiranpeite, lemmikkiel\u00e4inten peite, koirille, kissoille, 60 x 45 cm, S, konepest\u00e4v\u00e4, kuivausrummussa kuivattava, luistamaton, kyyhkynharmaa PPB001G01<br \/>\nV\u00e4ri: kyyhkynharmaa<br \/>\nMateriaali: sherpa-kangas, alumiinifolio, luistamaton kangas<br \/>\nKoko: 90 x 65 cm (P x L)<br \/>\nPaino: 0,6 kg<\/p>\n","protected":false},"excerpt":{"rendered":"<p>Feandrea koiranpeite, lemmikkiel\u00e4inten peite, koirille, kissoille, 60 x 45 cm, S, konepest\u00e4v\u00e4, kuivausrummussa kuivattava, luistamaton, kyyhkynharmaa PPB001G01<\/p>\n","protected":false},"featured_media":45507,"comment_status":"open","ping_status":"closed","template":"","meta":[],"product_brand":[],"product_cat":[32],"product_tag":[],"class_list":{"0":"post-37642","1":"product","2":"type-product","3":"status-publish","4":"has-post-thumbnail","6":"product_cat-uncategorized-fi","8":"first","9":"instock","10":"shipping-taxable","11":"purchasable","12":"product-type-simple"},"_links":{"self":[{"href":"https:\/\/nordicmart.andreevmaster.com\/fi\/wp-json\/wp\/v2\/product\/37642","targetHints":{"allow":["GET"]}}],"collection":[{"href":"https:\/\/nordicmart.andreevmaster.com\/fi\/wp-json\/wp\/v2\/product"}],"about":[{"href":"https:\/\/nordicmart.andreevmaster.com\/fi\/wp-json\/wp\/v2\/types\/product"}],"replies":[{"embeddable":true,"href":"https:\/\/nordicmart.andreevmaster.com\/fi\/wp-json\/wp\/v2\/comments?post=37642"}],"wp:featuredmedia":[{"embeddable":true,"href":"https:\/\/nordicmart.andreevmaster.com\/fi\/wp-json\/wp\/v2\/media\/45507"}],"wp:attachment":[{"href":"https:\/\/nordicmart.andreevmaster.com\/fi\/wp-json\/wp\/v2\/media?parent=37642"}],"wp:term":[{"taxonomy":"product_brand","embeddable":true,"href":"https:\/\/nordicmart.andreevmaster.com\/fi\/wp-json\/wp\/v2\/product_brand?post=37642"},{"taxonomy":"product_cat","embeddable":true,"href":"https:\/\/nordicmart.andreevmaster.com\/fi\/wp-json\/wp\/v2\/product_cat?post=37642"},{"taxonomy":"product_tag","embeddable":true,"href":"https:\/\/nordicmart.andreevmaster.com\/fi\/wp-json\/wp\/v2\/product_tag?post=37642"}],"curies":[{"name":"wp","href":"https:\/\/api.w.org\/{rel}","templated":true}]}}