{"id":37635,"date":"2026-02-27T00:40:11","date_gmt":"2026-02-27T00:40:11","guid":{"rendered":"https:\/\/nordicmart.andreevmaster.com\/product\/pinette-kirjahylly\/"},"modified":"2026-02-27T09:56:36","modified_gmt":"2026-02-27T09:56:36","slug":"pinette-kirjahylly","status":"publish","type":"product","link":"https:\/\/nordicmart.andreevmaster.com\/fi\/tuote\/pinette-kirjahylly\/","title":{"rendered":"Pinette-kirjahylly"},"content":{"rendered":"<p>Moderni hyllykk\u00f6, jossa on avoin rakenne, on varustettu laatikolla ja kahdella kuutiomaisella s\u00e4ilytysastialla, jotka voidaan j\u00e4rjest\u00e4\u00e4 hyllylle tarpeen mukaan. Hyllyjen v\u00e4lit ovat suuret, joten niille mahtuu korkeita kirjoja tai isoja leluja. Niit\u00e4 voidaan my\u00f6s muuttaa, koska kahden hyllyn korkeutta voidaan s\u00e4\u00e4t\u00e4\u00e4.<\/p>\n<p>**T\u00e4rkeimm\u00e4t edut:**<br \/>\n&#8211; hyllyt on suojattu putoamiselta<br \/>\n&#8211; kaksi korkeuss\u00e4\u00e4dett\u00e4v\u00e4\u00e4 hylly\u00e4, kaksi kiinte\u00e4\u00e4 hylly\u00e4<br \/>\n&#8211; voidaan kiinnitt\u00e4\u00e4 sein\u00e4\u00e4n \u2013 suositeltavaa<br \/>\n&#8211; yksi laatikko, kaksi s\u00e4ilytyslaatikkoa<br \/>\n&#8211; t\u00e4ytt\u00e4\u00e4 eurooppalaiset standardit ja turvallisuusnormit<\/p>\n<p>**Mitat (cm):**<br \/>\nkorkeus: 190,3<br \/>\nsyvyys: 44<br \/>\nleveys: 100<\/p>\n<p>**Huonekalujen muotoilu ja viimeistely:**<br \/>\n&#8211; huonekalut on valmistettu korkealaatuisesta laminoidusta levyst\u00e4, joka kest\u00e4\u00e4 vaurioita ja kosteutta ja on helppo pit\u00e4\u00e4 puhtaana<br \/>\n&#8211; puurakenteet on valmistettu liimatusta m\u00e4ntypuusta, jossa voi olla luonnollisille raaka-aineille tyypillisi\u00e4 ep\u00e4tasaisuuksia, kuten oksankohdat, mikrohalkeamia, ep\u00e4tasaisia v\u00e4rej\u00e4 jne. Puu on lakattu lapsille turvallisella kirkkaalla maalilla.<br \/>\n&#8211; laatikko avautuu &#8221;push to open&#8221; -j\u00e4rjestelm\u00e4ll\u00e4<\/p>\n<p>V\u00e4rit:<br \/>\n&#8211; lumivalkoinen, neutraali harmaa, vaalea m\u00e4nty, kaikki mattapintaiset<\/p>\n<p>K\u00e4ytt\u00f6ohje:<br \/>\nHuonekalut on pyyhitt\u00e4v\u00e4 pehme\u00e4ll\u00e4, vedell\u00e4 tai huonekalupuhdistusaineella kostutetulla puuvillakankaalla.Lis\u00e4tietoja: Huonekalut toimitetaan laatikoissa itse koottaviksi. Laatikoissa on yksityiskohtainen asennusohje ja tarvikkeet (ruuvit jne.).<\/p>\n","protected":false},"excerpt":{"rendered":"<p>Moderni hyllykk\u00f6, jossa on avoin rakenne, on varustettu laatikolla ja kahdella kuutiomaisella s\u00e4ilytysastialla, jotka voidaan j\u00e4rjest\u00e4\u00e4 hyllylle tarpeen mukaan. Hyllyjen v\u00e4lit ovat suuret, joten niille mahtuu korkeita kirjoja tai isoja leluja. Niit\u00e4 voidaan my\u00f6s muuttaa, koska kahden hyllyn korkeutta voidaan s\u00e4\u00e4t\u00e4\u00e4. **T\u00e4rkeimm\u00e4t edut:** &#8211; hyllyt on suojattu putoamiselta &#8211; kaksi korkeuss\u00e4\u00e4dett\u00e4v\u00e4\u00e4 hylly\u00e4, kaksi kiinte\u00e4\u00e4 hylly\u00e4 [&hellip;]<\/p>\n","protected":false},"featured_media":0,"comment_status":"open","ping_status":"closed","template":"","meta":[],"product_brand":[],"product_cat":[32],"product_tag":[],"class_list":{"0":"post-37635","1":"product","2":"type-product","3":"status-publish","5":"product_cat-uncategorized-fi","7":"first","8":"instock","9":"shipping-taxable","10":"purchasable","11":"product-type-simple"},"_links":{"self":[{"href":"https:\/\/nordicmart.andreevmaster.com\/fi\/wp-json\/wp\/v2\/product\/37635","targetHints":{"allow":["GET"]}}],"collection":[{"href":"https:\/\/nordicmart.andreevmaster.com\/fi\/wp-json\/wp\/v2\/product"}],"about":[{"href":"https:\/\/nordicmart.andreevmaster.com\/fi\/wp-json\/wp\/v2\/types\/product"}],"replies":[{"embeddable":true,"href":"https:\/\/nordicmart.andreevmaster.com\/fi\/wp-json\/wp\/v2\/comments?post=37635"}],"wp:attachment":[{"href":"https:\/\/nordicmart.andreevmaster.com\/fi\/wp-json\/wp\/v2\/media?parent=37635"}],"wp:term":[{"taxonomy":"product_brand","embeddable":true,"href":"https:\/\/nordicmart.andreevmaster.com\/fi\/wp-json\/wp\/v2\/product_brand?post=37635"},{"taxonomy":"product_cat","embeddable":true,"href":"https:\/\/nordicmart.andreevmaster.com\/fi\/wp-json\/wp\/v2\/product_cat?post=37635"},{"taxonomy":"product_tag","embeddable":true,"href":"https:\/\/nordicmart.andreevmaster.com\/fi\/wp-json\/wp\/v2\/product_tag?post=37635"}],"curies":[{"name":"wp","href":"https:\/\/api.w.org\/{rel}","templated":true}]}}