{"id":37634,"date":"2026-02-27T00:40:11","date_gmt":"2026-02-27T00:40:11","guid":{"rendered":"https:\/\/nordicmart.andreevmaster.com\/product\/pinette-vauvansanky-juniorisanky-70x140\/"},"modified":"2026-02-27T09:56:36","modified_gmt":"2026-02-27T09:56:36","slug":"pinette-vauvansanky-juniorisanky-70x140","status":"publish","type":"product","link":"https:\/\/nordicmart.andreevmaster.com\/fi\/tuote\/pinette-vauvansanky-juniorisanky-70x140\/","title":{"rendered":"Pinette-vauvans\u00e4nky\/junioris\u00e4nky 70&#215;140"},"content":{"rendered":"<p>Jokaisen lastenhuoneen keskipisteen\u00e4 on pinnas\u00e4nky, joka ei ole vain paikka nukkua ja lev\u00e4t\u00e4, vaan my\u00f6s leikki\u00e4.K\u00e4yt\u00e4nn\u00f6llisten ratkaisujen ansiosta Pinette-s\u00e4nky on turvallinen ja tukee lapsen kehityst\u00e4. Talon muotoinen puurakenne on ajaton ja luonnollinen elementti. Siihen voi ripustaa mobiileja, lamppuja tai muita lapsen kehityst\u00e4 tukevia elementtej\u00e4, hy\u00f6nteisilt\u00e4 suojaavan hyttysverkon tai katoksen, joka luo kodikkaan nukkumapaikan.Yhden poikkipalkin ansiosta, joka yhdist\u00e4\u00e4 s\u00e4ngyn p\u00e4\u00e4t, s\u00e4nky\u00e4 on turvallista k\u00e4ytt\u00e4\u00e4 sek\u00e4 vanhemmille p\u00e4ivitt\u00e4isiss\u00e4 hoitotoimenpiteiss\u00e4 ett\u00e4 vauvoille, jotka testaavat voimiaan, ja aktiivisille taaperoille. Patjakehys voidaan asettaa kolmeen eri korkeuteen. Korkein taso on tarkoitettu vauvoille, keskitaso istuville ja ry\u00f6miville lapsille ja alin taso kiipeileville taaperoille. Alin asento tarjoaa sopivan korkeuden lattiasta, jotta vauvat p\u00e4\u00e4sev\u00e4t vapaasti s\u00e4nkyyn ja s\u00e4ngyst\u00e4, mik\u00e4 on erityisen t\u00e4rke\u00e4\u00e4 heid\u00e4n itsen\u00e4isyytens\u00e4 ja itsen\u00e4istymisens\u00e4 kannalta. Tilava laatikko erilaisille tarvikkeille ja aarteille voidaan vet\u00e4\u00e4 ulos jokaisen pikkulapsen toimesta (ei pelkoa lattian naarmuuntumisesta \uf04a). Vanhemmat lapset voivat k\u00e4ytt\u00e4\u00e4 s\u00e4nky\u00e4 hieman pidemp\u00e4\u00e4n, sill\u00e4 se voidaan vet\u00e4\u00e4 ulos 160 cm:n pituiseksi. Puutalolla varustettu s\u00e4nky tarjoaa lukuisia j\u00e4rjestelymahdollisuuksia, jotka eiv\u00e4t liity pelk\u00e4st\u00e4\u00e4n hauskanpitoon. Se voi olla hyv\u00e4n keijun maja, merirosvolaiva, nallekarhujen taistelussa loukkaantuneiden sairaala tai vain hyv\u00e4 piilopaikka, joka on jokaisen lapsen unelma.<br \/>\n**T\u00e4rkeimm\u00e4t edut:**<br \/>\n&#8211; t\u00e4ytt\u00e4\u00e4 eurooppalaiset standardit ja turvallisuusnormit<br \/>\n&#8211; **kaksi irrotettavaa tankoa** yhdess\u00e4 kehyksist\u00e4, jotka mahdollistavat s\u00e4nkyyn nousemisen ja sielt\u00e4 poistumisen<br \/>\n&#8211; **kolme patjan kehyksen korkeusasentoa**, jotka voidaan s\u00e4\u00e4t\u00e4\u00e4 lapsen kehitystasoon sopiviksi (55,6\/42,8\/25,2 cm lattiasta)<br \/>\n&#8211; **muunnettavissa sohvaksi** purkamalla toinen runkoista<br \/>\n&#8211; **muunnettavissa divaaniksi** purkamalla kaksi runkoa sek\u00e4 p\u00e4\u00e4tyjen yl\u00e4osat<br \/>\n&#8211; **s\u00e4nky voidaan vet\u00e4\u00e4 160 cm:n pituiseksi** ja k\u00e4ytt\u00e4\u00e4 pidemp\u00e4\u00e4n, noin 10-vuotiaaksi asti<br \/>\n&#8211; tilava laatikko, jossa on kumirenkaat, turvallinen lattialle<br \/>\n&#8211; s\u00e4ngyn putoamissuoja saatavana lis\u00e4varusteena (valinnainen)<\/p>\n<p>**Mitat (cm):**<br \/>\npituus: 144 \u2013 163,6<br \/>\nleveys: 79,5<br \/>\np\u00e4\u00e4tyjen ja jalkop\u00e4\u00e4n korkeus: 86,5<br \/>\ntalon korkeus: 176<\/p>\n<p>**Lis\u00e4tietoja:**<br \/>\n&#8211; s\u00e4nkyyn sopiva patja: 140 cm x 70 cm<br \/>\n&#8211; divaaniin sopiva patja: 70 cm x 160 cm<br \/>\n&#8211; k\u00e4ytt\u00f6ik\u00e4: noin 10-vuotiaaksi asti.<\/p>\n<p>**Huonekalujen muotoilu ja viimeistely:**<br \/>\n&#8211; s\u00e4ngyn p\u00e4\u00e4ty ja jalkop\u00e4\u00e4, laatikko ja divaanin lauta on valmistettu korkealaatuisesta laminoidusta levyst\u00e4, joka kest\u00e4\u00e4 vaurioita ja kosteutta ja on helppo pit\u00e4\u00e4 puhtaana<br \/>\n&#8211; puurakenteet on valmistettu liimatusta m\u00e4ntypuusta, jossa voi olla luonnollisille raaka-aineille tyypillisi\u00e4 ep\u00e4tasaisuuksia, kuten oksankohdat, mikrohalkeamia, ep\u00e4s\u00e4\u00e4nn\u00f6llisi\u00e4 v\u00e4rej\u00e4 jne. Puu on lakattu lapsille turvallisella kirkkaalla lakalla. &#8211; laatikot ja vaatekaapin ovet avautuvat &#8221;push to open&#8221; -j\u00e4rjestelm\u00e4ll\u00e4<br \/>\n&#8211; s\u00e4ngyn laatikko on varustettu kumirenkailla (turvallinen lattialle)<br \/>\n&#8211; huonekalut voidaan kiinnitt\u00e4\u00e4 sein\u00e4\u00e4n \u2013 suositeltavaa<br \/>\n&#8211; tikkaat on valmistettu py\u00f6kkipuusta, lakattu lapsille turvallisella valkoisella maalilla, sertifioitu standardin EN71\/3 mukaisesti<br \/>\n&#8211; patjakehys on valmistettu py\u00f6kkivanerista <\/p>\n<p>**V\u00e4rit:**<br \/>\n&#8211; lumivalkoinen, neutraali harmaa, vaalea m\u00e4nty, kaikki mattapintaiset<br \/>\nK\u00e4ytt\u00f6ohje:<br \/>\nHuonekalut on pyyhitt\u00e4v\u00e4 pehme\u00e4ll\u00e4, vedell\u00e4 tai huonekalupuhdistusaineella kostutetulla puuvillakankaalla.<br \/>\nLis\u00e4tietoja:<br \/>\nHuonekalut toimitetaan laatikoissa itse koottaviksi. Laatikoissa on yksityiskohtainen kokoamisohje ja tarvittavat tarvikkeet (ruuvit jne.).<\/p>\n","protected":false},"excerpt":{"rendered":"<p>Jokaisen lastenhuoneen keskipisteen\u00e4 on pinnas\u00e4nky, joka ei ole vain paikka nukkua ja lev\u00e4t\u00e4, vaan my\u00f6s leikki\u00e4.K\u00e4yt\u00e4nn\u00f6llisten ratkaisujen ansiosta Pinette-s\u00e4nky on turvallinen ja tukee lapsen kehityst\u00e4. Talon muotoinen puurakenne on ajaton ja luonnollinen elementti. Siihen voi ripustaa mobiileja, lamppuja tai muita lapsen kehityst\u00e4 tukevia elementtej\u00e4, hy\u00f6nteisilt\u00e4 suojaavan hyttysverkon tai katoksen, joka luo kodikkaan nukkumapaikan.Yhden poikkipalkin ansiosta, [&hellip;]<\/p>\n","protected":false},"featured_media":0,"comment_status":"open","ping_status":"closed","template":"","meta":[],"product_brand":[],"product_cat":[32],"product_tag":[],"class_list":{"0":"post-37634","1":"product","2":"type-product","3":"status-publish","5":"product_cat-uncategorized-fi","7":"first","8":"instock","9":"shipping-taxable","10":"purchasable","11":"product-type-simple"},"_links":{"self":[{"href":"https:\/\/nordicmart.andreevmaster.com\/fi\/wp-json\/wp\/v2\/product\/37634","targetHints":{"allow":["GET"]}}],"collection":[{"href":"https:\/\/nordicmart.andreevmaster.com\/fi\/wp-json\/wp\/v2\/product"}],"about":[{"href":"https:\/\/nordicmart.andreevmaster.com\/fi\/wp-json\/wp\/v2\/types\/product"}],"replies":[{"embeddable":true,"href":"https:\/\/nordicmart.andreevmaster.com\/fi\/wp-json\/wp\/v2\/comments?post=37634"}],"wp:attachment":[{"href":"https:\/\/nordicmart.andreevmaster.com\/fi\/wp-json\/wp\/v2\/media?parent=37634"}],"wp:term":[{"taxonomy":"product_brand","embeddable":true,"href":"https:\/\/nordicmart.andreevmaster.com\/fi\/wp-json\/wp\/v2\/product_brand?post=37634"},{"taxonomy":"product_cat","embeddable":true,"href":"https:\/\/nordicmart.andreevmaster.com\/fi\/wp-json\/wp\/v2\/product_cat?post=37634"},{"taxonomy":"product_tag","embeddable":true,"href":"https:\/\/nordicmart.andreevmaster.com\/fi\/wp-json\/wp\/v2\/product_tag?post=37634"}],"curies":[{"name":"wp","href":"https:\/\/api.w.org\/{rel}","templated":true}]}}