{"id":37633,"date":"2026-02-27T00:40:10","date_gmt":"2026-02-27T00:40:10","guid":{"rendered":"https:\/\/nordicmart.andreevmaster.com\/product\/pinette-sanky-90x200\/"},"modified":"2026-02-27T09:56:35","modified_gmt":"2026-02-27T09:56:35","slug":"pinette-sanky-90x200","status":"publish","type":"product","link":"https:\/\/nordicmart.andreevmaster.com\/fi\/tuote\/pinette-sanky-90x200\/","title":{"rendered":"Pinette-s\u00e4nky 90&#215;200"},"content":{"rendered":"<p>Kasvava lapsi tarkoittaa kasvavia tarpeita. N\u00e4m\u00e4 tarpeet mieless\u00e4 pit\u00e4en olemme suunnitelleet suuren Pinette-s\u00e4ngyn. Se sopii erinomaisesti vanhemmalle lapselle tai teini-ik\u00e4iselle, koska sen mitat ovat standardimitat (200 cm x 90 cm), joten oikean patjan tai vuodevaatteiden valitseminen ei ole ongelma. S\u00e4ngyss\u00e4 on ulosvedett\u00e4v\u00e4 laatikko, joka sopii erinomaisesti vuodevaatteiden s\u00e4ilytykseen. Laatikkoon voi my\u00f6s laittaa patjan, jolloin se toimii lis\u00e4vuoteena \u2013 t\u00e4m\u00e4 on loistava ratkaisu sisaruksille tai y\u00f6pymisvieraille. Laatikko on helppo vet\u00e4\u00e4 ulos, jopa lapsille. Laatikko on saatavana kahdessa v\u00e4riss\u00e4: lumivalkoinen ja neutraali harmaa.<br \/>\nT\u00e4rkeimm\u00e4t edut:<br \/>\n&#8211; valmistettu eurooppalaisten turvallisuusstandardien mukaisesti,<br \/>\n&#8211; skandinaavinen muotoilu,<br \/>\n&#8211; laatikko, jossa on vahvistettu pohja, jota voi k\u00e4ytt\u00e4\u00e4 s\u00e4ilytystilana tai lis\u00e4vuoteena (valinnainen)<br \/>\n&#8211; laatikko on varustettu py\u00f6rill\u00e4, jotka on viimeistelty kumilistalla, joka on turvallinen lattialle,<br \/>\n&#8211; s\u00e4nkyyn voi asentaa suojakaiteen (valinnainen).<\/p>\n<p>S\u00e4ngyn mitat (cm):<br \/>\npituus: 208<br \/>\nleveys: 98<br \/>\nkorkeus: 72<\/p>\n<p>Laatikon mitat (cm):<br \/>\npituus: 198<br \/>\nleveys: 92<br \/>\nkorkeus: 20<\/p>\n<p>Lis\u00e4tietoja:<br \/>\n&#8211; yl\u00e4vuode sopii patjalle: 90 cm x 200 cm, korkeus: min. 12 cm<br \/>\n&#8211; laatikkoon voidaan asentaa patja: 90 x 185. 8 cm:n paksuisella patjalla laatikko patjalla ja vuodevaatteilla voidaan helposti ty\u00f6nt\u00e4\u00e4 s\u00e4ngyn alle<br \/>\n&#8211; s\u00e4ngyn enimm\u00e4iskuormitus 120 kg<br \/>\n&#8211; laatikon enimm\u00e4iskuormitus 100 kg<br \/>\n&#8211; tarkoitettu noin 5\u20136-vuotiaille lapsille<\/p>\n<p>Huonekalujen muotoilu ja viimeistely:<br \/>\n&#8211; huonekalut on valmistettu korkealaatuisesta laminoidusta levyst\u00e4, joka kest\u00e4\u00e4 vaurioita ja kosteutta ja on helppo pit\u00e4\u00e4 puhtaana,<br \/>\n&#8211; puurakenteet on valmistettu paksusta liimatusta m\u00e4ntypuusta, jossa voi olla luonnollisille raaka-aineille tyypillisi\u00e4 ep\u00e4tasaisuuksia, kuten oksankohdat, mikrohalkeamia, ep\u00e4tasaisia v\u00e4rej\u00e4 jne. Puu on lakattu lapsille turvallisella kirkkaalla lakalla,<br \/>\n&#8211; patjakehys on valmistettu py\u00f6kkivanerista.<br \/>\nV\u00e4rit:<br \/>\n&#8211; lumivalkoinen, neutraali harmaa, vaalea m\u00e4nty, kaikki mattapintaiset.<br \/>\nK\u00e4ytt\u00f6ohje:<br \/>\nHuonekalut on pyyhitt\u00e4v\u00e4 pehme\u00e4ll\u00e4, vedell\u00e4 tai huonekalupuhdistusaineella kostutetulla puuvillakankaalla.<br \/>\nLis\u00e4tietoja:<br \/>\nHuonekalut toimitetaan laatikoissa itse koottavina. Laatikoissa on yksityiskohtainen asennusohje sek\u00e4 tarvikkeet (ruuvit jne.)<\/p>\n","protected":false},"excerpt":{"rendered":"<p>Kasvava lapsi tarkoittaa kasvavia tarpeita. N\u00e4m\u00e4 tarpeet mieless\u00e4 pit\u00e4en olemme suunnitelleet suuren Pinette-s\u00e4ngyn. Se sopii erinomaisesti vanhemmalle lapselle tai teini-ik\u00e4iselle, koska sen mitat ovat standardimitat (200 cm x 90 cm), joten oikean patjan tai vuodevaatteiden valitseminen ei ole ongelma. S\u00e4ngyss\u00e4 on ulosvedett\u00e4v\u00e4 laatikko, joka sopii erinomaisesti vuodevaatteiden s\u00e4ilytykseen. Laatikkoon voi my\u00f6s laittaa patjan, jolloin se [&hellip;]<\/p>\n","protected":false},"featured_media":0,"comment_status":"open","ping_status":"closed","template":"","meta":[],"product_brand":[],"product_cat":[32],"product_tag":[],"class_list":{"0":"post-37633","1":"product","2":"type-product","3":"status-publish","5":"product_cat-uncategorized-fi","7":"first","8":"instock","9":"shipping-taxable","10":"purchasable","11":"product-type-simple"},"_links":{"self":[{"href":"https:\/\/nordicmart.andreevmaster.com\/fi\/wp-json\/wp\/v2\/product\/37633","targetHints":{"allow":["GET"]}}],"collection":[{"href":"https:\/\/nordicmart.andreevmaster.com\/fi\/wp-json\/wp\/v2\/product"}],"about":[{"href":"https:\/\/nordicmart.andreevmaster.com\/fi\/wp-json\/wp\/v2\/types\/product"}],"replies":[{"embeddable":true,"href":"https:\/\/nordicmart.andreevmaster.com\/fi\/wp-json\/wp\/v2\/comments?post=37633"}],"wp:attachment":[{"href":"https:\/\/nordicmart.andreevmaster.com\/fi\/wp-json\/wp\/v2\/media?parent=37633"}],"wp:term":[{"taxonomy":"product_brand","embeddable":true,"href":"https:\/\/nordicmart.andreevmaster.com\/fi\/wp-json\/wp\/v2\/product_brand?post=37633"},{"taxonomy":"product_cat","embeddable":true,"href":"https:\/\/nordicmart.andreevmaster.com\/fi\/wp-json\/wp\/v2\/product_cat?post=37633"},{"taxonomy":"product_tag","embeddable":true,"href":"https:\/\/nordicmart.andreevmaster.com\/fi\/wp-json\/wp\/v2\/product_tag?post=37633"}],"curies":[{"name":"wp","href":"https:\/\/api.w.org\/{rel}","templated":true}]}}