{"id":37632,"date":"2026-02-27T00:40:10","date_gmt":"2026-02-27T00:40:10","guid":{"rendered":"https:\/\/nordicmart.andreevmaster.com\/product\/feandrea-pehmea-koiranpeti-donitsityyny-pestava\/"},"modified":"2026-02-27T09:56:35","modified_gmt":"2026-02-27T09:56:35","slug":"feandrea-pehmea-koiranpeti-donitsityyny-pestava","status":"publish","type":"product","link":"https:\/\/nordicmart.andreevmaster.com\/fi\/tuote\/feandrea-pehmea-koiranpeti-donitsityyny-pestava\/","title":{"rendered":"Feandrea Pehme\u00e4 koiranpeti, donitsityyny, pest\u00e4v\u00e4"},"content":{"rendered":"<p>Tuotetiedot: &#8211; V\u00e4ri: tummanharmaa &#8211; Materiaali: pehmolelu, PP-t\u00e4yte &#8211; Koko: 80 x 20 cm (\u00d8 x K) &#8211; Paino: 1,6 kg Toimitus sis\u00e4lt\u00e4\u00e4: &#8211; 1 x koiranpeti FEANDREA Huomautukset: &#8211; Ommelluissa tuotteissa voi olla 2-3 cm:n kokoero. Mittaa lemmikkisi varmistaaksesi, ett\u00e4 t\u00e4m\u00e4 kissanpeti sopii sen kokoon. &#8211; Koiran sohva toimitetaan tyhji\u00f6pakkauksessa. Voit ravistaa ja p\u00f6yhi\u00e4 sit\u00e4, jotta se on heti k\u00e4ytt\u00f6valmis, mutta se muuttuu viel\u00e4 pehme\u00e4mm\u00e4ksi, jos annat sen seist\u00e4 48 tuntia, kunnes se saavuttaa t\u00e4yden koon.- Ravista kissan tyyny puhdistuksen j\u00e4lkeen, jotta se palautuu alkuper\u00e4iseen muotoonsa. &#8211; Pid\u00e4 koiran tyyny poissa l\u00e4mm\u00f6nl\u00e4hteist\u00e4, joiden l\u00e4mp\u00f6tila on 40 \u2103 tai enemm\u00e4n, kuten pattereista. Jos k\u00e4yt\u00e4t lattial\u00e4mmityst\u00e4, aseta koiran kori matolle.<\/p>\n","protected":false},"excerpt":{"rendered":"<p>Pehme\u00e4 koiranpeti, donitsityyny, pest\u00e4v\u00e4, pitk\u00e4 muhkeaa kangasta, irrotettava pehmuste keskell\u00e4, tummanharmaa<\/p>\n","protected":false},"featured_media":45505,"comment_status":"open","ping_status":"closed","template":"","meta":[],"product_brand":[],"product_cat":[32],"product_tag":[],"class_list":{"0":"post-37632","1":"product","2":"type-product","3":"status-publish","4":"has-post-thumbnail","6":"product_cat-uncategorized-fi","8":"first","9":"instock","10":"shipping-taxable","11":"purchasable","12":"product-type-simple"},"_links":{"self":[{"href":"https:\/\/nordicmart.andreevmaster.com\/fi\/wp-json\/wp\/v2\/product\/37632","targetHints":{"allow":["GET"]}}],"collection":[{"href":"https:\/\/nordicmart.andreevmaster.com\/fi\/wp-json\/wp\/v2\/product"}],"about":[{"href":"https:\/\/nordicmart.andreevmaster.com\/fi\/wp-json\/wp\/v2\/types\/product"}],"replies":[{"embeddable":true,"href":"https:\/\/nordicmart.andreevmaster.com\/fi\/wp-json\/wp\/v2\/comments?post=37632"}],"wp:featuredmedia":[{"embeddable":true,"href":"https:\/\/nordicmart.andreevmaster.com\/fi\/wp-json\/wp\/v2\/media\/45505"}],"wp:attachment":[{"href":"https:\/\/nordicmart.andreevmaster.com\/fi\/wp-json\/wp\/v2\/media?parent=37632"}],"wp:term":[{"taxonomy":"product_brand","embeddable":true,"href":"https:\/\/nordicmart.andreevmaster.com\/fi\/wp-json\/wp\/v2\/product_brand?post=37632"},{"taxonomy":"product_cat","embeddable":true,"href":"https:\/\/nordicmart.andreevmaster.com\/fi\/wp-json\/wp\/v2\/product_cat?post=37632"},{"taxonomy":"product_tag","embeddable":true,"href":"https:\/\/nordicmart.andreevmaster.com\/fi\/wp-json\/wp\/v2\/product_tag?post=37632"}],"curies":[{"name":"wp","href":"https:\/\/api.w.org\/{rel}","templated":true}]}}