{"id":37631,"date":"2026-02-27T00:40:10","date_gmt":"2026-02-27T00:40:10","guid":{"rendered":"https:\/\/nordicmart.andreevmaster.com\/product\/feandrea-pehmea-koiranpeti-kissanpeti-donitsityyny\/"},"modified":"2026-02-27T09:56:35","modified_gmt":"2026-02-27T09:56:35","slug":"feandrea-pehmea-koiranpeti-kissanpeti-donitsityyny","status":"publish","type":"product","link":"https:\/\/nordicmart.andreevmaster.com\/fi\/tuote\/feandrea-pehmea-koiranpeti-kissanpeti-donitsityyny\/","title":{"rendered":"Feandrea pehme\u00e4 koiranpeti, kissanpeti, donitsityyny"},"content":{"rendered":"<p>Aina vierell\u00e4si: Miss\u00e4 lemmikkisi mieluiten nukkuvat, olohuoneessa vai makuuhuoneessa? Vai haluavatko ne vain rentoutua vierell\u00e4si? Aseta t\u00e4m\u00e4 uusi, k\u00e4ytt\u00e4m\u00e4tt\u00f6mill\u00e4 muistivaahtomuovihiukkasilla t\u00e4ytetty koiran tyyny ty\u00f6p\u00f6yd\u00e4n viereen, jotta lemmikkisi voi mukavasti loikoilla vierell\u00e4si, kun ty\u00f6skentelet. Laatu vai tyyli? T\u00e4m\u00e4 s\u00f6p\u00f6, donitsin muotoinen koiranpeti ei tee kompromisseja laadussa. Korkealaatuinen pehmuste, uudet, k\u00e4ytt\u00e4m\u00e4tt\u00f6m\u00e4t muistivaahtomuovipalat, PP-pehmuste, luistamaton pohja, mukava ja kest\u00e4v\u00e4 \u2013 t\u00e4ll\u00e4 koiranpetill\u00e4 on monia etuja. Sen pohjassa on vetoketju, joten voit helposti poistaa tyynyn pehmusteen keskelt\u00e4 ja puhdistaa loput osat. T\u00e4m\u00e4 s\u00e4nky sopii pienille ja keskikokoisille koirille tai kissoille ja on loistava lahja lemmikillesi.Tuotetiedot: V\u00e4ri: khaki Materiaali: pehmolelu, PP-pehmuste, uudet, k\u00e4ytt\u00e4m\u00e4tt\u00f6m\u00e4t muistivaahtomuovihiukkaset Koko: 60 x 20 cm (\u00d8 x H) Paino: 1 kg Toimitus sis\u00e4lt\u00e4\u00e4: 1 x koiran s\u00e4nky FEANDREA Huomautukset: Ommellut tuotteet voivat poiketa 2\u20133 cm ilmoittamistamme mitoista. Varmista ennen ostamista, ett\u00e4 tuotteen koko sopii lemmikillesi. T\u00e4m\u00e4 tuote toimitetaan tyhji\u00f6pakkauksessa. Ravista sit\u00e4 avaamisen j\u00e4lkeen, jotta se saavuttaa t\u00e4yden koon.Suosittelemme pesem\u00e4\u00e4n t\u00e4m\u00e4n tuotteen k\u00e4sin tai k\u00e4ytt\u00e4m\u00e4\u00e4n imuria ja kosteaa liinaa puhdistukseen. Ravista tuotetta puhdistuksen j\u00e4lkeen, jotta se palautuu alkuper\u00e4iseen tilaansa. \u00c4l\u00e4 k\u00e4yt\u00e4 t\u00e4t\u00e4 tuotetta yli 40 \u00baC:n l\u00e4mp\u00f6tilassa. Jos lattiassa on l\u00e4mmitys, k\u00e4yt\u00e4 lis\u00e4ksi alustaa.<\/p>\n","protected":false},"excerpt":{"rendered":"<p>Pehme\u00e4 koiranpeti, kissanpeti, donitsityyny, pest\u00e4v\u00e4, irrotettava pehmuste keskell\u00e4, pitk\u00e4 muhkeaa kangasta, halkaisija 60 cm, ombr\u00e9-khaki<\/p>\n","protected":false},"featured_media":45504,"comment_status":"open","ping_status":"closed","template":"","meta":[],"product_brand":[],"product_cat":[32],"product_tag":[],"class_list":{"0":"post-37631","1":"product","2":"type-product","3":"status-publish","4":"has-post-thumbnail","6":"product_cat-uncategorized-fi","8":"first","9":"instock","10":"shipping-taxable","11":"purchasable","12":"product-type-simple"},"_links":{"self":[{"href":"https:\/\/nordicmart.andreevmaster.com\/fi\/wp-json\/wp\/v2\/product\/37631","targetHints":{"allow":["GET"]}}],"collection":[{"href":"https:\/\/nordicmart.andreevmaster.com\/fi\/wp-json\/wp\/v2\/product"}],"about":[{"href":"https:\/\/nordicmart.andreevmaster.com\/fi\/wp-json\/wp\/v2\/types\/product"}],"replies":[{"embeddable":true,"href":"https:\/\/nordicmart.andreevmaster.com\/fi\/wp-json\/wp\/v2\/comments?post=37631"}],"wp:featuredmedia":[{"embeddable":true,"href":"https:\/\/nordicmart.andreevmaster.com\/fi\/wp-json\/wp\/v2\/media\/45504"}],"wp:attachment":[{"href":"https:\/\/nordicmart.andreevmaster.com\/fi\/wp-json\/wp\/v2\/media?parent=37631"}],"wp:term":[{"taxonomy":"product_brand","embeddable":true,"href":"https:\/\/nordicmart.andreevmaster.com\/fi\/wp-json\/wp\/v2\/product_brand?post=37631"},{"taxonomy":"product_cat","embeddable":true,"href":"https:\/\/nordicmart.andreevmaster.com\/fi\/wp-json\/wp\/v2\/product_cat?post=37631"},{"taxonomy":"product_tag","embeddable":true,"href":"https:\/\/nordicmart.andreevmaster.com\/fi\/wp-json\/wp\/v2\/product_tag?post=37631"}],"curies":[{"name":"wp","href":"https:\/\/api.w.org\/{rel}","templated":true}]}}