{"id":37627,"date":"2026-02-27T00:40:09","date_gmt":"2026-02-27T00:40:09","guid":{"rendered":"https:\/\/nordicmart.andreevmaster.com\/product\/feandrea-b07x9lxwtw-ortopedinen-koiran-tyyny-100-x-70-x-10-cm\/"},"modified":"2026-02-27T09:56:34","modified_gmt":"2026-02-27T09:56:34","slug":"feandrea-b07x9lxwtw-ortopedinen-koiran-tyyny-100-x-70-x-10-cm","status":"publish","type":"product","link":"https:\/\/nordicmart.andreevmaster.com\/fi\/tuote\/feandrea-b07x9lxwtw-ortopedinen-koiran-tyyny-100-x-70-x-10-cm\/","title":{"rendered":"Feandrea B07X9LXWTW    Ortopedinen koiran tyyny 100 x 70 x 10 cm"},"content":{"rendered":"<p>Hush, hush, koriin! T\u00e4m\u00e4 yksinkertainen, suorakulmainen koiranpeti tarjoaa nelijalkaisellesi kodikkaan paikan, jossa se voi lev\u00e4t\u00e4 ja nukkua. 100 x 70 cm:n kokoinen makuutila sopii erityisesti keskikokoisille koiraroduille, kuten chow chowille, australianpaimenkoirille tai beagleille. J\u00e4\u00e4 mieleen Koiranpetiss\u00e4 on muutama pieni herkku: koiran sohvan p\u00e4\u00e4llinen on irrotettava, joten voit pest\u00e4 sen helposti pesukoneessa \u2013 likaiset koiran tassut eiv\u00e4t siis ole ongelma! Lis\u00e4ksi makuualustan ylin kerros on muistivaahtomuovia, joka mukautuu koirasi kehoon ja s\u00e4\u00e4st\u00e4\u00e4 siten nivelet ja selk\u00e4rangan. Tuotetiedot: &#8211; V\u00e4ri: ruskea &#8211; Materiaali: keinolinja, pehmolelu, muistivaahto (5 cm), vaahto (5 cm) &#8211; Koko: 100 x 70 x 10 cm (P x L x K) &#8211; Paino: 2,7 kg Toimitus sis\u00e4lt\u00e4\u00e4: &#8211; 1 x koiran makuualusta FEANDREA Huomautukset:- \u00c4l\u00e4 altista tuotetta suoralle auringonvalolle tai aseta sit\u00e4 kosteaan ymp\u00e4rist\u00f6\u00f6n. &#8211; Koiranpeti ei ole purulelu nelijalkaisille yst\u00e4villesi; est\u00e4 koiraasi puremasta peti\u00e4. &#8211; Koiranpetimme on taitettu pakkausmieless\u00e4. Siksi se voi palautua normaaliin muotoonsa vasta 2\u20133 p\u00e4iv\u00e4n kuluttua. Saumojen vuoksi t\u00e4m\u00e4n tyyppiset tuotteet voivat poiketa ilmoittamistamme mitoista enint\u00e4\u00e4n 3 cm. &#8211; \u00c4l\u00e4 k\u00e4yt\u00e4 t\u00e4t\u00e4 tuotetta yli 40 \u00baC:n l\u00e4mp\u00f6tilassa. Jos lattiassa on l\u00e4mmitys, k\u00e4yt\u00e4 lis\u00e4ksi alustaa.<\/p>\n","protected":false},"excerpt":{"rendered":"<p>Feandrea koiranpeti, ortopedinen koiran tyyny, pest\u00e4v\u00e4, 100 x 70 cm PGW62CC<\/p>\n","protected":false},"featured_media":45500,"comment_status":"open","ping_status":"closed","template":"","meta":[],"product_brand":[],"product_cat":[32],"product_tag":[],"class_list":{"0":"post-37627","1":"product","2":"type-product","3":"status-publish","4":"has-post-thumbnail","6":"product_cat-uncategorized-fi","8":"first","9":"instock","10":"shipping-taxable","11":"purchasable","12":"product-type-simple"},"_links":{"self":[{"href":"https:\/\/nordicmart.andreevmaster.com\/fi\/wp-json\/wp\/v2\/product\/37627","targetHints":{"allow":["GET"]}}],"collection":[{"href":"https:\/\/nordicmart.andreevmaster.com\/fi\/wp-json\/wp\/v2\/product"}],"about":[{"href":"https:\/\/nordicmart.andreevmaster.com\/fi\/wp-json\/wp\/v2\/types\/product"}],"replies":[{"embeddable":true,"href":"https:\/\/nordicmart.andreevmaster.com\/fi\/wp-json\/wp\/v2\/comments?post=37627"}],"wp:featuredmedia":[{"embeddable":true,"href":"https:\/\/nordicmart.andreevmaster.com\/fi\/wp-json\/wp\/v2\/media\/45500"}],"wp:attachment":[{"href":"https:\/\/nordicmart.andreevmaster.com\/fi\/wp-json\/wp\/v2\/media?parent=37627"}],"wp:term":[{"taxonomy":"product_brand","embeddable":true,"href":"https:\/\/nordicmart.andreevmaster.com\/fi\/wp-json\/wp\/v2\/product_brand?post=37627"},{"taxonomy":"product_cat","embeddable":true,"href":"https:\/\/nordicmart.andreevmaster.com\/fi\/wp-json\/wp\/v2\/product_cat?post=37627"},{"taxonomy":"product_tag","embeddable":true,"href":"https:\/\/nordicmart.andreevmaster.com\/fi\/wp-json\/wp\/v2\/product_tag?post=37627"}],"curies":[{"name":"wp","href":"https:\/\/api.w.org\/{rel}","templated":true}]}}