{"id":37624,"date":"2026-02-27T00:40:08","date_gmt":"2026-02-27T00:40:08","guid":{"rendered":"https:\/\/nordicmart.andreevmaster.com\/product\/feandrea-koiranpeti-ruskea\/"},"modified":"2026-02-27T09:56:34","modified_gmt":"2026-02-27T09:56:34","slug":"feandrea-koiranpeti-ruskea","status":"publish","type":"product","link":"https:\/\/nordicmart.andreevmaster.com\/fi\/tuote\/feandrea-koiranpeti-ruskea\/","title":{"rendered":"Feandrea koiranpeti, ruskea"},"content":{"rendered":"<p>Hush, hush, koriin! T\u00e4m\u00e4 py\u00f6re\u00e4 koiranpeti tarjoaa nelijalkaisellesi kodikkaan paikan, jossa se voi lev\u00e4t\u00e4 ja nukkua. \u00d8 55 cm:n kokoinen kori sopii erityisesti pienille koiraroduille, kuten chihuahua, maltankoira tai k\u00e4\u00e4pi\u00f6pinseri. Mutta my\u00f6s kissat, kuten snowshoe, eurooppalainen lyhytkarvainen tai australian mist, viihtyv\u00e4t t\u00e4ll\u00e4 makuualustalla. Onko koirasi mukana kaikkialla? Seuraako nelijalkainen yst\u00e4v\u00e4si sinua kaikkialle? Hemmottele uskollista yst\u00e4v\u00e4\u00e4si my\u00f6s matkoilla, toimistossa tai yst\u00e4vien luona t\u00e4ll\u00e4 pehme\u00e4ll\u00e4 koiranpetill\u00e4. Se on erityisen kevyt, kompakti ja tarvittaessa my\u00f6s taitettava ja s\u00e4ilytett\u00e4v\u00e4 laukussa. N\u00e4in lemmikkisi nauttii korkeimmasta mukavuudesta kaikkialla eik\u00e4 sen tarvitse aina totutella vieraaseen nukkumapaikkaan. Tuotetiedot: &#8211; V\u00e4ri: ruskea &#8211; Materiaali: keinolinja, pehmolelu, PP-t\u00e4yte (polypropeeni), pehmuste uusista, k\u00e4ytt\u00e4m\u00e4tt\u00f6mist\u00e4 muistivaahtomuovihiukkasista &#8211; Koko: 55 x 12 cm (\u00d8 x H) &#8211; Paino: 0,6 kg Toimitus sis\u00e4lt\u00e4\u00e4: &#8211; 1 x donitsin muotoinen koiranpeti FEANDREA Huomautukset:- Ommellut tuotteet voivat poiketa 2\u20133 cm ilmoittamistamme mitoista. Tarkista ennen ostamista, ett\u00e4 tuotteen koko sopii lemmikillesi. &#8211; T\u00e4m\u00e4 tuote toimitetaan tyhji\u00f6pakkauksessa. Ravista sit\u00e4 avaamisen j\u00e4lkeen, jotta se saavuttaa t\u00e4yden kokonsa. &#8211; Ei sovellu konepesuun.<\/p>\n","protected":false},"excerpt":{"rendered":"<p>Feandrea koiranpeti, koiran kori, kissanpeti, donitsi, py\u00f6re\u00e4, \u00d8 55 cm, ruskea PGW55C<\/p>\n","protected":false},"featured_media":45497,"comment_status":"open","ping_status":"closed","template":"","meta":[],"product_brand":[],"product_cat":[32],"product_tag":[],"class_list":{"0":"post-37624","1":"product","2":"type-product","3":"status-publish","4":"has-post-thumbnail","6":"product_cat-uncategorized-fi","8":"first","9":"instock","10":"shipping-taxable","11":"purchasable","12":"product-type-simple"},"_links":{"self":[{"href":"https:\/\/nordicmart.andreevmaster.com\/fi\/wp-json\/wp\/v2\/product\/37624","targetHints":{"allow":["GET"]}}],"collection":[{"href":"https:\/\/nordicmart.andreevmaster.com\/fi\/wp-json\/wp\/v2\/product"}],"about":[{"href":"https:\/\/nordicmart.andreevmaster.com\/fi\/wp-json\/wp\/v2\/types\/product"}],"replies":[{"embeddable":true,"href":"https:\/\/nordicmart.andreevmaster.com\/fi\/wp-json\/wp\/v2\/comments?post=37624"}],"wp:featuredmedia":[{"embeddable":true,"href":"https:\/\/nordicmart.andreevmaster.com\/fi\/wp-json\/wp\/v2\/media\/45497"}],"wp:attachment":[{"href":"https:\/\/nordicmart.andreevmaster.com\/fi\/wp-json\/wp\/v2\/media?parent=37624"}],"wp:term":[{"taxonomy":"product_brand","embeddable":true,"href":"https:\/\/nordicmart.andreevmaster.com\/fi\/wp-json\/wp\/v2\/product_brand?post=37624"},{"taxonomy":"product_cat","embeddable":true,"href":"https:\/\/nordicmart.andreevmaster.com\/fi\/wp-json\/wp\/v2\/product_cat?post=37624"},{"taxonomy":"product_tag","embeddable":true,"href":"https:\/\/nordicmart.andreevmaster.com\/fi\/wp-json\/wp\/v2\/product_tag?post=37624"}],"curies":[{"name":"wp","href":"https:\/\/api.w.org\/{rel}","templated":true}]}}