{"id":37621,"date":"2026-02-27T00:40:07","date_gmt":"2026-02-27T00:40:07","guid":{"rendered":"https:\/\/nordicmart.andreevmaster.com\/product\/feandrea-pestava-koiranpeti\/"},"modified":"2026-02-27T09:56:33","modified_gmt":"2026-02-27T09:56:33","slug":"feandrea-pestava-koiranpeti","status":"publish","type":"product","link":"https:\/\/nordicmart.andreevmaster.com\/fi\/tuote\/feandrea-pestava-koiranpeti\/","title":{"rendered":"Feandrea Pest\u00e4v\u00e4 koiranpeti"},"content":{"rendered":"<p>Hush, hush, koriin!T\u00e4m\u00e4 py\u00f6re\u00e4 koiranpeti tarjoaa nelijalkaisellesi kodikkaan paikan, jossa se voi lev\u00e4t\u00e4 ja nukkua. 73 x 60 x 27 cm kokoinen kori sopii erityisesti pienille koiraroduille, kuten m\u00e4yr\u00e4koirille, maltalaisille tai k\u00e4\u00e4pi\u00f6pinsereille. K\u00e4\u00e4nn\u00e4 ymp\u00e4ri, kiitos! Koiranpetiss\u00e4 on muutamia pieni\u00e4 herkkuja: tyyny on irrotettava ja k\u00e4\u00e4nnett\u00e4v\u00e4, jotta koirasi voi k\u00e4perty\u00e4 joko keinokangasta tai pehmolelua vasten. Pehme\u00e4n tyynyn p\u00e4\u00e4llinen on my\u00f6s irrotettava, joten voit pest\u00e4 sen helposti pesukoneessa. Lis\u00e4ksi koiranpetiss\u00e4 on korkea reuna, joka ymp\u00e4r\u00f6i nelijalkaista turvallisesti. Tuotetiedot: &#8211; V\u00e4ri: harmaa &#8211; Materiaali: keinolinja, pehmolelu, PP-t\u00e4yte (polypropeeni) &#8211; Koko: 73 x 60 x 27 cm (P x L x K) &#8211; Paino: 1,3 kg Toimitus sis\u00e4lt\u00e4\u00e4: &#8211; 1 x koiranpeti FEANDREA Huomautukset:- \u00c4l\u00e4 altista tuotetta suoralle auringonvalolle tai aseta sit\u00e4 kosteaan ymp\u00e4rist\u00f6\u00f6n. &#8211; Tuote ei saa joutua kosketuksiin ter\u00e4vien esineiden kanssa.- Suosittelemme pesem\u00e4\u00e4n t\u00e4m\u00e4n tuotteen k\u00e4sin. &#8211; Koiranpeti ei ole purulelu nelijalkaisille yst\u00e4villesi; est\u00e4 koiraasi puremasta peti\u00e4. &#8211; Koiranpetimme on taitettu pakkausmieless\u00e4. Siksi se voi palautua normaaliin muotoonsa vasta 2\u20133 p\u00e4iv\u00e4n kuluttua. Saumanvaran vuoksi t\u00e4m\u00e4n tyyppiset tuotteet voivat poiketa ilmoittamistamme mitoista jopa 3 cm. &#8211; \u00c4l\u00e4 k\u00e4yt\u00e4 t\u00e4t\u00e4 tuotetta yli 40 \u00baC:n l\u00e4mp\u00f6tilassa. Jos lattiassa on lattial\u00e4mmitys, k\u00e4yt\u00e4 lis\u00e4ksi alustaa. Tuotekuvaus<\/p>\n","protected":false},"excerpt":{"rendered":"<p>Feandrea koiranpeti, koiran kori, k\u00e4\u00e4nnett\u00e4v\u00e4 tyyny, pest\u00e4v\u00e4, 70 x 58 x 27 cm PGW31GG<\/p>\n","protected":false},"featured_media":45495,"comment_status":"open","ping_status":"closed","template":"","meta":[],"product_brand":[],"product_cat":[32],"product_tag":[],"class_list":{"0":"post-37621","1":"product","2":"type-product","3":"status-publish","4":"has-post-thumbnail","6":"product_cat-uncategorized-fi","8":"first","9":"instock","10":"shipping-taxable","11":"purchasable","12":"product-type-simple"},"_links":{"self":[{"href":"https:\/\/nordicmart.andreevmaster.com\/fi\/wp-json\/wp\/v2\/product\/37621","targetHints":{"allow":["GET"]}}],"collection":[{"href":"https:\/\/nordicmart.andreevmaster.com\/fi\/wp-json\/wp\/v2\/product"}],"about":[{"href":"https:\/\/nordicmart.andreevmaster.com\/fi\/wp-json\/wp\/v2\/types\/product"}],"replies":[{"embeddable":true,"href":"https:\/\/nordicmart.andreevmaster.com\/fi\/wp-json\/wp\/v2\/comments?post=37621"}],"wp:featuredmedia":[{"embeddable":true,"href":"https:\/\/nordicmart.andreevmaster.com\/fi\/wp-json\/wp\/v2\/media\/45495"}],"wp:attachment":[{"href":"https:\/\/nordicmart.andreevmaster.com\/fi\/wp-json\/wp\/v2\/media?parent=37621"}],"wp:term":[{"taxonomy":"product_brand","embeddable":true,"href":"https:\/\/nordicmart.andreevmaster.com\/fi\/wp-json\/wp\/v2\/product_brand?post=37621"},{"taxonomy":"product_cat","embeddable":true,"href":"https:\/\/nordicmart.andreevmaster.com\/fi\/wp-json\/wp\/v2\/product_cat?post=37621"},{"taxonomy":"product_tag","embeddable":true,"href":"https:\/\/nordicmart.andreevmaster.com\/fi\/wp-json\/wp\/v2\/product_tag?post=37621"}],"curies":[{"name":"wp","href":"https:\/\/api.w.org\/{rel}","templated":true}]}}