{"id":37620,"date":"2026-02-27T00:40:07","date_gmt":"2026-02-27T00:40:07","guid":{"rendered":"https:\/\/nordicmart.andreevmaster.com\/product\/feandrea-helppohoitoinen-koiranpeti-musta-xxl\/"},"modified":"2026-02-27T09:56:33","modified_gmt":"2026-02-27T09:56:33","slug":"feandrea-helppohoitoinen-koiranpeti-musta-xxl","status":"publish","type":"product","link":"https:\/\/nordicmart.andreevmaster.com\/fi\/tuote\/feandrea-helppohoitoinen-koiranpeti-musta-xxl\/","title":{"rendered":"Feandrea Helppohoitoinen koiranpeti Musta XXL"},"content":{"rendered":"<p>Uuden FEANDREA-br\u00e4ndimme keksij\u00e4t tiet\u00e4v\u00e4t, ett\u00e4 lemmikkisi on erityisen t\u00e4rke\u00e4 osa el\u00e4m\u00e4\u00e4si ja ett\u00e4 haluat tarjota sille mahdollisimman mukavan ja hauskan el\u00e4m\u00e4n. Koiranpeti, jolla on monia etuja T\u00e4m\u00e4 koiranpeti on suunniteltu koirien mukavuutta silm\u00e4ll\u00e4 pit\u00e4en. Tyyny on siksi pehmustettu korkealaatuisella ja eritt\u00e4in joustavalla PP-t\u00e4ytteell\u00e4, joka on lis\u00e4ksi hypoallergeeninen. Koiranpeti ei ole liian kova eik\u00e4 liian pehme\u00e4, mik\u00e4 on hyv\u00e4 koirasi selk\u00e4rangalle. Korotetut reunat voivat toimia koirasi p\u00e4\u00e4ntuena. Koiran sohva sopii eri kokoisille koirille. Lis\u00e4ksi koiran s\u00e4ngyn pohja on luistamaton, kosteutta ja kylm\u00e4\u00e4 kest\u00e4v\u00e4. Tuotetiedot: &#8211; Materiaali: Oxford-kangas + polypropeenit\u00e4yte + luistamaton kangas &#8211; Ulkomitat: 120 x 30 x 85 cm (L x K x S) &#8211; Sis\u00e4mitat: 87 x 56 cm &#8211; V\u00e4ri: musta Toimitus sis\u00e4lt\u00e4\u00e4: &#8211; 1 x FEANDREA-koiranpeti Huomautukset: &#8211; \u00c4l\u00e4 altista tuotetta suoralle auringonvalolle tai aseta sit\u00e4 kosteaan ymp\u00e4rist\u00f6\u00f6n. &#8211; Tuote ei saa joutua kosketuksiin ter\u00e4vien esineiden kanssa.- Koiranpeti ei ole purulelu nelijalkaisille yst\u00e4villesi; est\u00e4 koiraasi puremasta peti\u00e4. &#8211; Huomaa, ett\u00e4 t\u00e4m\u00e4n tuotteen tekstiilietiketti on korvattu korkealaatuisemmalla keinonahkaetikettill\u00e4. T\u00e4m\u00e4n vuoksi on mahdollista, ett\u00e4 saat vanhan mallin tai uuden version. Toinen malli l\u00e4hetet\u00e4\u00e4n satunnaisesti.<\/p>\n","protected":false},"excerpt":{"rendered":"<p>Feandrea koiranpeti, XXL koirankori, mukava koiran sohva, lemmikkiel\u00e4inten peti, koiran matto, makuuhuoneeseen, olohuoneeseen ja eteiseen, helppo puhdistaa, luistamaton (120 x 85 x 30 cm, musta)<\/p>\n","protected":false},"featured_media":45494,"comment_status":"open","ping_status":"closed","template":"","meta":[],"product_brand":[],"product_cat":[32],"product_tag":[],"class_list":{"0":"post-37620","1":"product","2":"type-product","3":"status-publish","4":"has-post-thumbnail","6":"product_cat-uncategorized-fi","8":"first","9":"instock","10":"shipping-taxable","11":"purchasable","12":"product-type-simple"},"_links":{"self":[{"href":"https:\/\/nordicmart.andreevmaster.com\/fi\/wp-json\/wp\/v2\/product\/37620","targetHints":{"allow":["GET"]}}],"collection":[{"href":"https:\/\/nordicmart.andreevmaster.com\/fi\/wp-json\/wp\/v2\/product"}],"about":[{"href":"https:\/\/nordicmart.andreevmaster.com\/fi\/wp-json\/wp\/v2\/types\/product"}],"replies":[{"embeddable":true,"href":"https:\/\/nordicmart.andreevmaster.com\/fi\/wp-json\/wp\/v2\/comments?post=37620"}],"wp:featuredmedia":[{"embeddable":true,"href":"https:\/\/nordicmart.andreevmaster.com\/fi\/wp-json\/wp\/v2\/media\/45494"}],"wp:attachment":[{"href":"https:\/\/nordicmart.andreevmaster.com\/fi\/wp-json\/wp\/v2\/media?parent=37620"}],"wp:term":[{"taxonomy":"product_brand","embeddable":true,"href":"https:\/\/nordicmart.andreevmaster.com\/fi\/wp-json\/wp\/v2\/product_brand?post=37620"},{"taxonomy":"product_cat","embeddable":true,"href":"https:\/\/nordicmart.andreevmaster.com\/fi\/wp-json\/wp\/v2\/product_cat?post=37620"},{"taxonomy":"product_tag","embeddable":true,"href":"https:\/\/nordicmart.andreevmaster.com\/fi\/wp-json\/wp\/v2\/product_tag?post=37620"}],"curies":[{"name":"wp","href":"https:\/\/api.w.org\/{rel}","templated":true}]}}