{"id":37619,"date":"2026-02-27T00:40:07","date_gmt":"2026-02-27T00:40:07","guid":{"rendered":"https:\/\/nordicmart.andreevmaster.com\/product\/feandrea-helppohoitoinen-koiranpeti-musta-xl\/"},"modified":"2026-02-27T09:56:33","modified_gmt":"2026-02-27T09:56:33","slug":"feandrea-helppohoitoinen-koiranpeti-musta-xl","status":"publish","type":"product","link":"https:\/\/nordicmart.andreevmaster.com\/fi\/tuote\/feandrea-helppohoitoinen-koiranpeti-musta-xl\/","title":{"rendered":"Feandrea Helppohoitoinen koiranpeti Musta XL"},"content":{"rendered":"<p>Hau! &#8211; N\u00e4in tilava koiran s\u00e4nky Koirallesi tulisi hankkia oma mukava s\u00e4nky, jotta se voi lev\u00e4t\u00e4 siin\u00e4 pitk\u00e4n k\u00e4velyn j\u00e4lkeen sen sijaan, ett\u00e4 hypp\u00e4\u00e4 suoraan sinun s\u00e4nkyysi. T\u00e4m\u00e4 koiran sohva on juuri se, mit\u00e4 sin\u00e4 ja koirasi olette aina etsineet! Oxford-kankaasta valmistettu koiran s\u00e4nky on tukevasti pehmustettu ja sit\u00e4 on saatavana 2 koossa ja v\u00e4riss\u00e4. Kerro meille arvosteluissa, mink\u00e4 v\u00e4rin valitsit koirallesi! Tuotetiedot:- Materiaali: Oxford-kangas (300 x 300 D) + polypropeenit\u00e4yte + luistamaton kangas &#8211; Ulkomitat: 100 x 28 x 70 cm (L x K x S) &#8211; Sis\u00e4mitat: 72 x 46 cm &#8211; V\u00e4ri: musta Toimitus sis\u00e4lt\u00e4\u00e4: &#8211; 1 x koiranpeti Koiranpetin pituus \/ sopiva paino 40-50 cm          enint\u00e4\u00e4n 2,5 kg    sopivat koirarodut (vain tiedoksi): chihuahua, yorkshirenterrieri, pienispitz, k\u00e4\u00e4pi\u00f6pinseri jne. 50-60 cm          enint\u00e4\u00e4n 6 kg  sopivat koirarodut (vain tiedoksi): Toy-pudeli, k\u00e4\u00e4pi\u00f6snauzer, pekingees, mopsi, bichon fris\u00e9, papillon jne.  60\u201375 cm          enint\u00e4\u00e4n 15 kg sopiva koirarotu (vain tiedoksi): welsh corgi, amerikan cocker spaniel, border collie, shetlanninlammaskoira, japaninpystykorva jne. 75\u201390 cm          enint\u00e4\u00e4n 30 kg  sopivat koirarodut (vain tiedoksi): husky, samojedi, kultainen noutaja, chow-chow, bobtail, skotlannin collie, japanin akita jne. 90\u2013100 cm        enint\u00e4\u00e4n 40 kg  sopivat koirarodut (vain tiedoksi): golden retriever, bobtail, rottweiler, labradorinnoutaja, husky jne. 100\u2013120 cm      enint\u00e4\u00e4n 60 kg  sopiva koirarotu (vain tiedoksi): alaskanmalamuutti, saksanpaimenkoira, pyreneidenpaimenkoira, bernhardinkoira, tanskandoggi jne. <\/p>\n","protected":false},"excerpt":{"rendered":"<p>Feandrea koiranpeti, XL, koiran tyyny, Oxford-kangasta, pohjassa liukumaton pinta, 100 x 70 cm PGW28H<\/p>\n","protected":false},"featured_media":45493,"comment_status":"open","ping_status":"closed","template":"","meta":[],"product_brand":[],"product_cat":[32],"product_tag":[],"class_list":{"0":"post-37619","1":"product","2":"type-product","3":"status-publish","4":"has-post-thumbnail","6":"product_cat-uncategorized-fi","8":"first","9":"instock","10":"shipping-taxable","11":"purchasable","12":"product-type-simple"},"_links":{"self":[{"href":"https:\/\/nordicmart.andreevmaster.com\/fi\/wp-json\/wp\/v2\/product\/37619","targetHints":{"allow":["GET"]}}],"collection":[{"href":"https:\/\/nordicmart.andreevmaster.com\/fi\/wp-json\/wp\/v2\/product"}],"about":[{"href":"https:\/\/nordicmart.andreevmaster.com\/fi\/wp-json\/wp\/v2\/types\/product"}],"replies":[{"embeddable":true,"href":"https:\/\/nordicmart.andreevmaster.com\/fi\/wp-json\/wp\/v2\/comments?post=37619"}],"wp:featuredmedia":[{"embeddable":true,"href":"https:\/\/nordicmart.andreevmaster.com\/fi\/wp-json\/wp\/v2\/media\/45493"}],"wp:attachment":[{"href":"https:\/\/nordicmart.andreevmaster.com\/fi\/wp-json\/wp\/v2\/media?parent=37619"}],"wp:term":[{"taxonomy":"product_brand","embeddable":true,"href":"https:\/\/nordicmart.andreevmaster.com\/fi\/wp-json\/wp\/v2\/product_brand?post=37619"},{"taxonomy":"product_cat","embeddable":true,"href":"https:\/\/nordicmart.andreevmaster.com\/fi\/wp-json\/wp\/v2\/product_cat?post=37619"},{"taxonomy":"product_tag","embeddable":true,"href":"https:\/\/nordicmart.andreevmaster.com\/fi\/wp-json\/wp\/v2\/product_tag?post=37619"}],"curies":[{"name":"wp","href":"https:\/\/api.w.org\/{rel}","templated":true}]}}