{"id":37613,"date":"2026-02-27T00:40:05","date_gmt":"2026-02-27T00:40:05","guid":{"rendered":"https:\/\/nordicmart.andreevmaster.com\/product\/feandrea-koiranpeti-106-x-75-x-20-cm-korotetut-reunat-ja-irrotettava-paallinen\/"},"modified":"2026-02-27T09:56:31","modified_gmt":"2026-02-27T09:56:31","slug":"feandrea-koiranpeti-106-x-75-x-20-cm-korotetut-reunat-ja-irrotettava-paallinen","status":"publish","type":"product","link":"https:\/\/nordicmart.andreevmaster.com\/fi\/tuote\/feandrea-koiranpeti-106-x-75-x-20-cm-korotetut-reunat-ja-irrotettava-paallinen\/","title":{"rendered":"Feandrea koiranpeti 106 x 75 x 20 cm, korotetut reunat ja irrotettava p\u00e4\u00e4llinen"},"content":{"rendered":"<p>Feandrea koiranpeti, koiran tyyny, 71 x 55 x 18 cm, koiran kori, pehme\u00e4 pehmuste, koiran sohva, korotetut reunat, irrotettava ja konepest\u00e4v\u00e4 p\u00e4\u00e4llinen, luistamaton, ombr\u00e9-harmaa PGW271G01<br \/>\nV\u00e4ri: ombr\u00e9-harmaa<br \/>\nMateriaali: PV-plush, PP-pehmuste, polyesterikangas<br \/>\nKoko: 106 x 75 x 20 cm (P x L x K)<br \/>\nPaino: 3 kg<\/p>\n","protected":false},"excerpt":{"rendered":"<p>Feandrea koiranpeti, koiran tyyny, 71 x 55 x 18 cm, koiran kori, pehme\u00e4 pehmuste, koiran sohva, korotetut reunat, irrotettava ja konepest\u00e4v\u00e4 p\u00e4\u00e4llinen, luistamaton, ombr\u00e9-harmaa PGW271G01<\/p>\n","protected":false},"featured_media":45487,"comment_status":"open","ping_status":"closed","template":"","meta":[],"product_brand":[],"product_cat":[32],"product_tag":[],"class_list":{"0":"post-37613","1":"product","2":"type-product","3":"status-publish","4":"has-post-thumbnail","6":"product_cat-uncategorized-fi","8":"first","9":"instock","10":"shipping-taxable","11":"purchasable","12":"product-type-simple"},"_links":{"self":[{"href":"https:\/\/nordicmart.andreevmaster.com\/fi\/wp-json\/wp\/v2\/product\/37613","targetHints":{"allow":["GET"]}}],"collection":[{"href":"https:\/\/nordicmart.andreevmaster.com\/fi\/wp-json\/wp\/v2\/product"}],"about":[{"href":"https:\/\/nordicmart.andreevmaster.com\/fi\/wp-json\/wp\/v2\/types\/product"}],"replies":[{"embeddable":true,"href":"https:\/\/nordicmart.andreevmaster.com\/fi\/wp-json\/wp\/v2\/comments?post=37613"}],"wp:featuredmedia":[{"embeddable":true,"href":"https:\/\/nordicmart.andreevmaster.com\/fi\/wp-json\/wp\/v2\/media\/45487"}],"wp:attachment":[{"href":"https:\/\/nordicmart.andreevmaster.com\/fi\/wp-json\/wp\/v2\/media?parent=37613"}],"wp:term":[{"taxonomy":"product_brand","embeddable":true,"href":"https:\/\/nordicmart.andreevmaster.com\/fi\/wp-json\/wp\/v2\/product_brand?post=37613"},{"taxonomy":"product_cat","embeddable":true,"href":"https:\/\/nordicmart.andreevmaster.com\/fi\/wp-json\/wp\/v2\/product_cat?post=37613"},{"taxonomy":"product_tag","embeddable":true,"href":"https:\/\/nordicmart.andreevmaster.com\/fi\/wp-json\/wp\/v2\/product_tag?post=37613"}],"curies":[{"name":"wp","href":"https:\/\/api.w.org\/{rel}","templated":true}]}}