{"id":37610,"date":"2026-02-27T00:40:04","date_gmt":"2026-02-27T00:40:04","guid":{"rendered":"https:\/\/nordicmart.andreevmaster.com\/product\/feandrea-koiranpeti-kaannettavalla-tyynylla-80-cm-harmaa\/"},"modified":"2026-02-27T09:56:31","modified_gmt":"2026-02-27T09:56:31","slug":"feandrea-koiranpeti-kaannettavalla-tyynylla-80-cm-harmaa","status":"publish","type":"product","link":"https:\/\/nordicmart.andreevmaster.com\/fi\/tuote\/feandrea-koiranpeti-kaannettavalla-tyynylla-80-cm-harmaa\/","title":{"rendered":"Feandrea koiranpeti k\u00e4\u00e4nnett\u00e4v\u00e4ll\u00e4 tyynyll\u00e4 80 cm harmaa"},"content":{"rendered":"<p>FEANDREA-lemmikkis\u00e4nky on t\u00e4ydellinen nukkumis- ja lepopaikka lemmikillesi! Neli\u00f6nmuotoinen lemmikkis\u00e4nky erottuu kest\u00e4vyydest\u00e4\u00e4n ja korkeasta laadustaan. Ulkopuoli on valmistettu kest\u00e4v\u00e4st\u00e4 polyesterikankaasta. Kimaltelevat hopealangat antavat tuotteelle kauniin ulkon\u00e4\u00f6n. Sis\u00e4puoli on pehme\u00e4\u00e4 nukkakankaasta. Sis\u00e4puoli on k\u00e4\u00e4nnett\u00e4viss\u00e4 halutessasi. Koirasi tulee viihtym\u00e4\u00e4n t\u00e4ss\u00e4 s\u00e4ngyss\u00e4. Pehme\u00e4n pehmusteen ansiosta nelijalkainen yst\u00e4v\u00e4si tuntee olonsa turvalliseksi ja suojatuksi joka puolelta. Korkeat sein\u00e4t ja pehmustettu makuutyyny est\u00e4v\u00e4t my\u00f6s vedon ja kylm\u00e4n p\u00e4\u00e4syn sis\u00e4\u00e4n. T\u00e4m\u00e4 malli takaa pitk\u00e4n k\u00e4ytt\u00f6i\u00e4n. Se sopii l\u00e4hes kaikkiin sisustustyyleihin.Tuotetiedot: &#8211; V\u00e4ri: harmaa melange &#8211; Materiaali: sekoitekangas (puuvilla, polyesteri), PV-fleece, polypropeenit\u00e4yte &#8211; Ulkomitat: 80 x 60 x 26 cm (P x L x K) &#8211; Sis\u00e4mitat: 53 x 40 cm &#8211; Nettopaino: 2 kg Toimitus sis\u00e4lt\u00e4\u00e4: &#8211; 1 x koiranpeti &#8211; 1 x irrotettava sis\u00e4tyyny FEANDREA Huomautus: &#8211; Ei sovellu konepesuun. Puhdista lika harjaamalla. Jos koiran karvat irtoavat voimakkaasti, voit puhdistaa pinnan imurilla.- Saumanvaran vuoksi t\u00e4m\u00e4n tyyppisten tuotteiden mitat voivat poiketa ilmoittamistamme mitoista enint\u00e4\u00e4n 3 cm. &#8211; Huomaa, ett\u00e4 t\u00e4m\u00e4n tuotteen tekstiilietiketti on korvattu korkealaatuisemmalla keinonahkaetikettill\u00e4. T\u00e4m\u00e4n vuoksi saatat saada vanhan mallin tai uuden version. Toinen malli l\u00e4hetet\u00e4\u00e4n satunnaisesti.<\/p>\n","protected":false},"excerpt":{"rendered":"<p>Feandrea koiranpeti, koiranpeti k\u00e4\u00e4nnett\u00e4v\u00e4ll\u00e4 tyynyll\u00e4, koiran sohva, koiran matto, mukava, hengitt\u00e4v\u00e4, luistamaton, korotetut reunat, 80 x 60 x 26 cm, koirille painoon 15 kg asti, harmaa melange PGW26G<\/p>\n","protected":false},"featured_media":45484,"comment_status":"open","ping_status":"closed","template":"","meta":[],"product_brand":[],"product_cat":[32],"product_tag":[],"class_list":{"0":"post-37610","1":"product","2":"type-product","3":"status-publish","4":"has-post-thumbnail","6":"product_cat-uncategorized-fi","8":"first","9":"instock","10":"shipping-taxable","11":"purchasable","12":"product-type-simple"},"_links":{"self":[{"href":"https:\/\/nordicmart.andreevmaster.com\/fi\/wp-json\/wp\/v2\/product\/37610","targetHints":{"allow":["GET"]}}],"collection":[{"href":"https:\/\/nordicmart.andreevmaster.com\/fi\/wp-json\/wp\/v2\/product"}],"about":[{"href":"https:\/\/nordicmart.andreevmaster.com\/fi\/wp-json\/wp\/v2\/types\/product"}],"replies":[{"embeddable":true,"href":"https:\/\/nordicmart.andreevmaster.com\/fi\/wp-json\/wp\/v2\/comments?post=37610"}],"wp:featuredmedia":[{"embeddable":true,"href":"https:\/\/nordicmart.andreevmaster.com\/fi\/wp-json\/wp\/v2\/media\/45484"}],"wp:attachment":[{"href":"https:\/\/nordicmart.andreevmaster.com\/fi\/wp-json\/wp\/v2\/media?parent=37610"}],"wp:term":[{"taxonomy":"product_brand","embeddable":true,"href":"https:\/\/nordicmart.andreevmaster.com\/fi\/wp-json\/wp\/v2\/product_brand?post=37610"},{"taxonomy":"product_cat","embeddable":true,"href":"https:\/\/nordicmart.andreevmaster.com\/fi\/wp-json\/wp\/v2\/product_cat?post=37610"},{"taxonomy":"product_tag","embeddable":true,"href":"https:\/\/nordicmart.andreevmaster.com\/fi\/wp-json\/wp\/v2\/product_tag?post=37610"}],"curies":[{"name":"wp","href":"https:\/\/api.w.org\/{rel}","templated":true}]}}