{"id":37609,"date":"2026-02-27T00:40:04","date_gmt":"2026-02-27T00:40:04","guid":{"rendered":"https:\/\/nordicmart.andreevmaster.com\/product\/feandrea-koirankori-kaannettavalla-tyynylla-80-x-60-x-26-cm\/"},"modified":"2026-02-27T09:56:31","modified_gmt":"2026-02-27T09:56:31","slug":"feandrea-koirankori-kaannettavalla-tyynylla-80-x-60-x-26-cm","status":"publish","type":"product","link":"https:\/\/nordicmart.andreevmaster.com\/fi\/tuote\/feandrea-koirankori-kaannettavalla-tyynylla-80-x-60-x-26-cm\/","title":{"rendered":"Feandrea koirankori k\u00e4\u00e4nnett\u00e4v\u00e4ll\u00e4 tyynyll\u00e4 80 x 60 x 26 cm"},"content":{"rendered":"<p>Laatu vai tyyli? T\u00e4m\u00e4n lemmikkis\u00e4ngyn kohdalla t\u00e4t\u00e4 kysymyst\u00e4 ei tarvitse pohtia, sill\u00e4 se yhdist\u00e4\u00e4 molemmat ominaisuudet. Ulkopuolen kest\u00e4v\u00e4 puuvilla-polyesteriseos kest\u00e4\u00e4 my\u00f6s kovemmatkin tassuniskut, mutta tyylik\u00e4s musta kangas tekee koiran sohvasta samalla tyylikk\u00e4\u00e4n sisustusesineen. T\u00e4h\u00e4n vaikuttaa my\u00f6s vaalea k\u00e4\u00e4nnett\u00e4v\u00e4 PV-fleece-tyyny, joka muodostaa tehokkaan kontrastin ulkokangasta mustaan. Turvallinen paikka T\u00e4m\u00e4n koiranpetin korotetut reunat antavat nelijalkaiselle yst\u00e4v\u00e4llesi tunteen t\u00e4ydellisest\u00e4 suojasta. Korkeat sein\u00e4t ja erinomainen pehmuste est\u00e4v\u00e4t erityisesti vedon ja lattian kylmyyden. Puuttuuko koiraltasi viel\u00e4 mukava s\u00e4nky? &#8211; Lahjoita sille sitten t\u00e4m\u00e4 koiranpeti, joka sopii enint\u00e4\u00e4n 15 kg painaville el\u00e4imille. Tuotetiedot: &#8211; V\u00e4ri: musta &#8211; Materiaali: sekoitekangas (puuvilla, polyesteri), PV-fleece, polypropeenit\u00e4yte &#8211; Ulkomitat: 80 x 60 x 26 cm (P x L x K) &#8211; Sis\u00e4mitat: 53 x 40 cm &#8211; Nettopaino: 2 kg Toimitussis\u00e4lt\u00f6: &#8211; 1 x koiranpeti FEANDREA Huomautukset: &#8211; \u00c4l\u00e4 altista tuotetta suoralle auringonvalolle tai aseta sit\u00e4 kosteaan ymp\u00e4rist\u00f6\u00f6n. &#8211; Tuote ei saa joutua kosketuksiin ter\u00e4vien esineiden kanssa.- Suosittelemme pesem\u00e4\u00e4n t\u00e4m\u00e4n tuotteen k\u00e4sin. &#8211; Koiranpeti ei ole purulelu nelijalkaisille yst\u00e4villesi; est\u00e4 koiraasi puremasta peti\u00e4. &#8211; Saumojen vuoksi t\u00e4m\u00e4n tyyppisten tuotteiden mitat voivat poiketa ilmoittamistamme mitoista enint\u00e4\u00e4n 3 cm. &#8211; \u00c4l\u00e4 k\u00e4yt\u00e4 t\u00e4t\u00e4 tuotetta yli 40 \u00baC:n l\u00e4mp\u00f6tilassa. Jos lattiassa on lattial\u00e4mmitys, k\u00e4yt\u00e4 lis\u00e4ksi alustaa.<\/p>\n","protected":false},"excerpt":{"rendered":"<p>Feandrea koiranpeti, koiranpeti k\u00e4\u00e4nnett\u00e4v\u00e4ll\u00e4 tyynyll\u00e4, koiran sohva, koiran matto, mukava, hengitt\u00e4v\u00e4, luistamaton, korotetut reunat, 80 x 60 x 26 cm, koirille painoon 15 kg asti, harmaa melange PGW26G<\/p>\n","protected":false},"featured_media":45483,"comment_status":"open","ping_status":"closed","template":"","meta":[],"product_brand":[],"product_cat":[32],"product_tag":[],"class_list":{"0":"post-37609","1":"product","2":"type-product","3":"status-publish","4":"has-post-thumbnail","6":"product_cat-uncategorized-fi","8":"first","9":"instock","10":"shipping-taxable","11":"purchasable","12":"product-type-simple"},"_links":{"self":[{"href":"https:\/\/nordicmart.andreevmaster.com\/fi\/wp-json\/wp\/v2\/product\/37609","targetHints":{"allow":["GET"]}}],"collection":[{"href":"https:\/\/nordicmart.andreevmaster.com\/fi\/wp-json\/wp\/v2\/product"}],"about":[{"href":"https:\/\/nordicmart.andreevmaster.com\/fi\/wp-json\/wp\/v2\/types\/product"}],"replies":[{"embeddable":true,"href":"https:\/\/nordicmart.andreevmaster.com\/fi\/wp-json\/wp\/v2\/comments?post=37609"}],"wp:featuredmedia":[{"embeddable":true,"href":"https:\/\/nordicmart.andreevmaster.com\/fi\/wp-json\/wp\/v2\/media\/45483"}],"wp:attachment":[{"href":"https:\/\/nordicmart.andreevmaster.com\/fi\/wp-json\/wp\/v2\/media?parent=37609"}],"wp:term":[{"taxonomy":"product_brand","embeddable":true,"href":"https:\/\/nordicmart.andreevmaster.com\/fi\/wp-json\/wp\/v2\/product_brand?post=37609"},{"taxonomy":"product_cat","embeddable":true,"href":"https:\/\/nordicmart.andreevmaster.com\/fi\/wp-json\/wp\/v2\/product_cat?post=37609"},{"taxonomy":"product_tag","embeddable":true,"href":"https:\/\/nordicmart.andreevmaster.com\/fi\/wp-json\/wp\/v2\/product_tag?post=37609"}],"curies":[{"name":"wp","href":"https:\/\/api.w.org\/{rel}","templated":true}]}}