{"id":37607,"date":"2026-02-27T00:40:03","date_gmt":"2026-02-27T00:40:03","guid":{"rendered":"https:\/\/nordicmart.andreevmaster.com\/product\/feandrea-ortopedinen-koiranpeti-suurille-koirille\/"},"modified":"2026-02-27T09:56:30","modified_gmt":"2026-02-27T09:56:30","slug":"feandrea-ortopedinen-koiranpeti-suurille-koirille","status":"publish","type":"product","link":"https:\/\/nordicmart.andreevmaster.com\/fi\/tuote\/feandrea-ortopedinen-koiranpeti-suurille-koirille\/","title":{"rendered":"Feandrea ortopedinen koiranpeti suurille koirille"},"content":{"rendered":"<p>Feandrea Ortopedinen koiranpeti pienille koirille, vedenpit\u00e4v\u00e4 koiran sohva irrotettavalla pehmustetulla p\u00e4\u00e4llisell\u00e4, 71 x 58 x 16 cm, kyyhkynharmaa PGW251G01<br \/>\nV\u00e4ri: kyyhkynharmaa<br \/>\nMateriaali: 280 g\/m\u00b2 PV-plush ruusukuvio, 230 g\/m\u00b2 samettikangas, noppamuovi, PP-t\u00e4yte<br \/>\nKoko: 122 x 89 x 18 cm (P x L x K)<br \/>\nPaino: 4,6 kg<\/p>\n","protected":false},"excerpt":{"rendered":"<p>Feandrea Ortopedinen koiranpeti pienille koirille, vedenpit\u00e4v\u00e4 koiran sohva irrotettavalla pehmustetulla p\u00e4\u00e4llisell\u00e4, 71 x 58 x 16 cm, kyyhkynharmaa PGW251G01<\/p>\n","protected":false},"featured_media":45481,"comment_status":"open","ping_status":"closed","template":"","meta":[],"product_brand":[],"product_cat":[32],"product_tag":[],"class_list":{"0":"post-37607","1":"product","2":"type-product","3":"status-publish","4":"has-post-thumbnail","6":"product_cat-uncategorized-fi","8":"first","9":"instock","10":"shipping-taxable","11":"purchasable","12":"product-type-simple"},"_links":{"self":[{"href":"https:\/\/nordicmart.andreevmaster.com\/fi\/wp-json\/wp\/v2\/product\/37607","targetHints":{"allow":["GET"]}}],"collection":[{"href":"https:\/\/nordicmart.andreevmaster.com\/fi\/wp-json\/wp\/v2\/product"}],"about":[{"href":"https:\/\/nordicmart.andreevmaster.com\/fi\/wp-json\/wp\/v2\/types\/product"}],"replies":[{"embeddable":true,"href":"https:\/\/nordicmart.andreevmaster.com\/fi\/wp-json\/wp\/v2\/comments?post=37607"}],"wp:featuredmedia":[{"embeddable":true,"href":"https:\/\/nordicmart.andreevmaster.com\/fi\/wp-json\/wp\/v2\/media\/45481"}],"wp:attachment":[{"href":"https:\/\/nordicmart.andreevmaster.com\/fi\/wp-json\/wp\/v2\/media?parent=37607"}],"wp:term":[{"taxonomy":"product_brand","embeddable":true,"href":"https:\/\/nordicmart.andreevmaster.com\/fi\/wp-json\/wp\/v2\/product_brand?post=37607"},{"taxonomy":"product_cat","embeddable":true,"href":"https:\/\/nordicmart.andreevmaster.com\/fi\/wp-json\/wp\/v2\/product_cat?post=37607"},{"taxonomy":"product_tag","embeddable":true,"href":"https:\/\/nordicmart.andreevmaster.com\/fi\/wp-json\/wp\/v2\/product_tag?post=37607"}],"curies":[{"name":"wp","href":"https:\/\/api.w.org\/{rel}","templated":true}]}}