{"id":37598,"date":"2026-02-27T00:40:01","date_gmt":"2026-02-27T00:40:01","guid":{"rendered":"https:\/\/nordicmart.andreevmaster.com\/product\/feandrea-ortopedinen-koiranpeti-76-x-51-x-8-cm-koko-m\/"},"modified":"2026-02-27T09:56:28","modified_gmt":"2026-02-27T09:56:28","slug":"feandrea-ortopedinen-koiranpeti-76-x-51-x-8-cm-koko-m","status":"publish","type":"product","link":"https:\/\/nordicmart.andreevmaster.com\/fi\/tuote\/feandrea-ortopedinen-koiranpeti-76-x-51-x-8-cm-koko-m\/","title":{"rendered":"Feandrea ortopedinen koiranpeti 76 x 51 x 8 cm koko M"},"content":{"rendered":"<p>Feandrea koiranpeti, pest\u00e4v\u00e4 koiran tyyny, irrotettava koiran matto, vedenpit\u00e4v\u00e4, 76 x 51 x 8 cm, koko M, pienille ja minikoirille, kyyhkynharmaa PGW241G01<br \/>\nV\u00e4ri: kyyhkynharmaa<br \/>\nMateriaali: flanelli 240 g\/m\u00b2, Oxford-kangas, noppamuovi<br \/>\nKoko: 76 x 51 x 8 cm (P x L x K)<br \/>\nPaino: 1,1 kg<\/p>\n","protected":false},"excerpt":{"rendered":"<p>Feandrea koiranpeti, pest\u00e4v\u00e4 koiran tyyny, irrotettava koiran matto, vedenpit\u00e4v\u00e4, 76 x 51 x 8 cm, koko M, pienille ja minikoirille, kyyhkynharmaa PGW241G01<\/p>\n","protected":false},"featured_media":45472,"comment_status":"open","ping_status":"closed","template":"","meta":[],"product_brand":[],"product_cat":[32],"product_tag":[],"class_list":{"0":"post-37598","1":"product","2":"type-product","3":"status-publish","4":"has-post-thumbnail","6":"product_cat-uncategorized-fi","8":"first","9":"instock","10":"shipping-taxable","11":"purchasable","12":"product-type-simple"},"_links":{"self":[{"href":"https:\/\/nordicmart.andreevmaster.com\/fi\/wp-json\/wp\/v2\/product\/37598","targetHints":{"allow":["GET"]}}],"collection":[{"href":"https:\/\/nordicmart.andreevmaster.com\/fi\/wp-json\/wp\/v2\/product"}],"about":[{"href":"https:\/\/nordicmart.andreevmaster.com\/fi\/wp-json\/wp\/v2\/types\/product"}],"replies":[{"embeddable":true,"href":"https:\/\/nordicmart.andreevmaster.com\/fi\/wp-json\/wp\/v2\/comments?post=37598"}],"wp:featuredmedia":[{"embeddable":true,"href":"https:\/\/nordicmart.andreevmaster.com\/fi\/wp-json\/wp\/v2\/media\/45472"}],"wp:attachment":[{"href":"https:\/\/nordicmart.andreevmaster.com\/fi\/wp-json\/wp\/v2\/media?parent=37598"}],"wp:term":[{"taxonomy":"product_brand","embeddable":true,"href":"https:\/\/nordicmart.andreevmaster.com\/fi\/wp-json\/wp\/v2\/product_brand?post=37598"},{"taxonomy":"product_cat","embeddable":true,"href":"https:\/\/nordicmart.andreevmaster.com\/fi\/wp-json\/wp\/v2\/product_cat?post=37598"},{"taxonomy":"product_tag","embeddable":true,"href":"https:\/\/nordicmart.andreevmaster.com\/fi\/wp-json\/wp\/v2\/product_tag?post=37598"}],"curies":[{"name":"wp","href":"https:\/\/api.w.org\/{rel}","templated":true}]}}