{"id":37592,"date":"2026-02-27T00:39:59","date_gmt":"2026-02-27T00:39:59","guid":{"rendered":"https:\/\/nordicmart.andreevmaster.com\/product\/feandrea-irrotettava-ja-pestava-koiranpeti-ombre-harmaa\/"},"modified":"2026-02-27T09:56:27","modified_gmt":"2026-02-27T09:56:27","slug":"feandrea-irrotettava-ja-pestava-koiranpeti-ombre-harmaa","status":"publish","type":"product","link":"https:\/\/nordicmart.andreevmaster.com\/fi\/tuote\/feandrea-irrotettava-ja-pestava-koiranpeti-ombre-harmaa\/","title":{"rendered":"Feandrea irrotettava ja pest\u00e4v\u00e4 koiranpeti, ombr\u00e9-harmaa"},"content":{"rendered":"<p>Feandrea FluffyHug koiranpeti, koiran tyyny koko XL, koiran matto keskikokoisille ja suurille koirille, koiran sohva noppamuovivaahtomuovi, irrotettava ja pest\u00e4v\u00e4 p\u00e4\u00e4llinen<br \/>\nV\u00e4ri: Ombr\u00e9-harmaa<br \/>\nMateriaali: PV-plush, noppamuovi<br \/>\nKoko: 91 x 68 x 23 cm (P x L x K)<br \/>\nPaino: 2,6 kg<\/p>\n","protected":false},"excerpt":{"rendered":"<p>Feandrea FluffyHug koiranpeti, koiran tyyny koko XL, koiran matto keskikokoisille ja suurille koirille, koiran sohva noppamuovivaahtomuovi, irrotettava ja pest\u00e4v\u00e4 p\u00e4\u00e4llinen<\/p>\n","protected":false},"featured_media":45466,"comment_status":"open","ping_status":"closed","template":"","meta":[],"product_brand":[],"product_cat":[32],"product_tag":[],"class_list":{"0":"post-37592","1":"product","2":"type-product","3":"status-publish","4":"has-post-thumbnail","6":"product_cat-uncategorized-fi","8":"first","9":"instock","10":"shipping-taxable","11":"purchasable","12":"product-type-simple"},"_links":{"self":[{"href":"https:\/\/nordicmart.andreevmaster.com\/fi\/wp-json\/wp\/v2\/product\/37592","targetHints":{"allow":["GET"]}}],"collection":[{"href":"https:\/\/nordicmart.andreevmaster.com\/fi\/wp-json\/wp\/v2\/product"}],"about":[{"href":"https:\/\/nordicmart.andreevmaster.com\/fi\/wp-json\/wp\/v2\/types\/product"}],"replies":[{"embeddable":true,"href":"https:\/\/nordicmart.andreevmaster.com\/fi\/wp-json\/wp\/v2\/comments?post=37592"}],"wp:featuredmedia":[{"embeddable":true,"href":"https:\/\/nordicmart.andreevmaster.com\/fi\/wp-json\/wp\/v2\/media\/45466"}],"wp:attachment":[{"href":"https:\/\/nordicmart.andreevmaster.com\/fi\/wp-json\/wp\/v2\/media?parent=37592"}],"wp:term":[{"taxonomy":"product_brand","embeddable":true,"href":"https:\/\/nordicmart.andreevmaster.com\/fi\/wp-json\/wp\/v2\/product_brand?post=37592"},{"taxonomy":"product_cat","embeddable":true,"href":"https:\/\/nordicmart.andreevmaster.com\/fi\/wp-json\/wp\/v2\/product_cat?post=37592"},{"taxonomy":"product_tag","embeddable":true,"href":"https:\/\/nordicmart.andreevmaster.com\/fi\/wp-json\/wp\/v2\/product_tag?post=37592"}],"curies":[{"name":"wp","href":"https:\/\/api.w.org\/{rel}","templated":true}]}}