{"id":37591,"date":"2026-02-27T00:39:59","date_gmt":"2026-02-27T00:39:59","guid":{"rendered":"https:\/\/nordicmart.andreevmaster.com\/product\/feandrea-koiranpeti-m-irrotettava-ja-pestava-paallinen\/"},"modified":"2026-02-27T09:56:27","modified_gmt":"2026-02-27T09:56:27","slug":"feandrea-koiranpeti-m-irrotettava-ja-pestava-paallinen","status":"publish","type":"product","link":"https:\/\/nordicmart.andreevmaster.com\/fi\/tuote\/feandrea-koiranpeti-m-irrotettava-ja-pestava-paallinen\/","title":{"rendered":"Feandrea koiranpeti M irrotettava ja pest\u00e4v\u00e4 p\u00e4\u00e4llinen"},"content":{"rendered":"<p>Feandrea FluffyHug koiranpeti, koiran tyyny koko XL, koiran matto keskikokoisille ja suurille koirille, koiran sohva noppamuovivaahtomuovi, irrotettava ja pest\u00e4v\u00e4 p\u00e4\u00e4llinen<br \/>\nV\u00e4ri: tummanharmaa<br \/>\nMateriaali: PV-plush, noppamuovi<br \/>\nKoko: 76 x 58 x 23 cm (P x L x K)<br \/>\nPaino: 2 kg<\/p>\n","protected":false},"excerpt":{"rendered":"<p>Feandrea FluffyHug koiranpeti, koiran tyyny koko XL, koiran matto keskikokoisille ja suurille koirille, koiran sohva noppamuovivaahtomuovi, irrotettava ja pest\u00e4v\u00e4 p\u00e4\u00e4llinen<\/p>\n","protected":false},"featured_media":45465,"comment_status":"open","ping_status":"closed","template":"","meta":[],"product_brand":[],"product_cat":[32],"product_tag":[],"class_list":{"0":"post-37591","1":"product","2":"type-product","3":"status-publish","4":"has-post-thumbnail","6":"product_cat-uncategorized-fi","8":"first","9":"instock","10":"shipping-taxable","11":"purchasable","12":"product-type-simple"},"_links":{"self":[{"href":"https:\/\/nordicmart.andreevmaster.com\/fi\/wp-json\/wp\/v2\/product\/37591","targetHints":{"allow":["GET"]}}],"collection":[{"href":"https:\/\/nordicmart.andreevmaster.com\/fi\/wp-json\/wp\/v2\/product"}],"about":[{"href":"https:\/\/nordicmart.andreevmaster.com\/fi\/wp-json\/wp\/v2\/types\/product"}],"replies":[{"embeddable":true,"href":"https:\/\/nordicmart.andreevmaster.com\/fi\/wp-json\/wp\/v2\/comments?post=37591"}],"wp:featuredmedia":[{"embeddable":true,"href":"https:\/\/nordicmart.andreevmaster.com\/fi\/wp-json\/wp\/v2\/media\/45465"}],"wp:attachment":[{"href":"https:\/\/nordicmart.andreevmaster.com\/fi\/wp-json\/wp\/v2\/media?parent=37591"}],"wp:term":[{"taxonomy":"product_brand","embeddable":true,"href":"https:\/\/nordicmart.andreevmaster.com\/fi\/wp-json\/wp\/v2\/product_brand?post=37591"},{"taxonomy":"product_cat","embeddable":true,"href":"https:\/\/nordicmart.andreevmaster.com\/fi\/wp-json\/wp\/v2\/product_cat?post=37591"},{"taxonomy":"product_tag","embeddable":true,"href":"https:\/\/nordicmart.andreevmaster.com\/fi\/wp-json\/wp\/v2\/product_tag?post=37591"}],"curies":[{"name":"wp","href":"https:\/\/api.w.org\/{rel}","templated":true}]}}