{"id":37588,"date":"2026-02-27T00:39:58","date_gmt":"2026-02-27T00:39:58","guid":{"rendered":"https:\/\/nordicmart.andreevmaster.com\/product\/feandrea-koiranpeti-kaannettavalla-tyynylla-60-x-50-x-20-cm\/"},"modified":"2026-02-27T09:56:26","modified_gmt":"2026-02-27T09:56:26","slug":"feandrea-koiranpeti-kaannettavalla-tyynylla-60-x-50-x-20-cm","status":"publish","type":"product","link":"https:\/\/nordicmart.andreevmaster.com\/fi\/tuote\/feandrea-koiranpeti-kaannettavalla-tyynylla-60-x-50-x-20-cm\/","title":{"rendered":"Feandrea koiranpeti k\u00e4\u00e4nnett\u00e4v\u00e4ll\u00e4 tyynyll\u00e4 60 x 50 x 20 cm"},"content":{"rendered":"<p>Laatu vai tyyli? T\u00e4m\u00e4n lemmikkis\u00e4ngyn kohdalla t\u00e4t\u00e4 kysymyst\u00e4 ei tarvitse pohtia, sill\u00e4 se yhdist\u00e4\u00e4 molemmat ominaisuudet. Ulkopuolen kest\u00e4v\u00e4 puuvilla-polyesteriseos kest\u00e4\u00e4 my\u00f6s kovemmatkin tassuniskut, mutta tyylik\u00e4s musta kangas tekee koiran sohvasta samalla tyylikk\u00e4\u00e4n sisustusesineen. T\u00e4h\u00e4n vaikuttaa my\u00f6s vaalea k\u00e4\u00e4nnett\u00e4v\u00e4 tyyny PV-fleece\u00e4, joka tarjoaa tehokkaan kontrastin ulkokangasta mustaan. Turvallinen paikka T\u00e4m\u00e4n koiran korin korotettujen reunojen ansiosta nelijalkainen yst\u00e4v\u00e4si tuntee olevansa t\u00e4ysin suojassa. Erityisesti vedot ja lattian kylmyys pysyv\u00e4t poissa korkeiden seinien ja erinomaisen pehmusteen ansiosta. Puuttuuko koiraltasi viel\u00e4 mukava s\u00e4nky? &#8211; Lahjoita sille sitten t\u00e4m\u00e4 koiranpeti, joka sopii enint\u00e4\u00e4n 8 kg painaville el\u00e4imille. Tuotetiedot: &#8211; V\u00e4ri: musta &#8211; Materiaali: sekoitekangas (puuvilla, polyesteri), PV-fleece, polypropeenit\u00e4yte &#8211; Ulkomitat: 55 x 50 x 20 cm (P x L x K) &#8211; Sis\u00e4mitat: 33 x 32 cm &#8211; Nettopaino: 1,3 kg Toimitussis\u00e4lt\u00f6: &#8211; 1 x koiranpeti FEANDREA Huomautukset: &#8211; \u00c4l\u00e4 altista tuotetta suoralle auringonvalolle tai aseta sit\u00e4 kosteaan ymp\u00e4rist\u00f6\u00f6n. &#8211; Tuote ei saa joutua kosketuksiin ter\u00e4vien esineiden kanssa.- Suosittelemme pesem\u00e4\u00e4n t\u00e4m\u00e4n tuotteen k\u00e4sin. &#8211; Koiranpeti ei ole purulelu nelijalkaisille yst\u00e4villesi; est\u00e4 koiraasi puremasta peti\u00e4. &#8211; Saumanvaran vuoksi t\u00e4m\u00e4n tyyppiset tuotteet voivat poiketa ilmoittamistamme mitoista enint\u00e4\u00e4n 3 cm. &#8211; \u00c4l\u00e4 k\u00e4yt\u00e4 t\u00e4t\u00e4 tuotetta yli 40 \u00baC:n l\u00e4mp\u00f6tilassa. Jos lattiassa on lattial\u00e4mmitys, k\u00e4yt\u00e4 lis\u00e4ksi alustaa.<\/p>\n","protected":false},"excerpt":{"rendered":"<p>Feandrea pieni koiranpeti, k\u00e4\u00e4nnett\u00e4v\u00e4 tyyny ja liukumaton pohja, ulkomitat: 60 x 50 cm, PGW22G<\/p>\n","protected":false},"featured_media":45462,"comment_status":"open","ping_status":"closed","template":"","meta":[],"product_brand":[],"product_cat":[32],"product_tag":[],"class_list":{"0":"post-37588","1":"product","2":"type-product","3":"status-publish","4":"has-post-thumbnail","6":"product_cat-uncategorized-fi","8":"first","9":"instock","10":"shipping-taxable","11":"purchasable","12":"product-type-simple"},"_links":{"self":[{"href":"https:\/\/nordicmart.andreevmaster.com\/fi\/wp-json\/wp\/v2\/product\/37588","targetHints":{"allow":["GET"]}}],"collection":[{"href":"https:\/\/nordicmart.andreevmaster.com\/fi\/wp-json\/wp\/v2\/product"}],"about":[{"href":"https:\/\/nordicmart.andreevmaster.com\/fi\/wp-json\/wp\/v2\/types\/product"}],"replies":[{"embeddable":true,"href":"https:\/\/nordicmart.andreevmaster.com\/fi\/wp-json\/wp\/v2\/comments?post=37588"}],"wp:featuredmedia":[{"embeddable":true,"href":"https:\/\/nordicmart.andreevmaster.com\/fi\/wp-json\/wp\/v2\/media\/45462"}],"wp:attachment":[{"href":"https:\/\/nordicmart.andreevmaster.com\/fi\/wp-json\/wp\/v2\/media?parent=37588"}],"wp:term":[{"taxonomy":"product_brand","embeddable":true,"href":"https:\/\/nordicmart.andreevmaster.com\/fi\/wp-json\/wp\/v2\/product_brand?post=37588"},{"taxonomy":"product_cat","embeddable":true,"href":"https:\/\/nordicmart.andreevmaster.com\/fi\/wp-json\/wp\/v2\/product_cat?post=37588"},{"taxonomy":"product_tag","embeddable":true,"href":"https:\/\/nordicmart.andreevmaster.com\/fi\/wp-json\/wp\/v2\/product_tag?post=37588"}],"curies":[{"name":"wp","href":"https:\/\/api.w.org\/{rel}","templated":true}]}}