{"id":37577,"date":"2026-02-27T00:39:55","date_gmt":"2026-02-27T00:39:55","guid":{"rendered":"https:\/\/nordicmart.andreevmaster.com\/product\/feandrea-feandrea-fluffyhug-koiranpeti-pehmustettu-koiranpeitto-sohvasuoja-koiralle-koiran-tyyny-koko-m-pienille-ja-keskikokoisille-koirille-80-x-75-x-16-cm-tummanharmaa-pgw221g02\/"},"modified":"2026-02-27T09:56:24","modified_gmt":"2026-02-27T09:56:24","slug":"feandrea-feandrea-fluffyhug-koiranpeti-pehmustettu-koiranpeitto-sohvasuoja-koiralle-koiran-tyyny-koko-m-pienille-ja-keskikokoisille-koirille-80-x-75-x-16-cm-tummanharmaa-pgw221g02","status":"publish","type":"product","link":"https:\/\/nordicmart.andreevmaster.com\/fi\/tuote\/feandrea-feandrea-fluffyhug-koiranpeti-pehmustettu-koiranpeitto-sohvasuoja-koiralle-koiran-tyyny-koko-m-pienille-ja-keskikokoisille-koirille-80-x-75-x-16-cm-tummanharmaa-pgw221g02\/","title":{"rendered":"Feandrea Feandrea FluffyHug koiranpeti, pehmustettu, koiranpeitto, sohvasuoja koiralle, koiran tyyny, koko M, pienille ja keskikokoisille koirille, 80 x 75 x 16 cm, tummanharmaa PGW221G02"},"content":{"rendered":"<p>Tuotetiedot:<\/p>\n<p>V\u00e4ri: tummanharmaa<br \/>\nMateriaali: Pehme\u00e4, TPU-pinnoite, PP-t\u00e4yte<br \/>\nKoko: 80 x 75 x 16 cm (P x L x K)<br \/>\nPaino: 1,2 kg<br \/>\nToimitus sis\u00e4lt\u00e4\u00e4:<\/p>\n<p>1 x koiranpeti sohvalle<br \/>\nFeandrea Huomautukset:<\/p>\n<p>Ommelluissa tuotteissa voi olla 2\u20133 cm:n mittaeroja. Mittaa lemmikkisi varmistaaksesi, ett\u00e4 t\u00e4m\u00e4 koiranpeti sopii sen kokoon.<br \/>\nKoiran sohva toimitetaan tyhji\u00f6pakkauksessa. Voit ravistaa ja p\u00f6yhi\u00e4 sit\u00e4, jotta se on heti k\u00e4ytt\u00f6valmis, mutta se muuttuu viel\u00e4 pehme\u00e4mm\u00e4ksi, jos annat sen seist\u00e4 48 tuntia, kunnes se on saavuttanut t\u00e4yden koon.<br \/>\nRavista koiran tyyny\u00e4 puhdistuksen j\u00e4lkeen, jotta se palautuu alkuper\u00e4iseen muotoonsa.<br \/>\nPid\u00e4 koiran tyyny poissa l\u00e4mm\u00f6nl\u00e4hteist\u00e4, joiden l\u00e4mp\u00f6tila on 40 \u2103 tai enemm\u00e4n, kuten pattereista. Jos k\u00e4yt\u00e4t lattial\u00e4mmityst\u00e4, aseta koiran tyyny matolle.<br \/>\nSuosittelemme pesem\u00e4\u00e4n p\u00e4\u00e4llisen l\u00e4mpim\u00e4ss\u00e4 vedess\u00e4, jonka l\u00e4mp\u00f6tila on enint\u00e4\u00e4n 40 \u00b0C. Huomaa, ett\u00e4 PP-t\u00e4ytett\u00e4 ei voi pest\u00e4.<\/p>\n","protected":false},"excerpt":{"rendered":"<p>Tuotetiedot: V\u00e4ri: tummanharmaa Materiaali: Pehme\u00e4, TPU-pinnoite, PP-t\u00e4yte Koko: 80 x 75 x 16 cm (P x L x K) Paino: 1,2 kg Toimitus sis\u00e4lt\u00e4\u00e4: 1 x koiranpeti sohvalle Feandrea Huomautukset: Ommelluissa tuotteissa voi olla 2\u20133 cm:n mittaeroja. Mittaa lemmikkisi varmistaaksesi, ett\u00e4 t\u00e4m\u00e4 koiranpeti sopii sen kokoon. Koiran sohva toimitetaan tyhji\u00f6pakkauksessa. Voit ravistaa ja p\u00f6yhi\u00e4 sit\u00e4, [&hellip;]<\/p>\n","protected":false},"featured_media":46696,"comment_status":"open","ping_status":"closed","template":"","meta":[],"product_brand":[],"product_cat":[32],"product_tag":[],"class_list":{"0":"post-37577","1":"product","2":"type-product","3":"status-publish","4":"has-post-thumbnail","6":"product_cat-uncategorized-fi","8":"first","9":"instock","10":"shipping-taxable","11":"purchasable","12":"product-type-simple"},"_links":{"self":[{"href":"https:\/\/nordicmart.andreevmaster.com\/fi\/wp-json\/wp\/v2\/product\/37577","targetHints":{"allow":["GET"]}}],"collection":[{"href":"https:\/\/nordicmart.andreevmaster.com\/fi\/wp-json\/wp\/v2\/product"}],"about":[{"href":"https:\/\/nordicmart.andreevmaster.com\/fi\/wp-json\/wp\/v2\/types\/product"}],"replies":[{"embeddable":true,"href":"https:\/\/nordicmart.andreevmaster.com\/fi\/wp-json\/wp\/v2\/comments?post=37577"}],"wp:featuredmedia":[{"embeddable":true,"href":"https:\/\/nordicmart.andreevmaster.com\/fi\/wp-json\/wp\/v2\/media\/46696"}],"wp:attachment":[{"href":"https:\/\/nordicmart.andreevmaster.com\/fi\/wp-json\/wp\/v2\/media?parent=37577"}],"wp:term":[{"taxonomy":"product_brand","embeddable":true,"href":"https:\/\/nordicmart.andreevmaster.com\/fi\/wp-json\/wp\/v2\/product_brand?post=37577"},{"taxonomy":"product_cat","embeddable":true,"href":"https:\/\/nordicmart.andreevmaster.com\/fi\/wp-json\/wp\/v2\/product_cat?post=37577"},{"taxonomy":"product_tag","embeddable":true,"href":"https:\/\/nordicmart.andreevmaster.com\/fi\/wp-json\/wp\/v2\/product_tag?post=37577"}],"curies":[{"name":"wp","href":"https:\/\/api.w.org\/{rel}","templated":true}]}}