{"id":37572,"date":"2026-02-27T00:39:54","date_gmt":"2026-02-27T00:39:54","guid":{"rendered":"https:\/\/nordicmart.andreevmaster.com\/product\/feandrea-koiranpeti-pehmustettu-irrotettava-ja-pestava-paallinen-110-x-73-x-10-cm\/"},"modified":"2026-02-27T09:56:23","modified_gmt":"2026-02-27T09:56:23","slug":"feandrea-koiranpeti-pehmustettu-irrotettava-ja-pestava-paallinen-110-x-73-x-10-cm","status":"publish","type":"product","link":"https:\/\/nordicmart.andreevmaster.com\/fi\/tuote\/feandrea-koiranpeti-pehmustettu-irrotettava-ja-pestava-paallinen-110-x-73-x-10-cm\/","title":{"rendered":"Feandrea koiranpeti, pehmustettu, irrotettava ja pest\u00e4v\u00e4 p\u00e4\u00e4llinen 110 x 73 x 10 cm"},"content":{"rendered":"<p>Feandrea koiranpeti, koiran tyyny, koiran matto, koiran sohva, lemmikeille, irrotettava ja pest\u00e4v\u00e4 p\u00e4\u00e4llinen, koko XL, keskikokoisille ja suurille koirille, 110 x 73 x 10 cm, ombr\u00e9-harmaa PGW213G01<br \/>\nV\u00e4ri: ombr\u00e9-harmaa<br \/>\nMateriaali: pehmustettu, noppamuovi<br \/>\nKoko: 110 x 73 x 10 cm (P x L x K)<br \/>\nPaino: 1,9 kg<\/p>\n","protected":false},"excerpt":{"rendered":"<p>Feandrea koiranpeti, koiran tyyny, koiran matto, koiran sohva, lemmikeille, irrotettava ja pest\u00e4v\u00e4 p\u00e4\u00e4llinen, koko XL, keskikokoisille ja suurille koirille, 110 x 73 x 10 cm, ombr\u00e9-harmaa PGW213G01<\/p>\n","protected":false},"featured_media":45448,"comment_status":"open","ping_status":"closed","template":"","meta":[],"product_brand":[],"product_cat":[32],"product_tag":[],"class_list":{"0":"post-37572","1":"product","2":"type-product","3":"status-publish","4":"has-post-thumbnail","6":"product_cat-uncategorized-fi","8":"first","9":"instock","10":"shipping-taxable","11":"purchasable","12":"product-type-simple"},"_links":{"self":[{"href":"https:\/\/nordicmart.andreevmaster.com\/fi\/wp-json\/wp\/v2\/product\/37572","targetHints":{"allow":["GET"]}}],"collection":[{"href":"https:\/\/nordicmart.andreevmaster.com\/fi\/wp-json\/wp\/v2\/product"}],"about":[{"href":"https:\/\/nordicmart.andreevmaster.com\/fi\/wp-json\/wp\/v2\/types\/product"}],"replies":[{"embeddable":true,"href":"https:\/\/nordicmart.andreevmaster.com\/fi\/wp-json\/wp\/v2\/comments?post=37572"}],"wp:featuredmedia":[{"embeddable":true,"href":"https:\/\/nordicmart.andreevmaster.com\/fi\/wp-json\/wp\/v2\/media\/45448"}],"wp:attachment":[{"href":"https:\/\/nordicmart.andreevmaster.com\/fi\/wp-json\/wp\/v2\/media?parent=37572"}],"wp:term":[{"taxonomy":"product_brand","embeddable":true,"href":"https:\/\/nordicmart.andreevmaster.com\/fi\/wp-json\/wp\/v2\/product_brand?post=37572"},{"taxonomy":"product_cat","embeddable":true,"href":"https:\/\/nordicmart.andreevmaster.com\/fi\/wp-json\/wp\/v2\/product_cat?post=37572"},{"taxonomy":"product_tag","embeddable":true,"href":"https:\/\/nordicmart.andreevmaster.com\/fi\/wp-json\/wp\/v2\/product_tag?post=37572"}],"curies":[{"name":"wp","href":"https:\/\/api.w.org\/{rel}","templated":true}]}}