{"id":37569,"date":"2026-02-27T00:39:53","date_gmt":"2026-02-27T00:39:53","guid":{"rendered":"https:\/\/nordicmart.andreevmaster.com\/product\/feandrea-koiranpeti-plusch-80-x-50-x-8-cm-tummanharmaa-m\/"},"modified":"2026-02-27T09:56:22","modified_gmt":"2026-02-27T09:56:22","slug":"feandrea-koiranpeti-plusch-80-x-50-x-8-cm-tummanharmaa-m","status":"publish","type":"product","link":"https:\/\/nordicmart.andreevmaster.com\/fi\/tuote\/feandrea-koiranpeti-plusch-80-x-50-x-8-cm-tummanharmaa-m\/","title":{"rendered":"Feandrea koiranpeti Pl\u00fcsch 80 x 50 x 8 cm tummanharmaa M"},"content":{"rendered":"<p>Feandrea koiranpeti, koiran tyyny, koiran matto, koiran sohva, lemmikeille, irrotettava ja pest\u00e4v\u00e4 p\u00e4\u00e4llinen, koko XL, keskikokoisille ja suurille koirille, 110 x 73 x 10 cm, ombr\u00e9-harmaa PGW213G01<br \/>\nV\u00e4ri: tummanharmaa<br \/>\nMateriaali: pehmolelu, noppamuovi<br \/>\nKoko: 80 x 50 x 8 cm (P x L x K)<br \/>\nPaino: 0,9 kg<\/p>\n","protected":false},"excerpt":{"rendered":"<p>Feandrea koiranpeti, koiran tyyny, koiran matto, koiran sohva, lemmikeille, irrotettava ja pest\u00e4v\u00e4 p\u00e4\u00e4llinen, koko XL, keskikokoisille ja suurille koirille, 110 x 73 x 10 cm, ombr\u00e9-harmaa PGW213G01<\/p>\n","protected":false},"featured_media":45445,"comment_status":"open","ping_status":"closed","template":"","meta":[],"product_brand":[],"product_cat":[32],"product_tag":[],"class_list":{"0":"post-37569","1":"product","2":"type-product","3":"status-publish","4":"has-post-thumbnail","6":"product_cat-uncategorized-fi","8":"first","9":"instock","10":"shipping-taxable","11":"purchasable","12":"product-type-simple"},"_links":{"self":[{"href":"https:\/\/nordicmart.andreevmaster.com\/fi\/wp-json\/wp\/v2\/product\/37569","targetHints":{"allow":["GET"]}}],"collection":[{"href":"https:\/\/nordicmart.andreevmaster.com\/fi\/wp-json\/wp\/v2\/product"}],"about":[{"href":"https:\/\/nordicmart.andreevmaster.com\/fi\/wp-json\/wp\/v2\/types\/product"}],"replies":[{"embeddable":true,"href":"https:\/\/nordicmart.andreevmaster.com\/fi\/wp-json\/wp\/v2\/comments?post=37569"}],"wp:featuredmedia":[{"embeddable":true,"href":"https:\/\/nordicmart.andreevmaster.com\/fi\/wp-json\/wp\/v2\/media\/45445"}],"wp:attachment":[{"href":"https:\/\/nordicmart.andreevmaster.com\/fi\/wp-json\/wp\/v2\/media?parent=37569"}],"wp:term":[{"taxonomy":"product_brand","embeddable":true,"href":"https:\/\/nordicmart.andreevmaster.com\/fi\/wp-json\/wp\/v2\/product_brand?post=37569"},{"taxonomy":"product_cat","embeddable":true,"href":"https:\/\/nordicmart.andreevmaster.com\/fi\/wp-json\/wp\/v2\/product_cat?post=37569"},{"taxonomy":"product_tag","embeddable":true,"href":"https:\/\/nordicmart.andreevmaster.com\/fi\/wp-json\/wp\/v2\/product_tag?post=37569"}],"curies":[{"name":"wp","href":"https:\/\/api.w.org\/{rel}","templated":true}]}}