{"id":37567,"date":"2026-02-27T00:39:53","date_gmt":"2026-02-27T00:39:53","guid":{"rendered":"https:\/\/nordicmart.andreevmaster.com\/product\/feandrea-pehmealla-pehmusteella-varustettu-koiranpeti-140-x-100-cm\/"},"modified":"2026-02-27T09:56:22","modified_gmt":"2026-02-27T09:56:22","slug":"feandrea-pehmealla-pehmusteella-varustettu-koiranpeti-140-x-100-cm","status":"publish","type":"product","link":"https:\/\/nordicmart.andreevmaster.com\/fi\/tuote\/feandrea-pehmealla-pehmusteella-varustettu-koiranpeti-140-x-100-cm\/","title":{"rendered":"Feandrea pehme\u00e4ll\u00e4 pehmusteella varustettu koiranpeti 140 x 100 cm"},"content":{"rendered":"<p>Feandrea koiranpeti, koiran tyyny, pehme\u00e4 koiranmatto, pitk\u00e4 pehmolelu, 80 x 50 cm, pehme\u00e4 pehmuste, konepest\u00e4v\u00e4, koiran kori, monik\u00e4ytt\u00f6inen, kannettava, vaaleanharmaa PGW201G01<br \/>\nV\u00e4ri: ombr\u00e9-harmaa<br \/>\nMateriaali: PV-plush, PP-t\u00e4yte, kangas kumipisteill\u00e4<br \/>\nKoko: 140 x 100 cm (P x L)<br \/>\nKoiran maton paksuus: 12 cm<br \/>\nPaino: 3,5 kg<\/p>\n","protected":false},"excerpt":{"rendered":"<p>Feandrea koiranpeti, koiran tyyny, pehme\u00e4 koiranmatto, pitk\u00e4 pehmolelu, 80 x 50 cm, pehme\u00e4 pehmuste, konepest\u00e4v\u00e4, koiran kori, monik\u00e4ytt\u00f6inen, kannettava, vaaleanharmaa PGW201G01<\/p>\n","protected":false},"featured_media":45443,"comment_status":"open","ping_status":"closed","template":"","meta":[],"product_brand":[],"product_cat":[32],"product_tag":[],"class_list":{"0":"post-37567","1":"product","2":"type-product","3":"status-publish","4":"has-post-thumbnail","6":"product_cat-uncategorized-fi","8":"first","9":"instock","10":"shipping-taxable","11":"purchasable","12":"product-type-simple"},"_links":{"self":[{"href":"https:\/\/nordicmart.andreevmaster.com\/fi\/wp-json\/wp\/v2\/product\/37567","targetHints":{"allow":["GET"]}}],"collection":[{"href":"https:\/\/nordicmart.andreevmaster.com\/fi\/wp-json\/wp\/v2\/product"}],"about":[{"href":"https:\/\/nordicmart.andreevmaster.com\/fi\/wp-json\/wp\/v2\/types\/product"}],"replies":[{"embeddable":true,"href":"https:\/\/nordicmart.andreevmaster.com\/fi\/wp-json\/wp\/v2\/comments?post=37567"}],"wp:featuredmedia":[{"embeddable":true,"href":"https:\/\/nordicmart.andreevmaster.com\/fi\/wp-json\/wp\/v2\/media\/45443"}],"wp:attachment":[{"href":"https:\/\/nordicmart.andreevmaster.com\/fi\/wp-json\/wp\/v2\/media?parent=37567"}],"wp:term":[{"taxonomy":"product_brand","embeddable":true,"href":"https:\/\/nordicmart.andreevmaster.com\/fi\/wp-json\/wp\/v2\/product_brand?post=37567"},{"taxonomy":"product_cat","embeddable":true,"href":"https:\/\/nordicmart.andreevmaster.com\/fi\/wp-json\/wp\/v2\/product_cat?post=37567"},{"taxonomy":"product_tag","embeddable":true,"href":"https:\/\/nordicmart.andreevmaster.com\/fi\/wp-json\/wp\/v2\/product_tag?post=37567"}],"curies":[{"name":"wp","href":"https:\/\/api.w.org\/{rel}","templated":true}]}}