{"id":37562,"date":"2026-02-27T00:39:51","date_gmt":"2026-02-27T00:39:51","guid":{"rendered":"https:\/\/nordicmart.andreevmaster.com\/product\/feandrea-pehmea-koiranpeti-110-x-73-cm-tummanharmaa\/"},"modified":"2026-02-27T09:56:21","modified_gmt":"2026-02-27T09:56:21","slug":"feandrea-pehmea-koiranpeti-110-x-73-cm-tummanharmaa","status":"publish","type":"product","link":"https:\/\/nordicmart.andreevmaster.com\/fi\/tuote\/feandrea-pehmea-koiranpeti-110-x-73-cm-tummanharmaa\/","title":{"rendered":"Feandrea Pehme\u00e4 koiranpeti 110 x 73 cm tummanharmaa"},"content":{"rendered":"<p>Feandrea koiranpeti, koiran tyyny, pehme\u00e4 koiranmatto, pitk\u00e4 pehmolelu, 80 x 50 cm, pehme\u00e4 pehmuste, konepest\u00e4v\u00e4, koiran kori, monik\u00e4ytt\u00f6inen, kannettava, vaaleanharmaa PGW201G01<br \/>\nV\u00e4ri: tummanharmaa<br \/>\nMateriaali: PV-pehmuste, PP-t\u00e4yte, kangas kumipisteill\u00e4<br \/>\nKoko: 110 x 73 cm (P x L)<br \/>\nKoiran maton paksuus: 10 cm<br \/>\nPaino: 2,2 kg<\/p>\n","protected":false},"excerpt":{"rendered":"<p>Feandrea koiranpeti, koiran tyyny, pehme\u00e4 koiranmatto, pitk\u00e4 pehmolelu, 80 x 50 cm, pehme\u00e4 pehmuste, konepest\u00e4v\u00e4, koiran kori, monik\u00e4ytt\u00f6inen, kannettava, vaaleanharmaa PGW201G01<\/p>\n","protected":false},"featured_media":45438,"comment_status":"open","ping_status":"closed","template":"","meta":[],"product_brand":[],"product_cat":[32],"product_tag":[],"class_list":{"0":"post-37562","1":"product","2":"type-product","3":"status-publish","4":"has-post-thumbnail","6":"product_cat-uncategorized-fi","8":"first","9":"instock","10":"shipping-taxable","11":"purchasable","12":"product-type-simple"},"_links":{"self":[{"href":"https:\/\/nordicmart.andreevmaster.com\/fi\/wp-json\/wp\/v2\/product\/37562","targetHints":{"allow":["GET"]}}],"collection":[{"href":"https:\/\/nordicmart.andreevmaster.com\/fi\/wp-json\/wp\/v2\/product"}],"about":[{"href":"https:\/\/nordicmart.andreevmaster.com\/fi\/wp-json\/wp\/v2\/types\/product"}],"replies":[{"embeddable":true,"href":"https:\/\/nordicmart.andreevmaster.com\/fi\/wp-json\/wp\/v2\/comments?post=37562"}],"wp:featuredmedia":[{"embeddable":true,"href":"https:\/\/nordicmart.andreevmaster.com\/fi\/wp-json\/wp\/v2\/media\/45438"}],"wp:attachment":[{"href":"https:\/\/nordicmart.andreevmaster.com\/fi\/wp-json\/wp\/v2\/media?parent=37562"}],"wp:term":[{"taxonomy":"product_brand","embeddable":true,"href":"https:\/\/nordicmart.andreevmaster.com\/fi\/wp-json\/wp\/v2\/product_brand?post=37562"},{"taxonomy":"product_cat","embeddable":true,"href":"https:\/\/nordicmart.andreevmaster.com\/fi\/wp-json\/wp\/v2\/product_cat?post=37562"},{"taxonomy":"product_tag","embeddable":true,"href":"https:\/\/nordicmart.andreevmaster.com\/fi\/wp-json\/wp\/v2\/product_tag?post=37562"}],"curies":[{"name":"wp","href":"https:\/\/api.w.org\/{rel}","templated":true}]}}