{"id":37557,"date":"2026-02-27T00:39:50","date_gmt":"2026-02-27T00:39:50","guid":{"rendered":"https:\/\/nordicmart.andreevmaster.com\/product\/feandrea-pehmea-koiranpeti-80-x-50-cm\/"},"modified":"2026-02-27T09:56:20","modified_gmt":"2026-02-27T09:56:20","slug":"feandrea-pehmea-koiranpeti-80-x-50-cm","status":"publish","type":"product","link":"https:\/\/nordicmart.andreevmaster.com\/fi\/tuote\/feandrea-pehmea-koiranpeti-80-x-50-cm\/","title":{"rendered":"Feandrea Pehme\u00e4 koiranpeti 80 x 50 cm"},"content":{"rendered":"<p>Tuotetiedot: &#8211; V\u00e4ri: vaaleanharmaa &#8211; Materiaali: PV-pehmuste, PP-t\u00e4yte, kangas, jossa kumipisteet &#8211; Koko: 80 x 50 cm (P x L) &#8211; Koiran maton paksuus: 10 cm &#8211; Paino: 1,2 kg Toimitus sis\u00e4lt\u00e4\u00e4: &#8211; 1 x koiranpeti FEANDREA Huomautukset:- T\u00e4m\u00e4 tuote toimitetaan tyhji\u00f6pakkauksessa. Ravista sit\u00e4 avaamisen j\u00e4lkeen ja anna sen seist\u00e4 48\u201372 tuntia, jotta se saavuttaa t\u00e4yden koon. &#8211; Ompeleilla varustetut tuotteet voivat poiketa 2\u20133 cm ilmoittamistamme mitoista. Mittaa lemmikkisi varmistaaksesi, ett\u00e4 t\u00e4m\u00e4 koiranpeti sopii sen kokoon. &#8211; Pid\u00e4 koiranpeti poissa l\u00e4mm\u00f6nl\u00e4hteist\u00e4, joiden l\u00e4mp\u00f6tila on 40 \u2103 tai enemm\u00e4n, kuten pattereista. Jos k\u00e4yt\u00e4t lattial\u00e4mmityst\u00e4, aseta tuote matolle.<\/p>\n","protected":false},"excerpt":{"rendered":"<p>Feandrea koiranpeti, koiran tyyny, pehme\u00e4 koiranmatto, pitk\u00e4 pehmolelu, 80 x 50 cm, pehme\u00e4 pehmuste, konepest\u00e4v\u00e4, koiran kori, monik\u00e4ytt\u00f6inen, kannettava, vaaleanharmaa PGW201G01<\/p>\n","protected":false},"featured_media":45433,"comment_status":"open","ping_status":"closed","template":"","meta":[],"product_brand":[],"product_cat":[32],"product_tag":[],"class_list":{"0":"post-37557","1":"product","2":"type-product","3":"status-publish","4":"has-post-thumbnail","6":"product_cat-uncategorized-fi","8":"first","9":"instock","10":"shipping-taxable","11":"purchasable","12":"product-type-simple"},"_links":{"self":[{"href":"https:\/\/nordicmart.andreevmaster.com\/fi\/wp-json\/wp\/v2\/product\/37557","targetHints":{"allow":["GET"]}}],"collection":[{"href":"https:\/\/nordicmart.andreevmaster.com\/fi\/wp-json\/wp\/v2\/product"}],"about":[{"href":"https:\/\/nordicmart.andreevmaster.com\/fi\/wp-json\/wp\/v2\/types\/product"}],"replies":[{"embeddable":true,"href":"https:\/\/nordicmart.andreevmaster.com\/fi\/wp-json\/wp\/v2\/comments?post=37557"}],"wp:featuredmedia":[{"embeddable":true,"href":"https:\/\/nordicmart.andreevmaster.com\/fi\/wp-json\/wp\/v2\/media\/45433"}],"wp:attachment":[{"href":"https:\/\/nordicmart.andreevmaster.com\/fi\/wp-json\/wp\/v2\/media?parent=37557"}],"wp:term":[{"taxonomy":"product_brand","embeddable":true,"href":"https:\/\/nordicmart.andreevmaster.com\/fi\/wp-json\/wp\/v2\/product_brand?post=37557"},{"taxonomy":"product_cat","embeddable":true,"href":"https:\/\/nordicmart.andreevmaster.com\/fi\/wp-json\/wp\/v2\/product_cat?post=37557"},{"taxonomy":"product_tag","embeddable":true,"href":"https:\/\/nordicmart.andreevmaster.com\/fi\/wp-json\/wp\/v2\/product_tag?post=37557"}],"curies":[{"name":"wp","href":"https:\/\/api.w.org\/{rel}","templated":true}]}}