{"id":37555,"date":"2026-02-27T00:39:49","date_gmt":"2026-02-27T00:39:49","guid":{"rendered":"https:\/\/nordicmart.andreevmaster.com\/product\/feandrea-koiranpeti-120-x-85-cm-tyynylla\/"},"modified":"2026-02-27T09:56:19","modified_gmt":"2026-02-27T09:56:19","slug":"feandrea-koiranpeti-120-x-85-cm-tyynylla","status":"publish","type":"product","link":"https:\/\/nordicmart.andreevmaster.com\/fi\/tuote\/feandrea-koiranpeti-120-x-85-cm-tyynylla\/","title":{"rendered":"Feandrea koiranpeti 120 x 85 cm tyynyll\u00e4"},"content":{"rendered":"<p>Hush, hush, koriin! T\u00e4m\u00e4 koiranpeti tarjoaa nelijalkaisellesi kodikkaan paikan, jossa se voi lev\u00e4t\u00e4 ja nukkua. 120 x 85 cm:n kokoinen kori sopii erityisesti suurille koiraroduille, kuten kultaisille noutajille, paimenkoirille tai bobtaileille. K\u00e4\u00e4nn\u00e4 ymp\u00e4ri, kiitos! Koiranpetiss\u00e4 on muutama pieni herkku: tyynyn voi k\u00e4\u00e4nt\u00e4\u00e4 ymp\u00e4ri, jotta koirasi voi k\u00e4perty\u00e4 joko keinokangasta tai pehmolelua vasten. Pehme\u00e4n tyynyn p\u00e4\u00e4llinen ja koiran sohvan p\u00e4\u00e4llinen ovat irrotettavia, jotta voit pest\u00e4 ne helposti pesukoneessa \u2013 likaiset koiran tassut eiv\u00e4t siis ole ongelma! Tuotetiedot: &#8211; V\u00e4ri: tummanharmaa &#8211; Materiaali: keinolinja, pehmolelu, PP-t\u00e4yte (polypropeeni) &#8211; Koko: 120 x 85 cm (P x L) &#8211; Paino: 4,3 kg Toimitussis\u00e4lt\u00f6: &#8211; 1 x koiranpeti &#8211; 1 x ohjeet (DE, EN, FR, ES, IT) FEANDREA Huomautukset:- \u00c4l\u00e4 altista tuotetta suoralle auringonvalolle tai aseta sit\u00e4 kosteaan ymp\u00e4rist\u00f6\u00f6n. &#8211; Koiranpeti ei ole purulelu nelijalkaisille yst\u00e4villesi; est\u00e4 koiraasi puremasta peti\u00e4. &#8211; Koiranpetimme on taitettu pakkausmieless\u00e4. Siksi se voi palautua normaaliin muotoonsa vasta 2\u20133 p\u00e4iv\u00e4n kuluttua. Saumojen vuoksi t\u00e4m\u00e4n tyyppisten tuotteiden mitat voivat poiketa ilmoittamistamme mitoista enint\u00e4\u00e4n 3 cm. &#8211; \u00c4l\u00e4 k\u00e4yt\u00e4 t\u00e4t\u00e4 tuotetta yli 40 \u00baC:n l\u00e4mp\u00f6tilassa. Jos lattiassa on lattial\u00e4mmitys, k\u00e4yt\u00e4 lis\u00e4ksi alustaa.<\/p>\n","protected":false},"excerpt":{"rendered":"<p>Feandrea koiranpeti, koiran kori, irrotettava p\u00e4\u00e4llinen, 120 x 85 cm, tummanharmaa PGW19GG<\/p>\n","protected":false},"featured_media":45431,"comment_status":"open","ping_status":"closed","template":"","meta":[],"product_brand":[],"product_cat":[32],"product_tag":[],"class_list":{"0":"post-37555","1":"product","2":"type-product","3":"status-publish","4":"has-post-thumbnail","6":"product_cat-uncategorized-fi","8":"first","9":"instock","10":"shipping-taxable","11":"purchasable","12":"product-type-simple"},"_links":{"self":[{"href":"https:\/\/nordicmart.andreevmaster.com\/fi\/wp-json\/wp\/v2\/product\/37555","targetHints":{"allow":["GET"]}}],"collection":[{"href":"https:\/\/nordicmart.andreevmaster.com\/fi\/wp-json\/wp\/v2\/product"}],"about":[{"href":"https:\/\/nordicmart.andreevmaster.com\/fi\/wp-json\/wp\/v2\/types\/product"}],"replies":[{"embeddable":true,"href":"https:\/\/nordicmart.andreevmaster.com\/fi\/wp-json\/wp\/v2\/comments?post=37555"}],"wp:featuredmedia":[{"embeddable":true,"href":"https:\/\/nordicmart.andreevmaster.com\/fi\/wp-json\/wp\/v2\/media\/45431"}],"wp:attachment":[{"href":"https:\/\/nordicmart.andreevmaster.com\/fi\/wp-json\/wp\/v2\/media?parent=37555"}],"wp:term":[{"taxonomy":"product_brand","embeddable":true,"href":"https:\/\/nordicmart.andreevmaster.com\/fi\/wp-json\/wp\/v2\/product_brand?post=37555"},{"taxonomy":"product_cat","embeddable":true,"href":"https:\/\/nordicmart.andreevmaster.com\/fi\/wp-json\/wp\/v2\/product_cat?post=37555"},{"taxonomy":"product_tag","embeddable":true,"href":"https:\/\/nordicmart.andreevmaster.com\/fi\/wp-json\/wp\/v2\/product_tag?post=37555"}],"curies":[{"name":"wp","href":"https:\/\/api.w.org\/{rel}","templated":true}]}}