{"id":37551,"date":"2026-02-27T00:39:48","date_gmt":"2026-02-27T00:39:48","guid":{"rendered":"https:\/\/nordicmart.andreevmaster.com\/product\/feandrea-ortopedinen-koiranpeti-90-x-75-x-25-cm\/"},"modified":"2026-02-27T09:56:18","modified_gmt":"2026-02-27T09:56:18","slug":"feandrea-ortopedinen-koiranpeti-90-x-75-x-25-cm","status":"publish","type":"product","link":"https:\/\/nordicmart.andreevmaster.com\/fi\/tuote\/feandrea-ortopedinen-koiranpeti-90-x-75-x-25-cm\/","title":{"rendered":"Feandrea ortopedinen koiranpeti 90 x 75 x 25 cm"},"content":{"rendered":"<p>Erityisen suuret koirat ja bulldogit k\u00e4rsiv\u00e4t painonsa ja luustorakenteensa vuoksi usein nivelvaivoista, kuten lonkkaviasta. Vanhemmat nelijalkaiset k\u00e4rsiv\u00e4t lis\u00e4ksi usein niveltulehduksesta tai vastaavista sairauksista. Siksi niiden ei pit\u00e4isi joutua nukkumaan liian kovalla tai ep\u00e4vakaalla koiranpetill\u00e4. FEANDREA:n suunnittelijat ovatkin luoneet koiran sohvan, jossa on 8 cm paksu muistivaahtokerros, joka mukautuu lemmikkisi kehoon ja kevent\u00e4\u00e4 sen niveli\u00e4. Ortopedisen koiranpetin muita etuja: &#8211; K\u00e4\u00e4nnett\u00e4v\u00e4 tyyny kest\u00e4v\u00e4st\u00e4 tekonahasta ja pehme\u00e4st\u00e4 PV-fleece-kankaasta &#8211; Tyynyn ja petin p\u00e4\u00e4llinen irrotettava; helppo puhdistaa &#8211; Runsaasti tilaa suurille koirille, joiden paino on enint\u00e4\u00e4n 30 kg &#8211; Varustettu luistamattomilla nupeilla Tuotetiedot:- V\u00e4ri: harmaa &#8211; Materiaali: tekonahka, PV-fleece (polyesteri), muistivaahto &#8211; Kokonaiskoko: 90 x 75 x 25 cm (P x L x K) &#8211; Makuutilan koko: 60 x 50 cm (P x L) &#8211; Paino: 2,8 kg &#8211; Maks. staattinen kantavuus: 30 kg Toimitus sis\u00e4lt\u00e4\u00e4:- 1 x koiranpeti &#8211; 1 x ohjeet (DE, EN, FR, ES, IT) FEANDREA Huomautukset: &#8211; Suojaa tuote kosteudelta ja suoralta auringonvalolta. &#8211; Pid\u00e4 tuote poissa ter\u00e4vien ja ter\u00e4vien esineiden l\u00e4heisyydest\u00e4. &#8211; Koirat eiv\u00e4t saa miss\u00e4\u00e4n nimess\u00e4 pureskella peti\u00e4. &#8211; Koiran sohva toimitetaan pakattuna. Odota 1\u20132 p\u00e4iv\u00e4\u00e4, kunnes se on palautunut normaaliin kokoonsa. &#8211; \u00c4l\u00e4 k\u00e4yt\u00e4 t\u00e4t\u00e4 tuotetta yli 40 \u00baC:n l\u00e4mp\u00f6tilassa. Jos lattiassa on lattial\u00e4mmitys, k\u00e4yt\u00e4 lis\u00e4ksi alustaa.<\/p>\n","protected":false},"excerpt":{"rendered":"<p>Feandrea koiranpeti keskikokoisille koirille, ortopedinen koiran sohva, pest\u00e4v\u00e4, harmaa PGW14GV1<\/p>\n","protected":false},"featured_media":45428,"comment_status":"open","ping_status":"closed","template":"","meta":[],"product_brand":[],"product_cat":[32],"product_tag":[],"class_list":{"0":"post-37551","1":"product","2":"type-product","3":"status-publish","4":"has-post-thumbnail","6":"product_cat-uncategorized-fi","8":"first","9":"instock","10":"shipping-taxable","11":"purchasable","12":"product-type-simple"},"_links":{"self":[{"href":"https:\/\/nordicmart.andreevmaster.com\/fi\/wp-json\/wp\/v2\/product\/37551","targetHints":{"allow":["GET"]}}],"collection":[{"href":"https:\/\/nordicmart.andreevmaster.com\/fi\/wp-json\/wp\/v2\/product"}],"about":[{"href":"https:\/\/nordicmart.andreevmaster.com\/fi\/wp-json\/wp\/v2\/types\/product"}],"replies":[{"embeddable":true,"href":"https:\/\/nordicmart.andreevmaster.com\/fi\/wp-json\/wp\/v2\/comments?post=37551"}],"wp:featuredmedia":[{"embeddable":true,"href":"https:\/\/nordicmart.andreevmaster.com\/fi\/wp-json\/wp\/v2\/media\/45428"}],"wp:attachment":[{"href":"https:\/\/nordicmart.andreevmaster.com\/fi\/wp-json\/wp\/v2\/media?parent=37551"}],"wp:term":[{"taxonomy":"product_brand","embeddable":true,"href":"https:\/\/nordicmart.andreevmaster.com\/fi\/wp-json\/wp\/v2\/product_brand?post=37551"},{"taxonomy":"product_cat","embeddable":true,"href":"https:\/\/nordicmart.andreevmaster.com\/fi\/wp-json\/wp\/v2\/product_cat?post=37551"},{"taxonomy":"product_tag","embeddable":true,"href":"https:\/\/nordicmart.andreevmaster.com\/fi\/wp-json\/wp\/v2\/product_tag?post=37551"}],"curies":[{"name":"wp","href":"https:\/\/api.w.org\/{rel}","templated":true}]}}