{"id":37550,"date":"2026-02-27T00:39:48","date_gmt":"2026-02-27T00:39:48","guid":{"rendered":"https:\/\/nordicmart.andreevmaster.com\/product\/ortopedinen-koirasanky-90-x-75-x-25-cm-2\/"},"modified":"2026-02-27T09:56:18","modified_gmt":"2026-02-27T09:56:18","slug":"ortopedinen-koirasanky-90-x-75-x-25-cm-2","status":"publish","type":"product","link":"https:\/\/nordicmart.andreevmaster.com\/fi\/tuote\/ortopedinen-koirasanky-90-x-75-x-25-cm-2\/","title":{"rendered":"Ortopedinen koiras\u00e4nky 90 x 75 x 25 cm"},"content":{"rendered":"<p>Suuret koirat ja erityisesti bulldogit k\u00e4rsiv\u00e4t usein nivelongelmista, kuten lonkkaniveldysplasiasta, niiden painon ja luuston rakenteen vuoksi. My\u00f6s vanhemmat nelijalkaiset yst\u00e4v\u00e4t k\u00e4rsiv\u00e4t usein niveltulehduksesta tai vastaavista sairauksista. Niiden ei siis pit\u00e4isi joutua nukkumaan liian kovalla tai ep\u00e4vakaalla koiran s\u00e4ngyll\u00e4. FEANDREAn suunnittelijat ovatkin luoneet koirasohvan, jossa on 8 cm:n paksuinen kerros muistivaahtoa, joka mukautuu lemmikkisi vartaloon ja lievitt\u00e4\u00e4 sen niveliin kohdistuvaa painetta. Ortopedisen koiras\u00e4ngyn muita etuja:- K\u00e4\u00e4nnett\u00e4v\u00e4 tyyny, joka on valmistettu kest\u00e4v\u00e4st\u00e4 mokkanahkaj\u00e4ljitelm\u00e4st\u00e4 ja pehme\u00e4st\u00e4 PV-fleecest\u00e4- Irrotettava tyyny- ja s\u00e4ngynp\u00e4\u00e4llinen; helppo puhdistaa- Paljon tilaa suurille koirille 30 kg:n painoon asti- Varustettu liukumattomilla nastoilla Tuotetiedot:- V\u00e4ri: harmaa- Materiaali: mokkanahkaj\u00e4ljitelm\u00e4\u00e4, PV-fleece\u00e4 (polyesteri\u00e4), muistivaahtoa- Kokonaiskoko: 90 x 75 x 25 cm (L x S x K)- Makuualustan koko: 60 x 50 cm (L x S)- Paino: 2. Paino: 1,5 kg.8 kg- Maks. staattinen kuormitettavuus: 30 kg. staattinen kuormitettavuus: 30 kg Toimituksen laajuus:- 1 x koiran s\u00e4nky- 1 x k\u00e4ytt\u00f6ohje (DE, EN, FR, ES, IT)FEANDREA Huomautuksia:- Suojaa tuote kosteudelta ja suoralta auringonvalolta. Pid\u00e4 tuote kaukana ter\u00e4vist\u00e4 ja ter\u00e4vist\u00e4 esineist\u00e4.- Koirat eiv\u00e4t saa koskaan pureskella s\u00e4nky\u00e4.- Koiran sohva toimitetaan puristettuna. Odota 1-2 p\u00e4iv\u00e4\u00e4, ett\u00e4 se palautuu normaalikokoiseksi.- \u00c4l\u00e4 k\u00e4yt\u00e4 t\u00e4t\u00e4 tuotetta yli 40\u00baC:n l\u00e4mm\u00f6nl\u00e4hteiden l\u00e4hell\u00e4. Jos k\u00e4yt\u00f6ss\u00e4si on lattial\u00e4mmitys, k\u00e4yt\u00e4 ylim\u00e4\u00e4r\u00e4ist\u00e4 aluskatetta.<\/p>\n","protected":false},"excerpt":{"rendered":"<p>Suuret koirat ja erityisesti bulldogit k\u00e4rsiv\u00e4t usein nivelongelmista, kuten lonkkaniveldysplasiasta, niiden painon ja luuston rakenteen vuoksi. My\u00f6s vanhemmat nelijalkaiset yst\u00e4v\u00e4t k\u00e4rsiv\u00e4t usein niveltulehduksesta tai vastaavista sairauksista. Niiden ei siis pit\u00e4isi joutua nukkumaan liian kovalla tai ep\u00e4vakaalla koiran s\u00e4ngyll\u00e4. FEANDREAn suunnittelijat ovatkin luoneet koirasohvan, jossa on 8 cm:n paksuinen kerros muistivaahtoa, joka mukautuu lemmikkisi vartaloon ja [&hellip;]<\/p>\n","protected":false},"featured_media":0,"comment_status":"open","ping_status":"closed","template":"","meta":[],"product_brand":[],"product_cat":[32],"product_tag":[],"class_list":{"0":"post-37550","1":"product","2":"type-product","3":"status-publish","5":"product_cat-uncategorized-fi","7":"first","8":"instock","9":"shipping-taxable","10":"product-type-simple"},"_links":{"self":[{"href":"https:\/\/nordicmart.andreevmaster.com\/fi\/wp-json\/wp\/v2\/product\/37550","targetHints":{"allow":["GET"]}}],"collection":[{"href":"https:\/\/nordicmart.andreevmaster.com\/fi\/wp-json\/wp\/v2\/product"}],"about":[{"href":"https:\/\/nordicmart.andreevmaster.com\/fi\/wp-json\/wp\/v2\/types\/product"}],"replies":[{"embeddable":true,"href":"https:\/\/nordicmart.andreevmaster.com\/fi\/wp-json\/wp\/v2\/comments?post=37550"}],"wp:attachment":[{"href":"https:\/\/nordicmart.andreevmaster.com\/fi\/wp-json\/wp\/v2\/media?parent=37550"}],"wp:term":[{"taxonomy":"product_brand","embeddable":true,"href":"https:\/\/nordicmart.andreevmaster.com\/fi\/wp-json\/wp\/v2\/product_brand?post=37550"},{"taxonomy":"product_cat","embeddable":true,"href":"https:\/\/nordicmart.andreevmaster.com\/fi\/wp-json\/wp\/v2\/product_cat?post=37550"},{"taxonomy":"product_tag","embeddable":true,"href":"https:\/\/nordicmart.andreevmaster.com\/fi\/wp-json\/wp\/v2\/product_tag?post=37550"}],"curies":[{"name":"wp","href":"https:\/\/api.w.org\/{rel}","templated":true}]}}