{"id":37548,"date":"2026-02-27T00:39:48","date_gmt":"2026-02-27T00:39:48","guid":{"rendered":"https:\/\/nordicmart.andreevmaster.com\/product\/feandrea-pestava-koiranpeti-110-cm-ruskea\/"},"modified":"2026-02-27T09:56:18","modified_gmt":"2026-02-27T09:56:18","slug":"feandrea-pestava-koiranpeti-110-cm-ruskea","status":"publish","type":"product","link":"https:\/\/nordicmart.andreevmaster.com\/fi\/tuote\/feandrea-pestava-koiranpeti-110-cm-ruskea\/","title":{"rendered":"Feandrea Pest\u00e4v\u00e4 koiranpeti 110 cm Ruskea"},"content":{"rendered":"<p>Tarjoa nelijalkaisellesi oma s\u00e4nky! Lopultakin koirasi saa oman s\u00e4ngyn, joka on pehme\u00e4 ja mukava. FEANDREA haluaa, ett\u00e4 nelijalkainen tuntisi olevansa perheenj\u00e4sen, joten olemme kehitt\u00e4neet t\u00e4m\u00e4n kest\u00e4v\u00e4n koiran s\u00e4ngyn, josta tulee varmasti koirasi suosikkipaikka. Erityisen pehme\u00e4n makuupinnan ansiosta se voi rentoutua hyvin. Lis\u00e4ksi p\u00e4\u00e4llinen on irrotettava ja konepest\u00e4v\u00e4, joten ep\u00e4miellytt\u00e4v\u00e4t hajut v\u00e4ltet\u00e4\u00e4n. \u00c4l\u00e4 odota en\u00e4\u00e4, vaan osta koiranpeti nyt. Koirasi ansaitsee mukavan kodin! Tuotetiedot: &#8211; V\u00e4ri: ruskea &#8211; Materiaali: keinolinja, polyesterikangas nupukilla, PP-t\u00e4yte, pehmolelu &#8211; Mitat: 110 x 27 x 75 cm (L x K x S) &#8211; Paino: 3,4 kg FEANDREA-ohjeet: &#8211; Koiranpetimme on taitettu pakkausta varten. Siksi se voi palautua normaaliin muotoonsa vasta 2\u20133 p\u00e4iv\u00e4n kuluttua. &#8211; Saumojen vuoksi t\u00e4m\u00e4n tyyppisten tuotteiden mitat voivat poiketa ilmoittamistamme mitoista enint\u00e4\u00e4n 3 cm. &#8211; Huomaa, ett\u00e4 t\u00e4m\u00e4n tuotteen tekstiilietiketti on korvattu korkealaatuisemmalla keinonahkaetikettill\u00e4. T\u00e4m\u00e4n vuoksi saatat saada vanhan mallin tai uuden version. Kummankin mallin l\u00e4hett\u00e4minen tapahtuu satunnaisesti.<\/p>\n","protected":false},"excerpt":{"rendered":"<p>Feandrea XXL pest\u00e4v\u00e4 koiranpeti, irrotettava ja konepest\u00e4v\u00e4 p\u00e4\u00e4llinen, mukava koiran tyyny, ruskea 110 x 27 x 75 cm PGW12CC<\/p>\n","protected":false},"featured_media":45426,"comment_status":"open","ping_status":"closed","template":"","meta":[],"product_brand":[],"product_cat":[32],"product_tag":[],"class_list":{"0":"post-37548","1":"product","2":"type-product","3":"status-publish","4":"has-post-thumbnail","6":"product_cat-uncategorized-fi","8":"first","9":"instock","10":"shipping-taxable","11":"purchasable","12":"product-type-simple"},"_links":{"self":[{"href":"https:\/\/nordicmart.andreevmaster.com\/fi\/wp-json\/wp\/v2\/product\/37548","targetHints":{"allow":["GET"]}}],"collection":[{"href":"https:\/\/nordicmart.andreevmaster.com\/fi\/wp-json\/wp\/v2\/product"}],"about":[{"href":"https:\/\/nordicmart.andreevmaster.com\/fi\/wp-json\/wp\/v2\/types\/product"}],"replies":[{"embeddable":true,"href":"https:\/\/nordicmart.andreevmaster.com\/fi\/wp-json\/wp\/v2\/comments?post=37548"}],"wp:featuredmedia":[{"embeddable":true,"href":"https:\/\/nordicmart.andreevmaster.com\/fi\/wp-json\/wp\/v2\/media\/45426"}],"wp:attachment":[{"href":"https:\/\/nordicmart.andreevmaster.com\/fi\/wp-json\/wp\/v2\/media?parent=37548"}],"wp:term":[{"taxonomy":"product_brand","embeddable":true,"href":"https:\/\/nordicmart.andreevmaster.com\/fi\/wp-json\/wp\/v2\/product_brand?post=37548"},{"taxonomy":"product_cat","embeddable":true,"href":"https:\/\/nordicmart.andreevmaster.com\/fi\/wp-json\/wp\/v2\/product_cat?post=37548"},{"taxonomy":"product_tag","embeddable":true,"href":"https:\/\/nordicmart.andreevmaster.com\/fi\/wp-json\/wp\/v2\/product_tag?post=37548"}],"curies":[{"name":"wp","href":"https:\/\/api.w.org\/{rel}","templated":true}]}}