{"id":37545,"date":"2026-02-27T00:39:47","date_gmt":"2026-02-27T00:39:47","guid":{"rendered":"https:\/\/nordicmart.andreevmaster.com\/product\/feandrea-koiranpeti-irrotettavalla-paallisella\/"},"modified":"2026-02-27T09:56:17","modified_gmt":"2026-02-27T09:56:17","slug":"feandrea-koiranpeti-irrotettavalla-paallisella","status":"publish","type":"product","link":"https:\/\/nordicmart.andreevmaster.com\/fi\/tuote\/feandrea-koiranpeti-irrotettavalla-paallisella\/","title":{"rendered":"Feandrea-koiranpeti irrotettavalla p\u00e4\u00e4llisell\u00e4"},"content":{"rendered":"<p>Tarjoa nelijalkaisellesi oma s\u00e4nky! Lopultakin koirasi saa oman s\u00e4ngyn, joka on pehme\u00e4 ja mukava. FEANDREA haluaa, ett\u00e4 nelijalkainen yst\u00e4v\u00e4si tuntee olevansa perheenj\u00e4sen, joten olemme kehitt\u00e4neet t\u00e4m\u00e4n kest\u00e4v\u00e4n koiran s\u00e4ngyn, josta tulee varmasti koirasi suosikkipaikka. Erityisen pehme\u00e4n makuupinnan ansiosta se voi rentoutua hyvin. Lis\u00e4ksi p\u00e4\u00e4llinen on irrotettava ja konepest\u00e4v\u00e4, joten ep\u00e4miellytt\u00e4v\u00e4t hajut v\u00e4ltet\u00e4\u00e4n. \u00c4l\u00e4 odota en\u00e4\u00e4, vaan osta koiranpeti nyt. Koirasi ansaitsee mukavan kodin! Tuotetiedot: &#8211; V\u00e4ri: harmaa &#8211; Materiaali: keinokangas, polyesterikangas nupukilla, PP-t\u00e4yte, pehmolelu &#8211; Koko: 70 x 55 x 21 cm (P x L x K) &#8211; Paino: 1,7 kg FEANDREA Huomautukset: &#8211; \u00c4l\u00e4 altista tuotetta suoralle auringonvalolle tai aseta sit\u00e4 kosteaan ymp\u00e4rist\u00f6\u00f6n.- Koiranpeti ei ole purulelu nelijalkaisille yst\u00e4villesi; est\u00e4 koiraasi puremasta peti\u00e4. &#8211; Koiranpetimme on taitettu pakkausmieless\u00e4. Siksi se voi palautua normaaliin muotoonsa vasta 2\u20133 p\u00e4iv\u00e4n kuluttua. Saumojen vuoksi t\u00e4m\u00e4n tyyppiset tuotteet voivat poiketa ilmoittamistamme mitoista jopa 3 cm. &#8211; \u00c4l\u00e4 k\u00e4yt\u00e4 t\u00e4t\u00e4 tuotetta yli 40 \u00baC:n l\u00e4mp\u00f6tilassa. Jos lattiassa on lattial\u00e4mmitys, k\u00e4yt\u00e4 lis\u00e4ksi alustaa.<\/p>\n","protected":false},"excerpt":{"rendered":"<p>Feandrea Pest\u00e4v\u00e4 koiranpeti, irrotettava ja konepest\u00e4v\u00e4 p\u00e4\u00e4llinen, pehme\u00e4 koiran tyyny, ruskea 70 x 55 x 21 cm PGW10CC<\/p>\n","protected":false},"featured_media":45423,"comment_status":"open","ping_status":"closed","template":"","meta":[],"product_brand":[],"product_cat":[32],"product_tag":[],"class_list":{"0":"post-37545","1":"product","2":"type-product","3":"status-publish","4":"has-post-thumbnail","6":"product_cat-uncategorized-fi","8":"first","9":"instock","10":"shipping-taxable","11":"purchasable","12":"product-type-simple"},"_links":{"self":[{"href":"https:\/\/nordicmart.andreevmaster.com\/fi\/wp-json\/wp\/v2\/product\/37545","targetHints":{"allow":["GET"]}}],"collection":[{"href":"https:\/\/nordicmart.andreevmaster.com\/fi\/wp-json\/wp\/v2\/product"}],"about":[{"href":"https:\/\/nordicmart.andreevmaster.com\/fi\/wp-json\/wp\/v2\/types\/product"}],"replies":[{"embeddable":true,"href":"https:\/\/nordicmart.andreevmaster.com\/fi\/wp-json\/wp\/v2\/comments?post=37545"}],"wp:featuredmedia":[{"embeddable":true,"href":"https:\/\/nordicmart.andreevmaster.com\/fi\/wp-json\/wp\/v2\/media\/45423"}],"wp:attachment":[{"href":"https:\/\/nordicmart.andreevmaster.com\/fi\/wp-json\/wp\/v2\/media?parent=37545"}],"wp:term":[{"taxonomy":"product_brand","embeddable":true,"href":"https:\/\/nordicmart.andreevmaster.com\/fi\/wp-json\/wp\/v2\/product_brand?post=37545"},{"taxonomy":"product_cat","embeddable":true,"href":"https:\/\/nordicmart.andreevmaster.com\/fi\/wp-json\/wp\/v2\/product_cat?post=37545"},{"taxonomy":"product_tag","embeddable":true,"href":"https:\/\/nordicmart.andreevmaster.com\/fi\/wp-json\/wp\/v2\/product_tag?post=37545"}],"curies":[{"name":"wp","href":"https:\/\/api.w.org\/{rel}","templated":true}]}}