{"id":37536,"date":"2026-02-27T00:39:44","date_gmt":"2026-02-27T00:39:44","guid":{"rendered":"https:\/\/nordicmart.andreevmaster.com\/product\/feandrea-ortopedinen-koiranpeti-korotetulla-reunalla-106-x-80-x-25-cm\/"},"modified":"2026-02-27T09:56:15","modified_gmt":"2026-02-27T09:56:15","slug":"feandrea-ortopedinen-koiranpeti-korotetulla-reunalla-106-x-80-x-25-cm","status":"publish","type":"product","link":"https:\/\/nordicmart.andreevmaster.com\/fi\/tuote\/feandrea-ortopedinen-koiranpeti-korotetulla-reunalla-106-x-80-x-25-cm\/","title":{"rendered":"Feandrea ortopedinen koiranpeti korotetulla reunalla 106 x 80 x 25 cm"},"content":{"rendered":"<p>Feandrea ortopedinen koiranpeti, koiran tyyny, koiran kori, pehme\u00e4 pehmuste, koiran sohva, korotetut reunat, irrotettava ja pest\u00e4v\u00e4 p\u00e4\u00e4llinen, 91 x 71 x 25 cm, luistamaton pohja, vaaleanharmaa PGW076G02<br \/>\n&#8211; V\u00e4ri: tummanharmaa<br \/>\n&#8211; Materiaali: TPU-pinnoitettu pehmolelu, PU-pinnoitettu keinonahka, PP-pehmuste, vaahtomuovi<br \/>\n&#8211; Koko: 106 x 80 x 25 cm (P x L x K)<br \/>\n&#8211; Paino: 4,1 kg<\/p>\n","protected":false},"excerpt":{"rendered":"<p>Feandrea ortopedinen koiranpeti, koiran tyyny, koiran kori, pehme\u00e4 pehmuste, koiran sohva, korotetut reunat, irrotettava ja pest\u00e4v\u00e4 p\u00e4\u00e4llinen, 91 x 71 x 25 cm, luistamaton pohja, vaaleanharmaa PGW076G02<\/p>\n","protected":false},"featured_media":45414,"comment_status":"open","ping_status":"closed","template":"","meta":[],"product_brand":[],"product_cat":[32],"product_tag":[],"class_list":{"0":"post-37536","1":"product","2":"type-product","3":"status-publish","4":"has-post-thumbnail","6":"product_cat-uncategorized-fi","8":"first","9":"instock","10":"shipping-taxable","11":"purchasable","12":"product-type-simple"},"_links":{"self":[{"href":"https:\/\/nordicmart.andreevmaster.com\/fi\/wp-json\/wp\/v2\/product\/37536","targetHints":{"allow":["GET"]}}],"collection":[{"href":"https:\/\/nordicmart.andreevmaster.com\/fi\/wp-json\/wp\/v2\/product"}],"about":[{"href":"https:\/\/nordicmart.andreevmaster.com\/fi\/wp-json\/wp\/v2\/types\/product"}],"replies":[{"embeddable":true,"href":"https:\/\/nordicmart.andreevmaster.com\/fi\/wp-json\/wp\/v2\/comments?post=37536"}],"wp:featuredmedia":[{"embeddable":true,"href":"https:\/\/nordicmart.andreevmaster.com\/fi\/wp-json\/wp\/v2\/media\/45414"}],"wp:attachment":[{"href":"https:\/\/nordicmart.andreevmaster.com\/fi\/wp-json\/wp\/v2\/media?parent=37536"}],"wp:term":[{"taxonomy":"product_brand","embeddable":true,"href":"https:\/\/nordicmart.andreevmaster.com\/fi\/wp-json\/wp\/v2\/product_brand?post=37536"},{"taxonomy":"product_cat","embeddable":true,"href":"https:\/\/nordicmart.andreevmaster.com\/fi\/wp-json\/wp\/v2\/product_cat?post=37536"},{"taxonomy":"product_tag","embeddable":true,"href":"https:\/\/nordicmart.andreevmaster.com\/fi\/wp-json\/wp\/v2\/product_tag?post=37536"}],"curies":[{"name":"wp","href":"https:\/\/api.w.org\/{rel}","templated":true}]}}