{"id":37528,"date":"2026-02-27T00:39:42","date_gmt":"2026-02-27T00:39:42","guid":{"rendered":"https:\/\/nordicmart.andreevmaster.com\/product\/feandrea-koiranpeti-reunuksilla-100-x-70-x-28-cm\/"},"modified":"2026-02-27T09:56:14","modified_gmt":"2026-02-27T09:56:14","slug":"feandrea-koiranpeti-reunuksilla-100-x-70-x-28-cm","status":"publish","type":"product","link":"https:\/\/nordicmart.andreevmaster.com\/fi\/tuote\/feandrea-koiranpeti-reunuksilla-100-x-70-x-28-cm\/","title":{"rendered":"Feandrea koiranpeti reunuksilla 100 x 70 x 28 cm"},"content":{"rendered":"<p>Hyv\u00e4 koiranpeti, hyv\u00e4 koiran el\u00e4m\u00e4 Yksinkertainen, tyylik\u00e4s, pehme\u00e4 ja tukeva \u2013 t\u00e4m\u00e4 koiranpeti tuo tyyli\u00e4 kotiisi ja mukavuutta lemmikillesi. Riippumatta siit\u00e4, k\u00e4pertyyk\u00f6 karvainen k\u00e4mppiksesi nukkumaan vai lep\u00e4\u00e4k\u00f6k\u00f6\u00f6nk\u00f6\u00f6nk\u00f6\u00f6nk\u00f6\u00f6nk\u00f6\u00f6nk\u00f6\u00f6nk\u00f6\u00f6nk\u00f6\u00f6nk\u00f6\u00f6nk\u00f6\u00f6nk\u00f6\u00f6nk\u00f6\u00f6nk\u00f6\u00f6nk\u00f6\u00f6nk\u00f6\u00f6nk\u00f6\u00f6nk\u00f6\u00f6nk\u00f6\u00f6nk\u00f6\u00f6nk\u00f6\u00f6nk\u00f6\u00f6nk\u00f6\u00f6nk\u00f6\u00f6nk\u00f6\u00f6nk\u00f6\u00f6nk\u00f6\u00f6nk\u00f6\u00f6nk\u00f6\u00f6nk\u00f6\u00f6nk\u00f6\u00f6nk\u00f6\u00f6nk\u00f6\u00f6nk\u00f6\u00f6nk\u00f6\u00f6nk\u00f6\u00f6nk\u00f6\u00f6nk\u00f6\u00f6nk\u00f6\u00f6nk\u00f6\u00f6nk\u00f6\u00f6nk\u00f6\u00f6nk\u00f6\u00f6nk\u00f6\u00f6nk\u00f6\u00f6nk\u00f6\u00f6nk\u00f6\u00f6nk\u00f6\u00f6nk\u00f6\u00f6nk\u00f6\u00f6nk\u00f6\u00f6nk\u00f6\u00f6nk\u00f6\u00f6nk\u00f6\u00f6nk\u00f6\u00f6nk\u00f6\u00f6nk\u00f6\u00f6nk\u00f6\u00f6nk\u00f6\u00f6nk\u00f6\u00f6nk\u00f6 Tuotetiedot: &#8211; V\u00e4ri: harmaa-tummanharmaa &#8211; Materiaali: keinolinja, PP-pehmuste &#8211; Koko: 100 x 70 x 28 cm (P x L x K) &#8211; Paino: 3,7 kg Toimitus sis\u00e4lt\u00e4\u00e4: &#8211; 1 x koiranpeti FEANDREA Huomautukset: &#8211; P\u00e4\u00e4llinen on irrotettava ja pest\u00e4v\u00e4. \u00c4l\u00e4 pese koko koiranpeti\u00e4. &#8211; T\u00e4m\u00e4 tuote toimitetaan tyhji\u00f6pakkauksessa. On mahdollista, ett\u00e4 peti on pakkauksen avaamisen j\u00e4lkeen hyvin litte\u00e4 ja saavuttaa normaalin muotonsa vasta 24\u201348 tunnin kuluttua. Ravista peti\u00e4 pakkauksen avaamisen j\u00e4lkeen, jotta se saavuttaa t\u00e4yden koon nopeammin.<\/p>\n","protected":false},"excerpt":{"rendered":"<p>Feandrea koiranpeti suurille koirille, koiran tyyny reunuksilla, koiran kori, koiran sohva, k\u00e4ytett\u00e4viss\u00e4 2 puolelta, irrotettava ja pest\u00e4v\u00e4 p\u00e4\u00e4llinen, 100 x 70 x 28 cm, harmaa-tummanharmaa PGW072G01<\/p>\n","protected":false},"featured_media":45406,"comment_status":"open","ping_status":"closed","template":"","meta":[],"product_brand":[],"product_cat":[32],"product_tag":[],"class_list":{"0":"post-37528","1":"product","2":"type-product","3":"status-publish","4":"has-post-thumbnail","6":"product_cat-uncategorized-fi","8":"first","9":"instock","10":"shipping-taxable","11":"purchasable","12":"product-type-simple"},"_links":{"self":[{"href":"https:\/\/nordicmart.andreevmaster.com\/fi\/wp-json\/wp\/v2\/product\/37528","targetHints":{"allow":["GET"]}}],"collection":[{"href":"https:\/\/nordicmart.andreevmaster.com\/fi\/wp-json\/wp\/v2\/product"}],"about":[{"href":"https:\/\/nordicmart.andreevmaster.com\/fi\/wp-json\/wp\/v2\/types\/product"}],"replies":[{"embeddable":true,"href":"https:\/\/nordicmart.andreevmaster.com\/fi\/wp-json\/wp\/v2\/comments?post=37528"}],"wp:featuredmedia":[{"embeddable":true,"href":"https:\/\/nordicmart.andreevmaster.com\/fi\/wp-json\/wp\/v2\/media\/45406"}],"wp:attachment":[{"href":"https:\/\/nordicmart.andreevmaster.com\/fi\/wp-json\/wp\/v2\/media?parent=37528"}],"wp:term":[{"taxonomy":"product_brand","embeddable":true,"href":"https:\/\/nordicmart.andreevmaster.com\/fi\/wp-json\/wp\/v2\/product_brand?post=37528"},{"taxonomy":"product_cat","embeddable":true,"href":"https:\/\/nordicmart.andreevmaster.com\/fi\/wp-json\/wp\/v2\/product_cat?post=37528"},{"taxonomy":"product_tag","embeddable":true,"href":"https:\/\/nordicmart.andreevmaster.com\/fi\/wp-json\/wp\/v2\/product_tag?post=37528"}],"curies":[{"name":"wp","href":"https:\/\/api.w.org\/{rel}","templated":true}]}}