{"id":37523,"date":"2026-02-27T00:39:40","date_gmt":"2026-02-27T00:39:40","guid":{"rendered":"https:\/\/nordicmart.andreevmaster.com\/product\/feandrea-pehmea-koiran-sohva-90-cm-ruskea-beige\/"},"modified":"2026-02-27T09:56:12","modified_gmt":"2026-02-27T09:56:12","slug":"feandrea-pehmea-koiran-sohva-90-cm-ruskea-beige","status":"publish","type":"product","link":"https:\/\/nordicmart.andreevmaster.com\/fi\/tuote\/feandrea-pehmea-koiran-sohva-90-cm-ruskea-beige\/","title":{"rendered":"Feandrea Pehme\u00e4 koiran sohva 90 cm ruskea-beige"},"content":{"rendered":"<p>Tarjoa nelijalkaisellesi oma s\u00e4nky! Viimeinkin koirasi saa oman s\u00e4ngyn, joka on pehme\u00e4 ja mukava. FEANDREA haluaa, ett\u00e4 nelijalkainen tuntisi olevansa perheenj\u00e4sen, joten olemme kehitt\u00e4neet t\u00e4m\u00e4n kest\u00e4v\u00e4n koirans\u00e4ngyn, josta tulee varmasti koirasi suosikkipaikka. Erityisen pehme\u00e4n makuupinnan ansiosta se voi rentoutua hyvin. Hyvin pehmustettu tyyny on irrotettava ja sit\u00e4 voi k\u00e4ytt\u00e4\u00e4 erikseen. \u00c4l\u00e4 odota en\u00e4\u00e4, vaan osta koiran s\u00e4nky nyt. Koirasi ansaitsee mukavan kodin. Tuotetiedot: &#8211; V\u00e4ri: ruskea+beige &#8211; Materiaali: Velour, polyesterikangas nupukilla, PP-t\u00e4yte, pehmolelu &#8211; Mitat: 90 x 25 x 75 cm (L x K x S) &#8211; Paino: 2,2 kg Toimitus sis\u00e4lt\u00e4\u00e4: &#8211; 1 x FEANDREA-koiranpeti Huomautukset: &#8211; \u00c4l\u00e4 altista tuotetta suoralle auringonvalolle tai aseta sit\u00e4 kosteaan ymp\u00e4rist\u00f6\u00f6n.- Tuote ei saa joutua kosketuksiin ter\u00e4vien esineiden kanssa. &#8211; Koiranpeti ei ole purulelu nelijalkaisille yst\u00e4villesi; est\u00e4 koiraasi puremasta peti\u00e4. &#8211; Huomaa, ett\u00e4 t\u00e4m\u00e4n tuotteen tekstiilietiketti on korvattu korkealaatuisemmalla keinonahkaetikettill\u00e4 ja tassukuvio oikeassa alakulmassa on poistettu. T\u00e4m\u00e4n vuoksi saatat saada joko vanhan mallin tai uuden version. Mallien l\u00e4hett\u00e4minen tapahtuu satunnaisesti.<\/p>\n","protected":false},"excerpt":{"rendered":"<p>Feandrea koiranpeti, pehme\u00e4 koiranpeti, L, irrotettava tyyny, 90 x 25 x 75 cm, ruskea ja beige PGW06YC<\/p>\n","protected":false},"featured_media":45401,"comment_status":"open","ping_status":"closed","template":"","meta":[],"product_brand":[],"product_cat":[32],"product_tag":[],"class_list":{"0":"post-37523","1":"product","2":"type-product","3":"status-publish","4":"has-post-thumbnail","6":"product_cat-uncategorized-fi","8":"first","9":"instock","10":"shipping-taxable","11":"purchasable","12":"product-type-simple"},"_links":{"self":[{"href":"https:\/\/nordicmart.andreevmaster.com\/fi\/wp-json\/wp\/v2\/product\/37523","targetHints":{"allow":["GET"]}}],"collection":[{"href":"https:\/\/nordicmart.andreevmaster.com\/fi\/wp-json\/wp\/v2\/product"}],"about":[{"href":"https:\/\/nordicmart.andreevmaster.com\/fi\/wp-json\/wp\/v2\/types\/product"}],"replies":[{"embeddable":true,"href":"https:\/\/nordicmart.andreevmaster.com\/fi\/wp-json\/wp\/v2\/comments?post=37523"}],"wp:featuredmedia":[{"embeddable":true,"href":"https:\/\/nordicmart.andreevmaster.com\/fi\/wp-json\/wp\/v2\/media\/45401"}],"wp:attachment":[{"href":"https:\/\/nordicmart.andreevmaster.com\/fi\/wp-json\/wp\/v2\/media?parent=37523"}],"wp:term":[{"taxonomy":"product_brand","embeddable":true,"href":"https:\/\/nordicmart.andreevmaster.com\/fi\/wp-json\/wp\/v2\/product_brand?post=37523"},{"taxonomy":"product_cat","embeddable":true,"href":"https:\/\/nordicmart.andreevmaster.com\/fi\/wp-json\/wp\/v2\/product_cat?post=37523"},{"taxonomy":"product_tag","embeddable":true,"href":"https:\/\/nordicmart.andreevmaster.com\/fi\/wp-json\/wp\/v2\/product_tag?post=37523"}],"curies":[{"name":"wp","href":"https:\/\/api.w.org\/{rel}","templated":true}]}}