{"id":37519,"date":"2026-02-27T00:39:39","date_gmt":"2026-02-27T00:39:39","guid":{"rendered":"https:\/\/nordicmart.andreevmaster.com\/product\/feandrea-koiranpeti-donitsin-muotoinen-o-60-cm\/"},"modified":"2026-02-27T09:56:11","modified_gmt":"2026-02-27T09:56:11","slug":"feandrea-koiranpeti-donitsin-muotoinen-o-60-cm","status":"publish","type":"product","link":"https:\/\/nordicmart.andreevmaster.com\/fi\/tuote\/feandrea-koiranpeti-donitsin-muotoinen-o-60-cm\/","title":{"rendered":"Feandrea-koiranpeti donitsin muotoinen \u00d8 60 cm"},"content":{"rendered":"<p>Mukava paikka k\u00e4perty\u00e4: Makaako koirasi aina kenkien puhdistustyynyll\u00e4 tai kylpyhuoneessa? Anna sille sen sijaan t\u00e4m\u00e4 mukava rengas, jota kukaan ei tallota. Se on tarpeeksi kevyt kuljetettavaksi huoneesta toiseen. Kirjoitusp\u00f6yd\u00e4n tai s\u00e4ngyn vieress\u00e4 \u2013 koirasi ei en\u00e4\u00e4 tarvitse k\u00e4perty\u00e4 lattialle, miss\u00e4 ikin\u00e4 oletkaan!Hyv\u00e4 uni, hyv\u00e4 el\u00e4m\u00e4: Viet\u00e4\u00e4k\u00f6 lemmikkisi suurimman osan el\u00e4m\u00e4st\u00e4\u00e4n nukkuen? Ei se haittaa, mutta silloin sen pit\u00e4isi saada mukava s\u00e4nky, jotta se voi nukkua mahdollisimman hyvin. Riippumatta siit\u00e4, nukkuuko se mieluummin vatsallaan, sel\u00e4ll\u00e4\u00e4n tai kyljell\u00e4\u00e4n \u2013 rakkaasi n\u00e4kee kauniita unia, kun se k\u00e4pertyy uuteen donitsiin. T\u00e4m\u00e4 koiranpeti auttaa sit\u00e4 rentouttamaan lihaksiaan. Tuotetiedot: V\u00e4ri: ruskea Materiaali: keinonahka, pehmolelu Koko: 60 x 18 cm (\u00d8 x H) Paino: 1,5 kg Toimitus sis\u00e4lt\u00e4\u00e4: 1 x koiranpeti FEANDREA Huomautukset: Varmista ennen ostamista, ett\u00e4 tuotteen koko sopii lemmikillesi.Ommellut tuotteet voivat poiketa 2\u20133 cm ilmoittamistamme mitoista. T\u00e4m\u00e4 tuote toimitetaan tyhji\u00f6pakkauksessa. Ravista sit\u00e4 avaamisen j\u00e4lkeen, jotta se saavuttaa t\u00e4yden koon. \u00c4l\u00e4 k\u00e4yt\u00e4 t\u00e4t\u00e4 tuotetta yli 40 \u00baC:n l\u00e4mp\u00f6tilassa. Jos lattiassa on l\u00e4mmitys, k\u00e4yt\u00e4 lis\u00e4ksi alustaa.<\/p>\n","protected":false},"excerpt":{"rendered":"<p>Feandrea koiranpeti, kissanpeti, donitsi, \u00d8 60 cm, tummanharmaa PGW060G02<\/p>\n","protected":false},"featured_media":45397,"comment_status":"open","ping_status":"closed","template":"","meta":[],"product_brand":[],"product_cat":[32],"product_tag":[],"class_list":{"0":"post-37519","1":"product","2":"type-product","3":"status-publish","4":"has-post-thumbnail","6":"product_cat-uncategorized-fi","8":"first","9":"instock","10":"shipping-taxable","11":"purchasable","12":"product-type-simple"},"_links":{"self":[{"href":"https:\/\/nordicmart.andreevmaster.com\/fi\/wp-json\/wp\/v2\/product\/37519","targetHints":{"allow":["GET"]}}],"collection":[{"href":"https:\/\/nordicmart.andreevmaster.com\/fi\/wp-json\/wp\/v2\/product"}],"about":[{"href":"https:\/\/nordicmart.andreevmaster.com\/fi\/wp-json\/wp\/v2\/types\/product"}],"replies":[{"embeddable":true,"href":"https:\/\/nordicmart.andreevmaster.com\/fi\/wp-json\/wp\/v2\/comments?post=37519"}],"wp:featuredmedia":[{"embeddable":true,"href":"https:\/\/nordicmart.andreevmaster.com\/fi\/wp-json\/wp\/v2\/media\/45397"}],"wp:attachment":[{"href":"https:\/\/nordicmart.andreevmaster.com\/fi\/wp-json\/wp\/v2\/media?parent=37519"}],"wp:term":[{"taxonomy":"product_brand","embeddable":true,"href":"https:\/\/nordicmart.andreevmaster.com\/fi\/wp-json\/wp\/v2\/product_brand?post=37519"},{"taxonomy":"product_cat","embeddable":true,"href":"https:\/\/nordicmart.andreevmaster.com\/fi\/wp-json\/wp\/v2\/product_cat?post=37519"},{"taxonomy":"product_tag","embeddable":true,"href":"https:\/\/nordicmart.andreevmaster.com\/fi\/wp-json\/wp\/v2\/product_tag?post=37519"}],"curies":[{"name":"wp","href":"https:\/\/api.w.org\/{rel}","templated":true}]}}