{"id":37515,"date":"2026-02-27T00:39:37","date_gmt":"2026-02-27T00:39:37","guid":{"rendered":"https:\/\/nordicmart.andreevmaster.com\/product\/feandrea-koiranpeti-o-585-cm-pehmeasta-muhkeasta-kankaasta\/"},"modified":"2026-02-27T09:56:10","modified_gmt":"2026-02-27T09:56:10","slug":"feandrea-koiranpeti-o-585-cm-pehmeasta-muhkeasta-kankaasta","status":"publish","type":"product","link":"https:\/\/nordicmart.andreevmaster.com\/fi\/tuote\/feandrea-koiranpeti-o-585-cm-pehmeasta-muhkeasta-kankaasta\/","title":{"rendered":"Feandrea koiranpeti \u00d8 58,5 cm pehme\u00e4st\u00e4 muhkeasta kankaasta"},"content":{"rendered":"<p>Aina vierell\u00e4si Miss\u00e4 lemmikkisi mieluiten nukkuvat, olohuoneessa vai makuuhuoneessa? Vai haluavatko ne vain rentoutua vierell\u00e4si? Aseta t\u00e4m\u00e4 muistivaahtomuovilla t\u00e4ytetty koiran tyyny ty\u00f6p\u00f6yd\u00e4n viereen, jotta lemmikkisi voi mukavasti loikoilla vierell\u00e4si, kun ty\u00f6skentelet. Laatu vai tyyli? T\u00e4m\u00e4 s\u00f6p\u00f6, donitsinmuotoinen koiranpeti ei tee kompromisseja laadussa. Korkealaatuinen pehmolelu, muistivaahtomuovipalat, PP-t\u00e4yte, luistamaton pohja, mukava ja kest\u00e4v\u00e4 \u2013 t\u00e4ll\u00e4 koiranpetill\u00e4 on monia etuja. Sen pohjassa on vetoketju, joten se on helppo puhdistaa. T\u00e4m\u00e4 s\u00e4nky sopii pienille koirille tai kissoille ja on loistava lahja lemmikillesi. Tuotetiedot: &#8211; V\u00e4ri: valkoinen &#8211; Materiaali: pehmolelu, PP-t\u00e4yte (polypropeeni), muistivaahtomuovihiukkaset &#8211; Koko: 58,5 x 22 cm (\u00d8 x H) &#8211; Paino: 1,6 kg Toimitus sis\u00e4lt\u00e4\u00e4: &#8211; 1 x koiran s\u00e4nky &#8211; 1 x ohjeet (DE, EN, FR, ES, IT) FEANDREA Huomautukset: &#8211; Ommellut tuotteet voivat poiketa 2-3 cm ilmoittamistamme mitoista. Varmista ennen ostamista, ett\u00e4 tuotteen koko sopii lemmikillesi. &#8211; T\u00e4m\u00e4 tuote toimitetaan tyhji\u00f6pakkauksessa. Ravista sit\u00e4 avaamisen j\u00e4lkeen, jotta se saavuttaa t\u00e4yden koon. &#8211; Suosittelemme pesem\u00e4\u00e4n t\u00e4m\u00e4n tuotteen k\u00e4sin tai k\u00e4ytt\u00e4m\u00e4\u00e4n imuria ja kosteaa liinaa puhdistukseen. Ravista tuotetta puhdistuksen j\u00e4lkeen, jotta se palautuu alkuper\u00e4iseen tilaansa. \u00c4l\u00e4 k\u00e4yt\u00e4 t\u00e4t\u00e4 tuotetta yli 40 \u00baC:n l\u00e4mp\u00f6tilassa. Jos lattiassa on lattial\u00e4mmitys, k\u00e4yt\u00e4 lis\u00e4ksi alustaa.<\/p>\n","protected":false},"excerpt":{"rendered":"<p>Feandrea koiranpeti, kissanpeti, py\u00f6re\u00e4, pehme\u00e4 muhkeaa kangasta, 58,5 cm, harmaa PGW057G01<\/p>\n","protected":false},"featured_media":45393,"comment_status":"open","ping_status":"closed","template":"","meta":[],"product_brand":[],"product_cat":[32],"product_tag":[],"class_list":{"0":"post-37515","1":"product","2":"type-product","3":"status-publish","4":"has-post-thumbnail","6":"product_cat-uncategorized-fi","8":"first","9":"instock","10":"shipping-taxable","11":"purchasable","12":"product-type-simple"},"_links":{"self":[{"href":"https:\/\/nordicmart.andreevmaster.com\/fi\/wp-json\/wp\/v2\/product\/37515","targetHints":{"allow":["GET"]}}],"collection":[{"href":"https:\/\/nordicmart.andreevmaster.com\/fi\/wp-json\/wp\/v2\/product"}],"about":[{"href":"https:\/\/nordicmart.andreevmaster.com\/fi\/wp-json\/wp\/v2\/types\/product"}],"replies":[{"embeddable":true,"href":"https:\/\/nordicmart.andreevmaster.com\/fi\/wp-json\/wp\/v2\/comments?post=37515"}],"wp:featuredmedia":[{"embeddable":true,"href":"https:\/\/nordicmart.andreevmaster.com\/fi\/wp-json\/wp\/v2\/media\/45393"}],"wp:attachment":[{"href":"https:\/\/nordicmart.andreevmaster.com\/fi\/wp-json\/wp\/v2\/media?parent=37515"}],"wp:term":[{"taxonomy":"product_brand","embeddable":true,"href":"https:\/\/nordicmart.andreevmaster.com\/fi\/wp-json\/wp\/v2\/product_brand?post=37515"},{"taxonomy":"product_cat","embeddable":true,"href":"https:\/\/nordicmart.andreevmaster.com\/fi\/wp-json\/wp\/v2\/product_cat?post=37515"},{"taxonomy":"product_tag","embeddable":true,"href":"https:\/\/nordicmart.andreevmaster.com\/fi\/wp-json\/wp\/v2\/product_tag?post=37515"}],"curies":[{"name":"wp","href":"https:\/\/api.w.org\/{rel}","templated":true}]}}