{"id":37509,"date":"2026-02-27T00:39:34","date_gmt":"2026-02-27T00:39:34","guid":{"rendered":"https:\/\/nordicmart.andreevmaster.com\/product\/feandrea-koiranpeti-jossa-on-pestava-paallinen\/"},"modified":"2026-02-27T09:56:08","modified_gmt":"2026-02-27T09:56:08","slug":"feandrea-koiranpeti-jossa-on-pestava-paallinen","status":"publish","type":"product","link":"https:\/\/nordicmart.andreevmaster.com\/fi\/tuote\/feandrea-koiranpeti-jossa-on-pestava-paallinen\/","title":{"rendered":"Feandrea-koiranpeti, jossa on pest\u00e4v\u00e4 p\u00e4\u00e4llinen"},"content":{"rendered":"<p>Tuotetiedot: V\u00e4ri: tummanharmaa Materiaali: keinonahka, pehmolelu Koko: 50 x 18 cm (\u00d8 x H) Paino: 1 kg Toimitus sis\u00e4lt\u00e4\u00e4: 1 x koiranpeti FEANDREA Huomautukset: Varmista ennen ostamista, ett\u00e4 tuotteen koko sopii lemmikillesi.Ommellut tuotteet voivat poiketa 2\u20133 cm ilmoittamistamme mitoista. T\u00e4m\u00e4 tuote toimitetaan tyhji\u00f6pakkauksessa. Ravista sit\u00e4 avaamisen j\u00e4lkeen, jotta se saavuttaa t\u00e4yden koon. \u00c4l\u00e4 k\u00e4yt\u00e4 t\u00e4t\u00e4 tuotetta yli 40 \u00baC:n l\u00e4mp\u00f6l\u00e4hteiden l\u00e4hell\u00e4. Jos lattiassa on l\u00e4mmitys, k\u00e4yt\u00e4 lis\u00e4ksi alustaa.<\/p>\n","protected":false},"excerpt":{"rendered":"<p>Feandrea koiranpeti, kissanpeti, donitsi, \u00d8 50 cm, vaaleanharmaa PGW050G01<\/p>\n","protected":false},"featured_media":45387,"comment_status":"open","ping_status":"closed","template":"","meta":[],"product_brand":[],"product_cat":[32],"product_tag":[],"class_list":{"0":"post-37509","1":"product","2":"type-product","3":"status-publish","4":"has-post-thumbnail","6":"product_cat-uncategorized-fi","8":"first","9":"instock","10":"shipping-taxable","11":"purchasable","12":"product-type-simple"},"_links":{"self":[{"href":"https:\/\/nordicmart.andreevmaster.com\/fi\/wp-json\/wp\/v2\/product\/37509","targetHints":{"allow":["GET"]}}],"collection":[{"href":"https:\/\/nordicmart.andreevmaster.com\/fi\/wp-json\/wp\/v2\/product"}],"about":[{"href":"https:\/\/nordicmart.andreevmaster.com\/fi\/wp-json\/wp\/v2\/types\/product"}],"replies":[{"embeddable":true,"href":"https:\/\/nordicmart.andreevmaster.com\/fi\/wp-json\/wp\/v2\/comments?post=37509"}],"wp:featuredmedia":[{"embeddable":true,"href":"https:\/\/nordicmart.andreevmaster.com\/fi\/wp-json\/wp\/v2\/media\/45387"}],"wp:attachment":[{"href":"https:\/\/nordicmart.andreevmaster.com\/fi\/wp-json\/wp\/v2\/media?parent=37509"}],"wp:term":[{"taxonomy":"product_brand","embeddable":true,"href":"https:\/\/nordicmart.andreevmaster.com\/fi\/wp-json\/wp\/v2\/product_brand?post=37509"},{"taxonomy":"product_cat","embeddable":true,"href":"https:\/\/nordicmart.andreevmaster.com\/fi\/wp-json\/wp\/v2\/product_cat?post=37509"},{"taxonomy":"product_tag","embeddable":true,"href":"https:\/\/nordicmart.andreevmaster.com\/fi\/wp-json\/wp\/v2\/product_tag?post=37509"}],"curies":[{"name":"wp","href":"https:\/\/api.w.org\/{rel}","templated":true}]}}