{"id":37496,"date":"2026-02-27T00:39:29","date_gmt":"2026-02-27T00:39:29","guid":{"rendered":"https:\/\/nordicmart.andreevmaster.com\/product\/feandrea-pehmea-c-o-100-cm\/"},"modified":"2026-02-27T09:56:04","modified_gmt":"2026-02-27T09:56:04","slug":"feandrea-pehmea-c-o-100-cm","status":"publish","type":"product","link":"https:\/\/nordicmart.andreevmaster.com\/fi\/tuote\/feandrea-pehmea-c-o-100-cm\/","title":{"rendered":"Feandrea Pehme\u00e4 c \u00d8 100 cm"},"content":{"rendered":"<p>Tuotetiedot: V\u00e4ri: vaaleanharmaa Materiaali: pehmolelu, PP-t\u00e4yte Koko: 100 x 20 cm (\u00d8 x H) Paino: 2,7 kg Toimitus sis\u00e4lt\u00e4\u00e4: 1 x koiranpeti FEANDREA Huomautukset: Ommelluissa tuotteissa voi olla 2\u20133 cm:n kokoero. Mittaa lemmikkisi varmistaaksesi, ett\u00e4 t\u00e4m\u00e4 kissanpeti sopii sen kokoon. Koiran sohva toimitetaan tyhji\u00f6pakkauksessa. Voit ravistaa ja p\u00f6yhi\u00e4 sit\u00e4, jotta se on heti k\u00e4ytt\u00f6valmis, mutta se muuttuu viel\u00e4 pehme\u00e4mm\u00e4ksi, jos annat sen seist\u00e4 48 tuntia, kunnes se saavuttaa t\u00e4yden koon.Ravista kissan tyyny puhdistuksen j\u00e4lkeen, jotta se palautuu alkuper\u00e4iseen muotoonsa. Pid\u00e4 koiran tyyny poissa l\u00e4mm\u00f6nl\u00e4hteist\u00e4, joiden l\u00e4mp\u00f6tila on 40 \u2103 tai enemm\u00e4n, kuten pattereista. Jos k\u00e4yt\u00e4t lattial\u00e4mmityst\u00e4, aseta koiran kori matolle.<\/p>\n","protected":false},"excerpt":{"rendered":"<p>Feandrea koiranpeti, kissanpeti, pehme\u00e4 PV-samettipinta, 50 cm, harmaa PGW037G01<\/p>\n","protected":false},"featured_media":45375,"comment_status":"open","ping_status":"closed","template":"","meta":[],"product_brand":[],"product_cat":[32],"product_tag":[],"class_list":{"0":"post-37496","1":"product","2":"type-product","3":"status-publish","4":"has-post-thumbnail","6":"product_cat-uncategorized-fi","8":"first","9":"instock","10":"shipping-taxable","11":"purchasable","12":"product-type-simple"},"_links":{"self":[{"href":"https:\/\/nordicmart.andreevmaster.com\/fi\/wp-json\/wp\/v2\/product\/37496","targetHints":{"allow":["GET"]}}],"collection":[{"href":"https:\/\/nordicmart.andreevmaster.com\/fi\/wp-json\/wp\/v2\/product"}],"about":[{"href":"https:\/\/nordicmart.andreevmaster.com\/fi\/wp-json\/wp\/v2\/types\/product"}],"replies":[{"embeddable":true,"href":"https:\/\/nordicmart.andreevmaster.com\/fi\/wp-json\/wp\/v2\/comments?post=37496"}],"wp:featuredmedia":[{"embeddable":true,"href":"https:\/\/nordicmart.andreevmaster.com\/fi\/wp-json\/wp\/v2\/media\/45375"}],"wp:attachment":[{"href":"https:\/\/nordicmart.andreevmaster.com\/fi\/wp-json\/wp\/v2\/media?parent=37496"}],"wp:term":[{"taxonomy":"product_brand","embeddable":true,"href":"https:\/\/nordicmart.andreevmaster.com\/fi\/wp-json\/wp\/v2\/product_brand?post=37496"},{"taxonomy":"product_cat","embeddable":true,"href":"https:\/\/nordicmart.andreevmaster.com\/fi\/wp-json\/wp\/v2\/product_cat?post=37496"},{"taxonomy":"product_tag","embeddable":true,"href":"https:\/\/nordicmart.andreevmaster.com\/fi\/wp-json\/wp\/v2\/product_tag?post=37496"}],"curies":[{"name":"wp","href":"https:\/\/api.w.org\/{rel}","templated":true}]}}