{"id":37493,"date":"2026-02-27T00:39:28","date_gmt":"2026-02-27T00:39:28","guid":{"rendered":"https:\/\/nordicmart.andreevmaster.com\/product\/feandrea-pehmea-koiranpeti-donitsityynylla-tummanharmaa\/"},"modified":"2026-02-27T09:56:03","modified_gmt":"2026-02-27T09:56:03","slug":"feandrea-pehmea-koiranpeti-donitsityynylla-tummanharmaa","status":"publish","type":"product","link":"https:\/\/nordicmart.andreevmaster.com\/fi\/tuote\/feandrea-pehmea-koiranpeti-donitsityynylla-tummanharmaa\/","title":{"rendered":"Feandrea pehme\u00e4 koiranpeti donitsityynyll\u00e4, tummanharmaa"},"content":{"rendered":"<p>Feandrea koiranpeti, kissanpeti, pehme\u00e4 PV-samettipinta, 50 cm, harmaa PGW037G01<br \/>\nV\u00e4ri: katso kuvat Tummanharmaa.<br \/>\nMateriaali: pehmustettu kangas, PP-puuvilla.<br \/>\nMitat: 90 x 20 cm (halkaisija x korkeus).<br \/>\nPaino: 2,1 kg<\/p>\n","protected":false},"excerpt":{"rendered":"<p>Feandrea koiranpeti, kissanpeti, pehme\u00e4 PV-samettipinta, 50 cm, harmaa PGW037G01<\/p>\n","protected":false},"featured_media":45372,"comment_status":"open","ping_status":"closed","template":"","meta":[],"product_brand":[],"product_cat":[32],"product_tag":[],"class_list":{"0":"post-37493","1":"product","2":"type-product","3":"status-publish","4":"has-post-thumbnail","6":"product_cat-uncategorized-fi","8":"first","9":"instock","10":"shipping-taxable","11":"purchasable","12":"product-type-simple"},"_links":{"self":[{"href":"https:\/\/nordicmart.andreevmaster.com\/fi\/wp-json\/wp\/v2\/product\/37493","targetHints":{"allow":["GET"]}}],"collection":[{"href":"https:\/\/nordicmart.andreevmaster.com\/fi\/wp-json\/wp\/v2\/product"}],"about":[{"href":"https:\/\/nordicmart.andreevmaster.com\/fi\/wp-json\/wp\/v2\/types\/product"}],"replies":[{"embeddable":true,"href":"https:\/\/nordicmart.andreevmaster.com\/fi\/wp-json\/wp\/v2\/comments?post=37493"}],"wp:featuredmedia":[{"embeddable":true,"href":"https:\/\/nordicmart.andreevmaster.com\/fi\/wp-json\/wp\/v2\/media\/45372"}],"wp:attachment":[{"href":"https:\/\/nordicmart.andreevmaster.com\/fi\/wp-json\/wp\/v2\/media?parent=37493"}],"wp:term":[{"taxonomy":"product_brand","embeddable":true,"href":"https:\/\/nordicmart.andreevmaster.com\/fi\/wp-json\/wp\/v2\/product_brand?post=37493"},{"taxonomy":"product_cat","embeddable":true,"href":"https:\/\/nordicmart.andreevmaster.com\/fi\/wp-json\/wp\/v2\/product_cat?post=37493"},{"taxonomy":"product_tag","embeddable":true,"href":"https:\/\/nordicmart.andreevmaster.com\/fi\/wp-json\/wp\/v2\/product_tag?post=37493"}],"curies":[{"name":"wp","href":"https:\/\/api.w.org\/{rel}","templated":true}]}}