{"id":37486,"date":"2026-02-27T00:39:26","date_gmt":"2026-02-27T00:39:26","guid":{"rendered":"https:\/\/nordicmart.andreevmaster.com\/product\/feandrea-koiranpeti-oxford-kangas-65-cm-ruskea\/"},"modified":"2026-02-27T09:56:01","modified_gmt":"2026-02-27T09:56:01","slug":"feandrea-koiranpeti-oxford-kangas-65-cm-ruskea","status":"publish","type":"product","link":"https:\/\/nordicmart.andreevmaster.com\/fi\/tuote\/feandrea-koiranpeti-oxford-kangas-65-cm-ruskea\/","title":{"rendered":"Feandrea koiranpeti Oxford-kangas 65 cm ruskea"},"content":{"rendered":"<p>Uuden FEANDREA-br\u00e4ndimme keksij\u00e4t tiet\u00e4v\u00e4t, ett\u00e4 lemmikkisi on sinulle erityisen t\u00e4rke\u00e4 ja ett\u00e4 haluat tarjota sille mahdollisimman mukavan ja hauskan el\u00e4m\u00e4n. Laatu vai tyyli? T\u00e4m\u00e4n lemmikkis\u00e4ngyn kohdalla t\u00e4t\u00e4 kysymyst\u00e4 ei tarvitse pohtia, sill\u00e4 se yhdist\u00e4\u00e4 molemmat ominaisuudet. Ulkopuolen kest\u00e4v\u00e4 Oxford-kangas kest\u00e4\u00e4 my\u00f6s kovemmatkin tassunj\u00e4ljet, mutta tyylik\u00e4s ruskea kangas tekee koiran sohvasta my\u00f6s tyylikk\u00e4\u00e4n sisustusesineen. T\u00e4h\u00e4n vaikuttaa my\u00f6s vaalea fleece-k\u00e4\u00e4nnett\u00e4v\u00e4 tyyny, joka muodostaa tehokkaan kontrastin ulkokangasta tummemman ruskean kanssa. T\u00e4m\u00e4n koiranpetin korotetut reunat antavat nelijalkaiselle yst\u00e4v\u00e4llesi tunteen, ett\u00e4 se on t\u00e4ysin suojassa. Tuotetiedot: &#8211; V\u00e4ri: Ruskea, beige &#8211; Materiaali: 500D Oxford-kangas, fleece, polypropeenit\u00e4yte &#8211; Ulkomitat: 75 x 58 x 21 cm (P x L x K) &#8211; Sis\u00e4mitat: 57 x 40 cm &#8211; Nettopaino: 1,25 kg Toimitus sis\u00e4lt\u00e4\u00e4: &#8211; 1 x koiranpeti FEANDREA Huomautukset: &#8211; \u00c4l\u00e4 altista tuotetta suoralle auringonvalolle tai aseta sit\u00e4 kosteaan ymp\u00e4rist\u00f6\u00f6n. &#8211; P\u00e4\u00e4llinen ei ole irrotettava eik\u00e4 pest\u00e4v\u00e4, joten jos se likaantuu, ravista se tai pyyhi se m\u00e4r\u00e4ll\u00e4 liinalla. &#8211; Koiranpeti ei ole purulelu nelijalkaisille yst\u00e4villesi, joten est\u00e4 koiraasi puremasta peti\u00e4.- Huomaa, ett\u00e4 t\u00e4m\u00e4n tuotteen tekstiilietiketti on korvattu korkealaatuisemmalla tekonahkaetikettill\u00e4 ja tassukuvio oikeassa alakulmassa on poistettu. T\u00e4m\u00e4n vuoksi saatat saada vanhan mallin tai uuden version. Toinen malli l\u00e4hetet\u00e4\u00e4n satunnaisesti.<\/p>\n","protected":false},"excerpt":{"rendered":"<p>Feandrea koiranpeti, koiranpeti k\u00e4\u00e4nnett\u00e4v\u00e4ll\u00e4 tyynyll\u00e4, 65 x 55 x 20 cm, ruskea PGW03Z<\/p>\n","protected":false},"featured_media":45365,"comment_status":"open","ping_status":"closed","template":"","meta":[],"product_brand":[],"product_cat":[32],"product_tag":[],"class_list":{"0":"post-37486","1":"product","2":"type-product","3":"status-publish","4":"has-post-thumbnail","6":"product_cat-uncategorized-fi","8":"first","9":"instock","10":"shipping-taxable","11":"purchasable","12":"product-type-simple"},"_links":{"self":[{"href":"https:\/\/nordicmart.andreevmaster.com\/fi\/wp-json\/wp\/v2\/product\/37486","targetHints":{"allow":["GET"]}}],"collection":[{"href":"https:\/\/nordicmart.andreevmaster.com\/fi\/wp-json\/wp\/v2\/product"}],"about":[{"href":"https:\/\/nordicmart.andreevmaster.com\/fi\/wp-json\/wp\/v2\/types\/product"}],"replies":[{"embeddable":true,"href":"https:\/\/nordicmart.andreevmaster.com\/fi\/wp-json\/wp\/v2\/comments?post=37486"}],"wp:featuredmedia":[{"embeddable":true,"href":"https:\/\/nordicmart.andreevmaster.com\/fi\/wp-json\/wp\/v2\/media\/45365"}],"wp:attachment":[{"href":"https:\/\/nordicmart.andreevmaster.com\/fi\/wp-json\/wp\/v2\/media?parent=37486"}],"wp:term":[{"taxonomy":"product_brand","embeddable":true,"href":"https:\/\/nordicmart.andreevmaster.com\/fi\/wp-json\/wp\/v2\/product_brand?post=37486"},{"taxonomy":"product_cat","embeddable":true,"href":"https:\/\/nordicmart.andreevmaster.com\/fi\/wp-json\/wp\/v2\/product_cat?post=37486"},{"taxonomy":"product_tag","embeddable":true,"href":"https:\/\/nordicmart.andreevmaster.com\/fi\/wp-json\/wp\/v2\/product_tag?post=37486"}],"curies":[{"name":"wp","href":"https:\/\/api.w.org\/{rel}","templated":true}]}}