{"id":37485,"date":"2026-02-27T00:39:25","date_gmt":"2026-02-27T00:39:25","guid":{"rendered":"https:\/\/nordicmart.andreevmaster.com\/product\/feandrea-koiranpeti-mustalla-paallysteella\/"},"modified":"2026-02-27T09:56:01","modified_gmt":"2026-02-27T09:56:01","slug":"feandrea-koiranpeti-mustalla-paallysteella","status":"publish","type":"product","link":"https:\/\/nordicmart.andreevmaster.com\/fi\/tuote\/feandrea-koiranpeti-mustalla-paallysteella\/","title":{"rendered":"Feandrea-koiranpeti mustalla p\u00e4\u00e4llysteell\u00e4"},"content":{"rendered":"<p>Laatu vai tyyli?T\u00e4m\u00e4n lemmikkis\u00e4ngyn kohdalla t\u00e4t\u00e4 kysymyst\u00e4 ei tarvitse pohtia, sill\u00e4 se yhdist\u00e4\u00e4 molemmat ominaisuudet. Ulkopuolen kest\u00e4v\u00e4 Oxford-kangas kest\u00e4\u00e4 my\u00f6s kovemmatkin tassunj\u00e4ljet, ja tyylik\u00e4s musta kangas tekee koiran sohvasta samalla tyylikk\u00e4\u00e4n sisustusesineen. Turvallinen paikka T\u00e4m\u00e4n koiranpetin korotetut reunat antavat nelijalkaiselle yst\u00e4v\u00e4llesi tunteen t\u00e4ydellisest\u00e4 suojasta. Korkeat sein\u00e4t ja erinomainen pehmuste est\u00e4v\u00e4t erityisesti vedon ja lattian kylmyyden. Puuttuuko koirallasi viel\u00e4 mukava peti? &#8211; Lahjoita sille sitten t\u00e4m\u00e4 koiranpeti, joka sopii enint\u00e4\u00e4n 15 kg painaville el\u00e4imille. Tuotetiedot: &#8211; V\u00e4ri: musta &#8211; Materiaali: 150D Oxford-kangas, fleece, polypropeenit\u00e4yte &#8211; Koko: 65 x 55 x 20 cm (P x L x K) &#8211; Paino: 1,3 kg Toimitus sis\u00e4lt\u00e4\u00e4: &#8211; 1 x koiranpeti FEANDREA Huomautukset:- \u00c4l\u00e4 altista tuotetta suoralle auringonvalolle tai aseta sit\u00e4 kosteaan ymp\u00e4rist\u00f6\u00f6n. &#8211; Tuote ei saa joutua kosketuksiin ter\u00e4vien esineiden kanssa.- Suosittelemme pesem\u00e4\u00e4n t\u00e4m\u00e4n tuotteen k\u00e4sin. &#8211; Koiranpeti ei ole purulelu nelijalkaisille yst\u00e4villesi; est\u00e4 koiraasi puremasta peti\u00e4. &#8211; Koiranpetimme on taitettu pakkausmieless\u00e4. Siksi se voi palautua normaaliin muotoonsa vasta 2\u20133 p\u00e4iv\u00e4n kuluttua. Saumojen vuoksi t\u00e4m\u00e4n tyyppiset tuotteet voivat poiketa ilmoittamistamme mitoista jopa 3 cm. &#8211; \u00c4l\u00e4 k\u00e4yt\u00e4 t\u00e4t\u00e4 tuotetta yli 40 \u00baC:n l\u00e4mp\u00f6tilassa. Jos lattiassa on l\u00e4mmitys, k\u00e4yt\u00e4 lis\u00e4ksi alustaa.<\/p>\n","protected":false},"excerpt":{"rendered":"<p>Feandrea koiranpeti, koiranpeti k\u00e4\u00e4nnett\u00e4v\u00e4ll\u00e4 tyynyll\u00e4, 65 x 55 x 20 cm, ruskea PGW03Z<\/p>\n","protected":false},"featured_media":45364,"comment_status":"open","ping_status":"closed","template":"","meta":[],"product_brand":[],"product_cat":[32],"product_tag":[],"class_list":{"0":"post-37485","1":"product","2":"type-product","3":"status-publish","4":"has-post-thumbnail","6":"product_cat-uncategorized-fi","8":"first","9":"instock","10":"shipping-taxable","11":"purchasable","12":"product-type-simple"},"_links":{"self":[{"href":"https:\/\/nordicmart.andreevmaster.com\/fi\/wp-json\/wp\/v2\/product\/37485","targetHints":{"allow":["GET"]}}],"collection":[{"href":"https:\/\/nordicmart.andreevmaster.com\/fi\/wp-json\/wp\/v2\/product"}],"about":[{"href":"https:\/\/nordicmart.andreevmaster.com\/fi\/wp-json\/wp\/v2\/types\/product"}],"replies":[{"embeddable":true,"href":"https:\/\/nordicmart.andreevmaster.com\/fi\/wp-json\/wp\/v2\/comments?post=37485"}],"wp:featuredmedia":[{"embeddable":true,"href":"https:\/\/nordicmart.andreevmaster.com\/fi\/wp-json\/wp\/v2\/media\/45364"}],"wp:attachment":[{"href":"https:\/\/nordicmart.andreevmaster.com\/fi\/wp-json\/wp\/v2\/media?parent=37485"}],"wp:term":[{"taxonomy":"product_brand","embeddable":true,"href":"https:\/\/nordicmart.andreevmaster.com\/fi\/wp-json\/wp\/v2\/product_brand?post=37485"},{"taxonomy":"product_cat","embeddable":true,"href":"https:\/\/nordicmart.andreevmaster.com\/fi\/wp-json\/wp\/v2\/product_cat?post=37485"},{"taxonomy":"product_tag","embeddable":true,"href":"https:\/\/nordicmart.andreevmaster.com\/fi\/wp-json\/wp\/v2\/product_tag?post=37485"}],"curies":[{"name":"wp","href":"https:\/\/api.w.org\/{rel}","templated":true}]}}