{"id":37484,"date":"2026-02-27T00:39:25","date_gmt":"2026-02-27T00:39:25","guid":{"rendered":"https:\/\/nordicmart.andreevmaster.com\/product\/hundeseng-med-sort-betraek-2\/"},"modified":"2026-02-27T09:56:01","modified_gmt":"2026-02-27T09:56:01","slug":"hundeseng-med-sort-betraek-2","status":"publish","type":"product","link":"https:\/\/nordicmart.andreevmaster.com\/fi\/tuote\/hundeseng-med-sort-betraek-2\/","title":{"rendered":"Hundeseng med sort betr\u00e6k"},"content":{"rendered":"<p>T\u00e4m\u00e4n koiranpetin kohdalla ei ole kyse laadusta tai tyylist\u00e4, sill\u00e4 se yhdist\u00e4\u00e4 molemmat. Ulkopuolella oleva kest\u00e4v\u00e4 Oxford-kangas kest\u00e4\u00e4 kovimmatkin tassut, mutta tyylik\u00e4s musta kangas tekee koiranpetist\u00e4 my\u00f6s tyylikk\u00e4\u00e4n huonekalun. Turvallinen paikka T\u00e4m\u00e4n koiranpetin korotetut reunat varmistavat, ett\u00e4 nelijalkainen yst\u00e4v\u00e4si tuntee olonsa turvalliseksi joka puolelta. Ennen kaikkea korkeat sein\u00e4t ja erinomainen pehmuste pit\u00e4v\u00e4t vedon ja kylm\u00e4t lattiat poissa. Puuttuuko koiraltasi viel\u00e4 mukava s\u00e4nky? &#8211; Anna sille lahjaksi t\u00e4m\u00e4 koirankori, joka sopii jopa 15 kg painaville el\u00e4imille. Tuotetiedot: &#8211; V\u00e4ri: musta &#8211; Materiaali: 150D Oxford-kangas, fleece, polypropeenit\u00e4yte &#8211; Koko: 65 x 55 x 20 cm (P x L x K) &#8211; Paino: 1,3 kg Toimitus sis\u00e4lt\u00e4\u00e4: &#8211; 1 x koiranpeti FEANDREA Huomautukset: &#8211; \u00c4l\u00e4 altista tuotetta suoralle auringonvalolle tai sijoita sit\u00e4 kosteaan ymp\u00e4rist\u00f6\u00f6n. Tuote ei saa joutua kosketuksiin ter\u00e4vien esineiden kanssa.- Suosittelemme pesem\u00e4\u00e4n t\u00e4m\u00e4n tuotteen k\u00e4sin.- Koiranpeti ei ole purulelu nelijalkaisille yst\u00e4villesi; v\u00e4lt\u00e4 koiran puremista petiin.- Koiranpetimme on taitettu pakkausta varten. Siksi on mahdollista, ett\u00e4 se palaa normaaliin muotoonsa vasta 2-3 p\u00e4iv\u00e4n kuluttua. Ompeluvaran vuoksi t\u00e4m\u00e4n tyyppiset tuotteet voivat poiketa jopa 3 cm ilmoittamistamme mitoista. &#8211; \u00c4l\u00e4 k\u00e4yt\u00e4 t\u00e4t\u00e4 tuotetta yli 40 \u00baC:n l\u00e4mp\u00f6l\u00e4hteiden l\u00e4hell\u00e4. Jos sinulla on lattial\u00e4mmitys, k\u00e4yt\u00e4 my\u00f6s alustaa.<\/p>\n","protected":false},"excerpt":{"rendered":"<p>T\u00e4m\u00e4n koiranpetin kohdalla ei ole kyse laadusta tai tyylist\u00e4, sill\u00e4 se yhdist\u00e4\u00e4 molemmat. Ulkopuolella oleva kest\u00e4v\u00e4 Oxford-kangas kest\u00e4\u00e4 kovimmatkin tassut, mutta tyylik\u00e4s musta kangas tekee koiranpetist\u00e4 my\u00f6s tyylikk\u00e4\u00e4n huonekalun. Turvallinen paikka T\u00e4m\u00e4n koiranpetin korotetut reunat varmistavat, ett\u00e4 nelijalkainen yst\u00e4v\u00e4si tuntee olonsa turvalliseksi joka puolelta. Ennen kaikkea korkeat sein\u00e4t ja erinomainen pehmuste pit\u00e4v\u00e4t vedon ja kylm\u00e4t [&hellip;]<\/p>\n","protected":false},"featured_media":0,"comment_status":"open","ping_status":"closed","template":"","meta":[],"product_brand":[],"product_cat":[32],"product_tag":[],"class_list":{"0":"post-37484","1":"product","2":"type-product","3":"status-publish","5":"product_cat-uncategorized-fi","7":"first","8":"instock","9":"shipping-taxable","10":"product-type-simple"},"_links":{"self":[{"href":"https:\/\/nordicmart.andreevmaster.com\/fi\/wp-json\/wp\/v2\/product\/37484","targetHints":{"allow":["GET"]}}],"collection":[{"href":"https:\/\/nordicmart.andreevmaster.com\/fi\/wp-json\/wp\/v2\/product"}],"about":[{"href":"https:\/\/nordicmart.andreevmaster.com\/fi\/wp-json\/wp\/v2\/types\/product"}],"replies":[{"embeddable":true,"href":"https:\/\/nordicmart.andreevmaster.com\/fi\/wp-json\/wp\/v2\/comments?post=37484"}],"wp:attachment":[{"href":"https:\/\/nordicmart.andreevmaster.com\/fi\/wp-json\/wp\/v2\/media?parent=37484"}],"wp:term":[{"taxonomy":"product_brand","embeddable":true,"href":"https:\/\/nordicmart.andreevmaster.com\/fi\/wp-json\/wp\/v2\/product_brand?post=37484"},{"taxonomy":"product_cat","embeddable":true,"href":"https:\/\/nordicmart.andreevmaster.com\/fi\/wp-json\/wp\/v2\/product_cat?post=37484"},{"taxonomy":"product_tag","embeddable":true,"href":"https:\/\/nordicmart.andreevmaster.com\/fi\/wp-json\/wp\/v2\/product_tag?post=37484"}],"curies":[{"name":"wp","href":"https:\/\/api.w.org\/{rel}","templated":true}]}}