{"id":37482,"date":"2026-02-27T00:39:24","date_gmt":"2026-02-27T00:39:24","guid":{"rendered":"https:\/\/nordicmart.andreevmaster.com\/product\/feandrea-kissanpeti-pestava-pitka-nukka-vaaleanpunainen\/"},"modified":"2026-02-27T09:56:00","modified_gmt":"2026-02-27T09:56:00","slug":"feandrea-kissanpeti-pestava-pitka-nukka-vaaleanpunainen","status":"publish","type":"product","link":"https:\/\/nordicmart.andreevmaster.com\/fi\/tuote\/feandrea-kissanpeti-pestava-pitka-nukka-vaaleanpunainen\/","title":{"rendered":"Feandrea kissanpeti, pest\u00e4v\u00e4, pitk\u00e4 nukka, vaaleanpunainen"},"content":{"rendered":"<p>Feandrea koiranpeti, kissanpeti, pehme\u00e4 PV-samettipinta, 70 cm, harmaa PGW039G01<br \/>\nV\u00e4ri: vaaleanpunainen<br \/>\nMateriaali: Pehme\u00e4, PP-t\u00e4yte<br \/>\nKoko: 70 x 20 cm (\u00d8 x K)<br \/>\nPaino: 1,4 kg<\/p>\n","protected":false},"excerpt":{"rendered":"<p>Feandrea koiranpeti, kissanpeti, pehme\u00e4 PV-samettipinta, 70 cm, harmaa PGW039G01<\/p>\n","protected":false},"featured_media":45362,"comment_status":"open","ping_status":"closed","template":"","meta":[],"product_brand":[],"product_cat":[32],"product_tag":[],"class_list":{"0":"post-37482","1":"product","2":"type-product","3":"status-publish","4":"has-post-thumbnail","6":"product_cat-uncategorized-fi","8":"first","9":"instock","10":"shipping-taxable","11":"purchasable","12":"product-type-simple"},"_links":{"self":[{"href":"https:\/\/nordicmart.andreevmaster.com\/fi\/wp-json\/wp\/v2\/product\/37482","targetHints":{"allow":["GET"]}}],"collection":[{"href":"https:\/\/nordicmart.andreevmaster.com\/fi\/wp-json\/wp\/v2\/product"}],"about":[{"href":"https:\/\/nordicmart.andreevmaster.com\/fi\/wp-json\/wp\/v2\/types\/product"}],"replies":[{"embeddable":true,"href":"https:\/\/nordicmart.andreevmaster.com\/fi\/wp-json\/wp\/v2\/comments?post=37482"}],"wp:featuredmedia":[{"embeddable":true,"href":"https:\/\/nordicmart.andreevmaster.com\/fi\/wp-json\/wp\/v2\/media\/45362"}],"wp:attachment":[{"href":"https:\/\/nordicmart.andreevmaster.com\/fi\/wp-json\/wp\/v2\/media?parent=37482"}],"wp:term":[{"taxonomy":"product_brand","embeddable":true,"href":"https:\/\/nordicmart.andreevmaster.com\/fi\/wp-json\/wp\/v2\/product_brand?post=37482"},{"taxonomy":"product_cat","embeddable":true,"href":"https:\/\/nordicmart.andreevmaster.com\/fi\/wp-json\/wp\/v2\/product_cat?post=37482"},{"taxonomy":"product_tag","embeddable":true,"href":"https:\/\/nordicmart.andreevmaster.com\/fi\/wp-json\/wp\/v2\/product_tag?post=37482"}],"curies":[{"name":"wp","href":"https:\/\/api.w.org\/{rel}","templated":true}]}}